{"id":90,"date":"2020-04-06T20:36:41","date_gmt":"2020-04-06T20:36:41","guid":{"rendered":"https:\/\/loquedeverdadimporta.film\/LQDVI-POR\/?page_id=90"},"modified":"2020-04-06T22:19:43","modified_gmt":"2020-04-06T22:19:43","slug":"fundacao-o-que-de-verdade-importa","status":"publish","type":"page","link":"https:\/\/loquedeverdadimporta.film\/LQDVI-POR\/fundacao-o-que-de-verdade-importa\/","title":{"rendered":"Funda\u00e7ao O Que De Verdade Importa"},"content":{"rendered":"\t\t<div data-elementor-type=\"wp-page\" data-elementor-id=\"90\" class=\"elementor elementor-90\">\n\t\t\t\t\t\t<section class=\"elementor-section elementor-top-section elementor-element elementor-element-76943ed elementor-section-boxed elementor-section-height-default elementor-section-height-default\" data-id=\"76943ed\" data-element_type=\"section\">\n\t\t\t\t\t\t<div class=\"elementor-container elementor-column-gap-default\">\n\t\t\t\t\t<div class=\"elementor-column elementor-col-100 elementor-top-column elementor-element elementor-element-dfb3128\" data-id=\"dfb3128\" data-element_type=\"column\">\n\t\t\t<div class=\"elementor-widget-wrap elementor-element-populated\">\n\t\t\t\t\t\t<div class=\"elementor-element elementor-element-11deee0 elementor-widget elementor-widget-image\" data-id=\"11deee0\" data-element_type=\"widget\" data-widget_type=\"image.default\">\n\t\t\t\t<div class=\"elementor-widget-container\">\n\t\t\t\t\t\t\t\t\t\t\t\t\t<img fetchpriority=\"high\" decoding=\"async\" width=\"228\" height=\"240\" src=\"https:\/\/loquedeverdadimporta.film\/LQDVI-POR\/wp-content\/uploads\/2020\/04\/lqdvi.png\" class=\"attachment-medium_large size-medium_large wp-image-148\" alt=\"\" sizes=\"100vw\" \/>\t\t\t\t\t\t\t\t\t\t\t\t\t<\/div>\n\t\t\t\t<\/div>\n\t\t\t\t<div class=\"elementor-element elementor-element-83f4548 elementor-widget elementor-widget-spacer\" data-id=\"83f4548\" data-element_type=\"widget\" data-widget_type=\"spacer.default\">\n\t\t\t\t<div class=\"elementor-widget-container\">\n\t\t\t\t\t<div class=\"elementor-spacer\">\n\t\t\t<div class=\"elementor-spacer-inner\"><\/div>\n\t\t<\/div>\n\t\t\t\t<\/div>\n\t\t\t\t<\/div>\n\t\t\t\t<div class=\"elementor-element elementor-element-96128dc elementor-widget elementor-widget-text-editor\" data-id=\"96128dc\" data-element_type=\"widget\" data-widget_type=\"text-editor.default\">\n\t\t\t\t<div class=\"elementor-widget-container\">\n\t\t\t\t\t\t\t<p>Fundada em 2007 em Madrid, a\u00a0<a href=\"https:\/\/www.loquedeverdadimporta.org\/pt-pt\/\" target=\"_blank\" rel=\"noopener\">Funda\u00e7\u00e3o<\/a>\u00a0tem como objetivo promover o desenvolvimento a difus\u00e3o dos valores humanos, \u00e9ticos e morais universais para o p\u00fablico em geral principalmente por meio do desenvolvimento de atividades culturais. A Funda\u00e7\u00e3o dedica-se \u00e0 realiza\u00e7\u00e3o de congressos que tenham como objetivo a transmiss\u00e3o de valores \u00e0s novas gera\u00e7\u00f5es, atrav\u00e9s de testemunhos poderosos e transformadores de pessoas que viveram situa\u00e7\u00f5es radicais ou passaram por experi\u00eancias dram\u00e1ticas tais como cat\u00e1strofes naturais, grandes acidentes, perdas irrepar\u00e1veis ou crises graves. As suas narrativas de supera\u00e7\u00e3o em circunst\u00e2ncias t\u00e3o adversas e inesperadas s\u00e3o sempre muito inspiradoras e interpelam a novas maneiras de agir. Abrem perspetivas incr\u00edveis sobre o ser humano e s\u00e3o, ao mesmo tempo, de uma alegria contagiante e, de certa forma, inesperada. Os oradores de todos estes congressos enchem sempre as audi\u00eancias de confian\u00e7a e esperan\u00e7a atrav\u00e9s dos seus exemplos de vida. O seu testemunho real \u00e9 sempre transmitido com esp\u00edrito positivo e essa marca construtiva nunca mais se esquece. Os congressos realizam-se h\u00e1 sete anos em oito das principais cidades de Espanha, bem como em pa\u00edses como o M\u00e9xico, Equador e Portugal.<\/p>\t\t\t\t\t\t<\/div>\n\t\t\t\t<\/div>\n\t\t\t\t\t<\/div>\n\t\t<\/div>\n\t\t\t\t\t<\/div>\n\t\t<\/section>\n\t\t\t\t<\/div>\n\t\t","protected":false},"excerpt":{"rendered":"<p>Fundada em 2007 em Madrid, a\u00a0Funda\u00e7\u00e3o\u00a0tem como objetivo promover o desenvolvimento a difus\u00e3o dos valores humanos, \u00e9ticos e morais universais para o p\u00fablico em geral principalmente por meio do desenvolvimento de atividades culturais. A Funda\u00e7\u00e3o dedica-se \u00e0 realiza\u00e7\u00e3o de congressos que tenham como objetivo a transmiss\u00e3o de valores \u00e0s novas gera\u00e7\u00f5es, atrav\u00e9s de testemunhos poderosos &hellip; <\/p>\n<p class=\"link-more\"><a href=\"https:\/\/loquedeverdadimporta.film\/LQDVI-POR\/fundacao-o-que-de-verdade-importa\/\" class=\"more-link\">Continuar leyendo<span class=\"screen-reader-text\"> \u00abFunda\u00e7ao O Que De Verdade Importa\u00bb<\/span><\/a><\/p>\n","protected":false},"author":1,"featured_media":0,"parent":0,"menu_order":0,"comment_status":"closed","ping_status":"closed","template":"elementor_canvas","meta":{"footnotes":""},"_links":{"self":[{"href":"https:\/\/loquedeverdadimporta.film\/LQDVI-POR\/wp-json\/wp\/v2\/pages\/90"}],"collection":[{"href":"https:\/\/loquedeverdadimporta.film\/LQDVI-POR\/wp-json\/wp\/v2\/pages"}],"about":[{"href":"https:\/\/loquedeverdadimporta.film\/LQDVI-POR\/wp-json\/wp\/v2\/types\/page"}],"author":[{"embeddable":true,"href":"https:\/\/loquedeverdadimporta.film\/LQDVI-POR\/wp-json\/wp\/v2\/users\/1"}],"replies":[{"embeddable":true,"href":"https:\/\/loquedeverdadimporta.film\/LQDVI-POR\/wp-json\/wp\/v2\/comments?post=90"}],"version-history":[{"count":4,"href":"https:\/\/loquedeverdadimporta.film\/LQDVI-POR\/wp-json\/wp\/v2\/pages\/90\/revisions"}],"predecessor-version":[{"id":163,"href":"https:\/\/loquedeverdadimporta.film\/LQDVI-POR\/wp-json\/wp\/v2\/pages\/90\/revisions\/163"}],"wp:attachment":[{"href":"https:\/\/loquedeverdadimporta.film\/LQDVI-POR\/wp-json\/wp\/v2\/media?parent=90"}],"curies":[{"name":"wp","href":"https:\/\/api.w.org\/{rel}","templated":true}]}}