{"id":85,"date":"2020-04-06T20:34:51","date_gmt":"2020-04-06T20:34:51","guid":{"rendered":"https:\/\/loquedeverdadimporta.film\/LQDVI-POR\/?page_id=85"},"modified":"2020-04-15T11:34:52","modified_gmt":"2020-04-15T11:34:52","slug":"ipo-de-lisboa","status":"publish","type":"page","link":"https:\/\/loquedeverdadimporta.film\/LQDVI-POR\/ipo-de-lisboa\/","title":{"rendered":"IPO de Lisboa"},"content":{"rendered":"\t\t<div data-elementor-type=\"wp-page\" data-elementor-id=\"85\" class=\"elementor elementor-85\">\n\t\t\t\t\t\t<section class=\"elementor-section elementor-top-section elementor-element elementor-element-76943ed elementor-section-boxed elementor-section-height-default elementor-section-height-default\" data-id=\"76943ed\" data-element_type=\"section\">\n\t\t\t\t\t\t<div class=\"elementor-container elementor-column-gap-default\">\n\t\t\t\t\t<div class=\"elementor-column elementor-col-100 elementor-top-column elementor-element elementor-element-dfb3128\" data-id=\"dfb3128\" data-element_type=\"column\">\n\t\t\t<div class=\"elementor-widget-wrap elementor-element-populated\">\n\t\t\t\t\t\t<div class=\"elementor-element elementor-element-11deee0 elementor-widget elementor-widget-image\" data-id=\"11deee0\" data-element_type=\"widget\" data-widget_type=\"image.default\">\n\t\t\t\t<div class=\"elementor-widget-container\">\n\t\t\t\t\t\t\t\t\t\t\t\t\t<img fetchpriority=\"high\" decoding=\"async\" width=\"750\" height=\"500\" src=\"https:\/\/loquedeverdadimporta.film\/LQDVI-POR\/wp-content\/uploads\/2020\/04\/static1.squarespace.jpg\" class=\"attachment-1536x1536 size-1536x1536 wp-image-151\" alt=\"\" srcset=\"https:\/\/loquedeverdadimporta.film\/LQDVI-POR\/wp-content\/uploads\/2020\/04\/static1.squarespace.jpg 750w, https:\/\/loquedeverdadimporta.film\/LQDVI-POR\/wp-content\/uploads\/2020\/04\/static1.squarespace-300x200.jpg 300w\" sizes=\"100vw\" \/>\t\t\t\t\t\t\t\t\t\t\t\t\t<\/div>\n\t\t\t\t<\/div>\n\t\t\t\t<div class=\"elementor-element elementor-element-83f4548 elementor-widget elementor-widget-spacer\" data-id=\"83f4548\" data-element_type=\"widget\" data-widget_type=\"spacer.default\">\n\t\t\t\t<div class=\"elementor-widget-container\">\n\t\t\t\t\t<div class=\"elementor-spacer\">\n\t\t\t<div class=\"elementor-spacer-inner\"><\/div>\n\t\t<\/div>\n\t\t\t\t<\/div>\n\t\t\t\t<\/div>\n\t\t\t\t<div class=\"elementor-element elementor-element-ecd4cd8 elementor-widget elementor-widget-heading\" data-id=\"ecd4cd8\" data-element_type=\"widget\" data-widget_type=\"heading.default\">\n\t\t\t\t<div class=\"elementor-widget-container\">\n\t\t\t<h2 class=\"elementor-heading-title elementor-size-default\">UMA NOVA UNIDADE DE TRANSPLANTE DE MEDULA PARA TRANSPLANTAR MAIS DOENTES NAS MELHORES CONDI\u00c7\u00d5ES<\/h2>\t\t<\/div>\n\t\t\t\t<\/div>\n\t\t\t\t<div class=\"elementor-element elementor-element-96128dc elementor-widget elementor-widget-text-editor\" data-id=\"96128dc\" data-element_type=\"widget\" data-widget_type=\"text-editor.default\">\n\t\t\t\t<div class=\"elementor-widget-container\">\n\t\t\t\t\t\t\t<p>A\u00a0<a href=\"http:\/\/www.ipolisboa.min-saude.pt\/Default.aspx?Tag=CONTENT&amp;ContentId=12561\" target=\"_blank\" rel=\"noopener\">Unidade de Transplante de Medula (UTM) do IPO de Lisboa<\/a>, a primeira criada no pa\u00eds em 1987, \u00e9 um centro altamente diferenciado e especializado na colheita e transplanta\u00e7\u00e3o de c\u00e9lulas da medula, o \u00fanico procedimento que permite tratar pessoas com determinado tipo de leucemias e outras doen\u00e7as graves do sangue e do sistema imunit\u00e1rio. Ao longo de quase trinta anos, o IPO Lisboa foi pioneiro em todos os aspetos de transplanta\u00e7\u00e3o e \u00e9 o centro com maior n\u00famero de transplantes realizados, recebendo doentes da grande Lisboa, das regi\u00f5es centro e sul do pa\u00eds, ilhas e Pa\u00edses Africanos de l\u00edngua Oficial Portuguesa.<\/p><p>O IPO de Lisboa quer continuar a manter-se na vanguarda da atividade m\u00e9dica, cient\u00edfica e assistencial, salvaguardando a capacidade para responder em tempo \u00fatil \u00e0s necessidades dos doentes que precisam de ser transplantados. Para isso, necessita de aumentar e melhorar a capacidade instalada do Servi\u00e7o (n\u00famero de camas) e os n\u00edveis de conforto e seguran\u00e7a dos doentes.<\/p><p>Atualmente, a UTM tem sete quartos individuais, com cerca de sete metros quadrados cada, que proporcionam pouca privacidade a doentes e familiares. Com esta estrutura, o servi\u00e7o n\u00e3o consegue realizar mais de cem transplantes por ano, o que \u00e9 manifestamente insuficiente atendendo ao aumento do n\u00famero de novos doentes com indica\u00e7\u00e3o cl\u00ednica para transplante de medula.<\/p><p>A resolu\u00e7\u00e3o destes problemas passa pelo aumento da capacidade de resposta UTM, com a constru\u00e7\u00e3o de uma nova unidade de internamento para doentes transplantados. As obras j\u00e1 est\u00e3o em curso. A UTM do IPO Lisboa ser\u00e1 aumentada para 12 quartos de isolamento, com os mais altos n\u00edveis de seguran\u00e7a e conforto para os doentes, e as melhores condi\u00e7\u00f5es de trabalho para os profissionais de sa\u00fade.<\/p><p>Com a sua ajuda vamos conseguir concretizar este sonho.<\/p>\t\t\t\t\t\t<\/div>\n\t\t\t\t<\/div>\n\t\t\t\t<section class=\"elementor-section elementor-inner-section elementor-element elementor-element-d05e850 elementor-section-boxed elementor-section-height-default elementor-section-height-default\" data-id=\"d05e850\" data-element_type=\"section\">\n\t\t\t\t\t\t<div class=\"elementor-container elementor-column-gap-default\">\n\t\t\t\t\t<div class=\"elementor-column elementor-col-50 elementor-inner-column elementor-element elementor-element-fb059e1\" data-id=\"fb059e1\" data-element_type=\"column\">\n\t\t\t<div class=\"elementor-widget-wrap elementor-element-populated\">\n\t\t\t\t\t\t<div class=\"elementor-element elementor-element-571c5d1 elementor-widget elementor-widget-image\" data-id=\"571c5d1\" data-element_type=\"widget\" data-widget_type=\"image.default\">\n\t\t\t\t<div class=\"elementor-widget-container\">\n\t\t\t\t\t\t\t\t\t\t\t\t\t<img decoding=\"async\" width=\"500\" height=\"333\" src=\"https:\/\/loquedeverdadimporta.film\/LQDVI-POR\/wp-content\/uploads\/2020\/04\/static1.squarespace-1.jpg\" class=\"attachment-large size-large wp-image-153\" alt=\"\" srcset=\"https:\/\/loquedeverdadimporta.film\/LQDVI-POR\/wp-content\/uploads\/2020\/04\/static1.squarespace-1.jpg 500w, https:\/\/loquedeverdadimporta.film\/LQDVI-POR\/wp-content\/uploads\/2020\/04\/static1.squarespace-1-300x200.jpg 300w\" sizes=\"100vw\" \/>\t\t\t\t\t\t\t\t\t\t\t\t\t<\/div>\n\t\t\t\t<\/div>\n\t\t\t\t\t<\/div>\n\t\t<\/div>\n\t\t\t\t<div class=\"elementor-column elementor-col-50 elementor-inner-column elementor-element elementor-element-2651e21\" data-id=\"2651e21\" data-element_type=\"column\">\n\t\t\t<div class=\"elementor-widget-wrap elementor-element-populated\">\n\t\t\t\t\t\t<div class=\"elementor-element elementor-element-fe47d34 elementor-widget elementor-widget-image\" data-id=\"fe47d34\" data-element_type=\"widget\" data-widget_type=\"image.default\">\n\t\t\t\t<div class=\"elementor-widget-container\">\n\t\t\t\t\t\t\t\t\t\t\t\t\t<img decoding=\"async\" width=\"500\" height=\"332\" src=\"https:\/\/loquedeverdadimporta.film\/LQDVI-POR\/wp-content\/uploads\/2020\/04\/pediatria_IPOLisboa9.jpg\" class=\"attachment-large size-large wp-image-152\" alt=\"\" srcset=\"https:\/\/loquedeverdadimporta.film\/LQDVI-POR\/wp-content\/uploads\/2020\/04\/pediatria_IPOLisboa9.jpg 500w, https:\/\/loquedeverdadimporta.film\/LQDVI-POR\/wp-content\/uploads\/2020\/04\/pediatria_IPOLisboa9-300x199.jpg 300w\" sizes=\"100vw\" \/>\t\t\t\t\t\t\t\t\t\t\t\t\t<\/div>\n\t\t\t\t<\/div>\n\t\t\t\t\t<\/div>\n\t\t<\/div>\n\t\t\t\t\t<\/div>\n\t\t<\/section>\n\t\t\t\t\t<\/div>\n\t\t<\/div>\n\t\t\t\t\t<\/div>\n\t\t<\/section>\n\t\t\t\t<\/div>\n\t\t","protected":false},"excerpt":{"rendered":"<p>UMA NOVA UNIDADE DE TRANSPLANTE DE MEDULA PARA TRANSPLANTAR MAIS DOENTES NAS MELHORES CONDI\u00c7\u00d5ES A\u00a0Unidade de Transplante de Medula (UTM) do IPO de Lisboa, a primeira criada no pa\u00eds em 1987, \u00e9 um centro altamente diferenciado e especializado na colheita e transplanta\u00e7\u00e3o de c\u00e9lulas da medula, o \u00fanico procedimento que permite tratar pessoas com determinado &hellip; <\/p>\n<p class=\"link-more\"><a href=\"https:\/\/loquedeverdadimporta.film\/LQDVI-POR\/ipo-de-lisboa\/\" class=\"more-link\">Continuar leyendo<span class=\"screen-reader-text\"> \u00abIPO de Lisboa\u00bb<\/span><\/a><\/p>\n","protected":false},"author":1,"featured_media":0,"parent":0,"menu_order":0,"comment_status":"closed","ping_status":"closed","template":"elementor_canvas","meta":{"footnotes":""},"_links":{"self":[{"href":"https:\/\/loquedeverdadimporta.film\/LQDVI-POR\/wp-json\/wp\/v2\/pages\/85"}],"collection":[{"href":"https:\/\/loquedeverdadimporta.film\/LQDVI-POR\/wp-json\/wp\/v2\/pages"}],"about":[{"href":"https:\/\/loquedeverdadimporta.film\/LQDVI-POR\/wp-json\/wp\/v2\/types\/page"}],"author":[{"embeddable":true,"href":"https:\/\/loquedeverdadimporta.film\/LQDVI-POR\/wp-json\/wp\/v2\/users\/1"}],"replies":[{"embeddable":true,"href":"https:\/\/loquedeverdadimporta.film\/LQDVI-POR\/wp-json\/wp\/v2\/comments?post=85"}],"version-history":[{"count":8,"href":"https:\/\/loquedeverdadimporta.film\/LQDVI-POR\/wp-json\/wp\/v2\/pages\/85\/revisions"}],"predecessor-version":[{"id":184,"href":"https:\/\/loquedeverdadimporta.film\/LQDVI-POR\/wp-json\/wp\/v2\/pages\/85\/revisions\/184"}],"wp:attachment":[{"href":"https:\/\/loquedeverdadimporta.film\/LQDVI-POR\/wp-json\/wp\/v2\/media?parent=85"}],"curies":[{"name":"wp","href":"https:\/\/api.w.org\/{rel}","templated":true}]}}