{"id":80,"date":"2020-04-06T20:32:16","date_gmt":"2020-04-06T20:32:16","guid":{"rendered":"https:\/\/loquedeverdadimporta.film\/LQDVI-POR\/?page_id=80"},"modified":"2020-04-15T11:32:15","modified_gmt":"2020-04-15T11:32:15","slug":"camilla-luddington-cecilia","status":"publish","type":"page","link":"https:\/\/loquedeverdadimporta.film\/LQDVI-POR\/camilla-luddington-cecilia\/","title":{"rendered":"CAMILLA LUDDINGTON (CECILIA)"},"content":{"rendered":"\t\t<div data-elementor-type=\"wp-page\" data-elementor-id=\"80\" class=\"elementor elementor-80\">\n\t\t\t\t\t\t<section class=\"elementor-section elementor-top-section elementor-element elementor-element-76943ed elementor-section-boxed elementor-section-height-default elementor-section-height-default\" data-id=\"76943ed\" data-element_type=\"section\">\n\t\t\t\t\t\t<div class=\"elementor-container elementor-column-gap-default\">\n\t\t\t\t\t<div class=\"elementor-column elementor-col-100 elementor-top-column elementor-element elementor-element-dfb3128\" data-id=\"dfb3128\" data-element_type=\"column\">\n\t\t\t<div class=\"elementor-widget-wrap elementor-element-populated\">\n\t\t\t\t\t\t<div class=\"elementor-element elementor-element-11deee0 elementor-widget elementor-widget-image\" data-id=\"11deee0\" data-element_type=\"widget\" data-widget_type=\"image.default\">\n\t\t\t\t<div class=\"elementor-widget-container\">\n\t\t\t\t\t\t\t\t\t\t\t\t\t<img fetchpriority=\"high\" decoding=\"async\" width=\"525\" height=\"350\" src=\"https:\/\/loquedeverdadimporta.film\/LQDVI-POR\/wp-content\/uploads\/2020\/04\/Camila-Luddington-1024x683.jpg\" class=\"attachment-large size-large wp-image-62\" alt=\"\" srcset=\"https:\/\/loquedeverdadimporta.film\/LQDVI-POR\/wp-content\/uploads\/2020\/04\/Camila-Luddington-1024x683.jpg 1024w, https:\/\/loquedeverdadimporta.film\/LQDVI-POR\/wp-content\/uploads\/2020\/04\/Camila-Luddington-300x200.jpg 300w, https:\/\/loquedeverdadimporta.film\/LQDVI-POR\/wp-content\/uploads\/2020\/04\/Camila-Luddington-768x513.jpg 768w, https:\/\/loquedeverdadimporta.film\/LQDVI-POR\/wp-content\/uploads\/2020\/04\/Camila-Luddington.jpg 1500w\" sizes=\"100vw\" \/>\t\t\t\t\t\t\t\t\t\t\t\t\t<\/div>\n\t\t\t\t<\/div>\n\t\t\t\t<div class=\"elementor-element elementor-element-5510c30 elementor-widget elementor-widget-spacer\" data-id=\"5510c30\" data-element_type=\"widget\" data-widget_type=\"spacer.default\">\n\t\t\t\t<div class=\"elementor-widget-container\">\n\t\t\t\t\t<div class=\"elementor-spacer\">\n\t\t\t<div class=\"elementor-spacer-inner\"><\/div>\n\t\t<\/div>\n\t\t\t\t<\/div>\n\t\t\t\t<\/div>\n\t\t\t\t<div class=\"elementor-element elementor-element-f02f067 elementor-widget elementor-widget-heading\" data-id=\"f02f067\" data-element_type=\"widget\" data-widget_type=\"heading.default\">\n\t\t\t\t<div class=\"elementor-widget-container\">\n\t\t\t<h2 class=\"elementor-heading-title elementor-size-default\">CAMILLA LUDDINGTON (CECILIA)<\/h2>\t\t<\/div>\n\t\t\t\t<\/div>\n\t\t\t\t<div class=\"elementor-element elementor-element-96128dc elementor-widget elementor-widget-text-editor\" data-id=\"96128dc\" data-element_type=\"widget\" data-widget_type=\"text-editor.default\">\n\t\t\t\t<div class=\"elementor-widget-container\">\n\t\t\t\t\t\t\t<p>Camilla Luddington nasceu h\u00e1 32 anos no seio de uma fam\u00edlia de classe m\u00e9dia em Berkshire, no sudeste da Inglaterra. Depois de estudar num col\u00e9gio feminino em Ascot, a sua cidade natal, mudou-se com a fam\u00edlia para Austin, Texas, nos Estados Unidos, aos 14 anos.<\/p><p>Depois de v\u00e1rios pap\u00e9is espor\u00e1dicos em s\u00e9ries como\u00a0<em>CSI<\/em>\u00a0ou\u00a0<em>Days of Our Lives<\/em>, em 2011 come\u00e7a a tornar-se popular nos meios de comunica\u00e7\u00e3o depois de ser escolhida para interpretar Kate Middleton em William &amp; Kate: uma hist\u00f3ria real, uma s\u00e9rie que conta a hist\u00f3ria do romance entre o Pr\u00edncipe Guillermo da Inglaterra e a atual Duquesa de Cambridge. Depois vieram pap\u00e9is fixos nas s\u00e9ries\u00a0<em>Californication<\/em>,\u00a0<em>True Blood<\/em>\u00a0e\u00a0<em>Anatomia de Grey<\/em>, s\u00e9rie na qual interpreta a residente Jo Wilson e onde come\u00e7ou com um papel espor\u00e1dico para transitar depois para um personagem fixo, nas \u00faltimas temporadas.<\/p><p>Em 2012, a empresa Crystal Dynamics confirmou que a atriz daria voz e movimento \u00e0 arque\u00f3loga Lara Croft no novo lan\u00e7amento da saga, transformando-se assim na protagonista dos videojogos\u00a0<em>Tomb Raider<\/em>\u00a0(2013) e a sequela de\u00a0<em>The rise of the Tomb Raider<\/em>\u00a0(2015).<\/p>\t\t\t\t\t\t<\/div>\n\t\t\t\t<\/div>\n\t\t\t\t\t<\/div>\n\t\t<\/div>\n\t\t\t\t\t<\/div>\n\t\t<\/section>\n\t\t\t\t<\/div>\n\t\t","protected":false},"excerpt":{"rendered":"<p>CAMILLA LUDDINGTON (CECILIA) Camilla Luddington nasceu h\u00e1 32 anos no seio de uma fam\u00edlia de classe m\u00e9dia em Berkshire, no sudeste da Inglaterra. Depois de estudar num col\u00e9gio feminino em Ascot, a sua cidade natal, mudou-se com a fam\u00edlia para Austin, Texas, nos Estados Unidos, aos 14 anos. Depois de v\u00e1rios pap\u00e9is espor\u00e1dicos em s\u00e9ries &hellip; <\/p>\n<p class=\"link-more\"><a href=\"https:\/\/loquedeverdadimporta.film\/LQDVI-POR\/camilla-luddington-cecilia\/\" class=\"more-link\">Continuar leyendo<span class=\"screen-reader-text\"> \u00abCAMILLA LUDDINGTON (CECILIA)\u00bb<\/span><\/a><\/p>\n","protected":false},"author":1,"featured_media":0,"parent":0,"menu_order":0,"comment_status":"closed","ping_status":"closed","template":"elementor_canvas","meta":{"footnotes":""},"_links":{"self":[{"href":"https:\/\/loquedeverdadimporta.film\/LQDVI-POR\/wp-json\/wp\/v2\/pages\/80"}],"collection":[{"href":"https:\/\/loquedeverdadimporta.film\/LQDVI-POR\/wp-json\/wp\/v2\/pages"}],"about":[{"href":"https:\/\/loquedeverdadimporta.film\/LQDVI-POR\/wp-json\/wp\/v2\/types\/page"}],"author":[{"embeddable":true,"href":"https:\/\/loquedeverdadimporta.film\/LQDVI-POR\/wp-json\/wp\/v2\/users\/1"}],"replies":[{"embeddable":true,"href":"https:\/\/loquedeverdadimporta.film\/LQDVI-POR\/wp-json\/wp\/v2\/comments?post=80"}],"version-history":[{"count":3,"href":"https:\/\/loquedeverdadimporta.film\/LQDVI-POR\/wp-json\/wp\/v2\/pages\/80\/revisions"}],"predecessor-version":[{"id":181,"href":"https:\/\/loquedeverdadimporta.film\/LQDVI-POR\/wp-json\/wp\/v2\/pages\/80\/revisions\/181"}],"wp:attachment":[{"href":"https:\/\/loquedeverdadimporta.film\/LQDVI-POR\/wp-json\/wp\/v2\/media?parent=80"}],"curies":[{"name":"wp","href":"https:\/\/api.w.org\/{rel}","templated":true}]}}