{"id":77,"date":"2020-04-06T20:32:31","date_gmt":"2020-04-06T20:32:31","guid":{"rendered":"https:\/\/loquedeverdadimporta.film\/LQDVI-POR\/?page_id=77"},"modified":"2020-04-06T22:05:47","modified_gmt":"2020-04-06T22:05:47","slug":"fundacion-aladina","status":"publish","type":"page","link":"https:\/\/loquedeverdadimporta.film\/LQDVI-POR\/fundacion-aladina\/","title":{"rendered":"Funda\u00e7ao Aladina"},"content":{"rendered":"\t\t<div data-elementor-type=\"wp-page\" data-elementor-id=\"77\" class=\"elementor elementor-77\">\n\t\t\t\t\t\t<section class=\"elementor-section elementor-top-section elementor-element elementor-element-76943ed elementor-section-boxed elementor-section-height-default elementor-section-height-default\" data-id=\"76943ed\" data-element_type=\"section\">\n\t\t\t\t\t\t<div class=\"elementor-container elementor-column-gap-default\">\n\t\t\t\t\t<div class=\"elementor-column elementor-col-100 elementor-top-column elementor-element elementor-element-dfb3128\" data-id=\"dfb3128\" data-element_type=\"column\">\n\t\t\t<div class=\"elementor-widget-wrap elementor-element-populated\">\n\t\t\t\t\t\t<div class=\"elementor-element elementor-element-11deee0 elementor-widget elementor-widget-image\" data-id=\"11deee0\" data-element_type=\"widget\" data-widget_type=\"image.default\">\n\t\t\t\t<div class=\"elementor-widget-container\">\n\t\t\t\t\t\t\t\t\t\t\t\t\t<img fetchpriority=\"high\" decoding=\"async\" width=\"525\" height=\"105\" src=\"https:\/\/loquedeverdadimporta.film\/LQDVI-POR\/wp-content\/uploads\/2020\/04\/logo-aladina-18.png\" class=\"attachment-medium_large size-medium_large wp-image-82\" alt=\"\" srcset=\"https:\/\/loquedeverdadimporta.film\/LQDVI-POR\/wp-content\/uploads\/2020\/04\/logo-aladina-18.png 600w, https:\/\/loquedeverdadimporta.film\/LQDVI-POR\/wp-content\/uploads\/2020\/04\/logo-aladina-18-300x60.png 300w\" sizes=\"100vw\" \/>\t\t\t\t\t\t\t\t\t\t\t\t\t<\/div>\n\t\t\t\t<\/div>\n\t\t\t\t<div class=\"elementor-element elementor-element-83f4548 elementor-widget elementor-widget-spacer\" data-id=\"83f4548\" data-element_type=\"widget\" data-widget_type=\"spacer.default\">\n\t\t\t\t<div class=\"elementor-widget-container\">\n\t\t\t\t\t<div class=\"elementor-spacer\">\n\t\t\t<div class=\"elementor-spacer-inner\"><\/div>\n\t\t<\/div>\n\t\t\t\t<\/div>\n\t\t\t\t<\/div>\n\t\t\t\t<div class=\"elementor-element elementor-element-96128dc elementor-widget elementor-widget-text-editor\" data-id=\"96128dc\" data-element_type=\"widget\" data-widget_type=\"text-editor.default\">\n\t\t\t\t<div class=\"elementor-widget-container\">\n\t\t\t\t\t\t\t<p>A\u00a0<a href=\"http:\/\/www.aladina.org\/\" target=\"_blank\" rel=\"noopener\">Funda\u00e7\u00e3o Aladina<\/a>\u00a0nasceu em 2005, mas come\u00e7ou a operar quatro anos antes, quando Paco Arango pediu a um amigo que encontrasse um projeto no qual ele pudesse \u201ccolocar a m\u00e3o na massa\u201d e doar o seu tempo para devolver parte da sorte que teve na vida. Com essa ideia na cabe\u00e7a, chegou numa quarta-feira \u00e0 tarde, no ano de 2001, ao Hospital Infantil \u201cNi\u00f1o Jes\u00fas\u201d em Madrid (Espanha) e ali ficou para sempre.<\/p><p>A Funda\u00e7\u00e3o Aladina proporciona apoio integral, por meio de assist\u00eancia psicol\u00f3gica, material e emocional, a crian\u00e7as e adolescentes com cancro e tamb\u00e9m \u00e0s suas fam\u00edlias. Para isso, conta com uma equipa de profissionais e volunt\u00e1rios que trabalham para amenizar o tempo que passam no hospital, ajudando a desligar e esquecer por algumas horas a doen\u00e7a e tamb\u00e9m ajudando-os a compreender a situa\u00e7\u00e3o que est\u00e3o a passar.<\/p><p>Atualmente, a funda\u00e7\u00e3o colabora com 12 hospitais em Espanha, ajudando mais de 1.500 crian\u00e7as por ano e contribuindo para melhorar as instala\u00e7\u00f5es hospitalares dos centros com os quais trabalha. Um \u00f3timo exemplo \u00e9 o centro de transplantes de medula \u201cMAKTUB\u201d (financiado e constru\u00eddo com as receitas do filme realizado por Paco Arango). O centro \u00e9 um dos mais avan\u00e7ados do mundo, onde j\u00e1 foram concretizados mais de 200 transplantes. Tamb\u00e9m em 2016, a Aladina realizou seu projeto mais importante at\u00e9 o momento, a constru\u00e7\u00e3o da UTI ALADINA, que \u00e9 a mais nova Unidade de Tratamentos Intensivos do Hospital Infantil \u201cNi\u00f1o Jes\u00fas\u201d de Madrid.<\/p>\t\t\t\t\t\t<\/div>\n\t\t\t\t<\/div>\n\t\t\t\t\t<\/div>\n\t\t<\/div>\n\t\t\t\t\t<\/div>\n\t\t<\/section>\n\t\t\t\t<\/div>\n\t\t","protected":false},"excerpt":{"rendered":"<p>A\u00a0Funda\u00e7\u00e3o Aladina\u00a0nasceu em 2005, mas come\u00e7ou a operar quatro anos antes, quando Paco Arango pediu a um amigo que encontrasse um projeto no qual ele pudesse \u201ccolocar a m\u00e3o na massa\u201d e doar o seu tempo para devolver parte da sorte que teve na vida. Com essa ideia na cabe\u00e7a, chegou numa quarta-feira \u00e0 tarde, &hellip; <\/p>\n<p class=\"link-more\"><a href=\"https:\/\/loquedeverdadimporta.film\/LQDVI-POR\/fundacion-aladina\/\" class=\"more-link\">Continuar leyendo<span class=\"screen-reader-text\"> \u00abFunda\u00e7ao Aladina\u00bb<\/span><\/a><\/p>\n","protected":false},"author":1,"featured_media":0,"parent":0,"menu_order":0,"comment_status":"closed","ping_status":"closed","template":"elementor_canvas","meta":{"footnotes":""},"_links":{"self":[{"href":"https:\/\/loquedeverdadimporta.film\/LQDVI-POR\/wp-json\/wp\/v2\/pages\/77"}],"collection":[{"href":"https:\/\/loquedeverdadimporta.film\/LQDVI-POR\/wp-json\/wp\/v2\/pages"}],"about":[{"href":"https:\/\/loquedeverdadimporta.film\/LQDVI-POR\/wp-json\/wp\/v2\/types\/page"}],"author":[{"embeddable":true,"href":"https:\/\/loquedeverdadimporta.film\/LQDVI-POR\/wp-json\/wp\/v2\/users\/1"}],"replies":[{"embeddable":true,"href":"https:\/\/loquedeverdadimporta.film\/LQDVI-POR\/wp-json\/wp\/v2\/comments?post=77"}],"version-history":[{"count":5,"href":"https:\/\/loquedeverdadimporta.film\/LQDVI-POR\/wp-json\/wp\/v2\/pages\/77\/revisions"}],"predecessor-version":[{"id":146,"href":"https:\/\/loquedeverdadimporta.film\/LQDVI-POR\/wp-json\/wp\/v2\/pages\/77\/revisions\/146"}],"wp:attachment":[{"href":"https:\/\/loquedeverdadimporta.film\/LQDVI-POR\/wp-json\/wp\/v2\/media?parent=77"}],"curies":[{"name":"wp","href":"https:\/\/api.w.org\/{rel}","templated":true}]}}