{"id":71,"date":"2020-04-06T20:29:10","date_gmt":"2020-04-06T20:29:10","guid":{"rendered":"https:\/\/loquedeverdadimporta.film\/LQDVI-POR\/?page_id=71"},"modified":"2020-04-15T11:35:45","modified_gmt":"2020-04-15T11:35:45","slug":"jonathan-pryce","status":"publish","type":"page","link":"https:\/\/loquedeverdadimporta.film\/LQDVI-POR\/jonathan-pryce\/","title":{"rendered":"JONATHAN PRYCE (RAYMOND)"},"content":{"rendered":"\t\t<div data-elementor-type=\"wp-page\" data-elementor-id=\"71\" class=\"elementor elementor-71\">\n\t\t\t\t\t\t<section class=\"elementor-section elementor-top-section elementor-element elementor-element-76943ed elementor-section-boxed elementor-section-height-default elementor-section-height-default\" data-id=\"76943ed\" data-element_type=\"section\">\n\t\t\t\t\t\t<div class=\"elementor-container elementor-column-gap-default\">\n\t\t\t\t\t<div class=\"elementor-column elementor-col-100 elementor-top-column elementor-element elementor-element-dfb3128\" data-id=\"dfb3128\" data-element_type=\"column\">\n\t\t\t<div class=\"elementor-widget-wrap elementor-element-populated\">\n\t\t\t\t\t\t<div class=\"elementor-element elementor-element-11deee0 elementor-widget elementor-widget-image\" data-id=\"11deee0\" data-element_type=\"widget\" data-widget_type=\"image.default\">\n\t\t\t\t<div class=\"elementor-widget-container\">\n\t\t\t\t\t\t\t\t\t\t\t\t\t<img fetchpriority=\"high\" decoding=\"async\" width=\"525\" height=\"371\" src=\"https:\/\/loquedeverdadimporta.film\/LQDVI-POR\/wp-content\/uploads\/2020\/04\/Jonathan-Pryce-1024x723.jpg\" class=\"attachment-large size-large wp-image-63\" alt=\"\" srcset=\"https:\/\/loquedeverdadimporta.film\/LQDVI-POR\/wp-content\/uploads\/2020\/04\/Jonathan-Pryce-1024x723.jpg 1024w, https:\/\/loquedeverdadimporta.film\/LQDVI-POR\/wp-content\/uploads\/2020\/04\/Jonathan-Pryce-300x212.jpg 300w, https:\/\/loquedeverdadimporta.film\/LQDVI-POR\/wp-content\/uploads\/2020\/04\/Jonathan-Pryce-768x542.jpg 768w, https:\/\/loquedeverdadimporta.film\/LQDVI-POR\/wp-content\/uploads\/2020\/04\/Jonathan-Pryce.jpg 1500w\" sizes=\"100vw\" \/>\t\t\t\t\t\t\t\t\t\t\t\t\t<\/div>\n\t\t\t\t<\/div>\n\t\t\t\t<div class=\"elementor-element elementor-element-9ea7dbd elementor-widget elementor-widget-spacer\" data-id=\"9ea7dbd\" data-element_type=\"widget\" data-widget_type=\"spacer.default\">\n\t\t\t\t<div class=\"elementor-widget-container\">\n\t\t\t\t\t<div class=\"elementor-spacer\">\n\t\t\t<div class=\"elementor-spacer-inner\"><\/div>\n\t\t<\/div>\n\t\t\t\t<\/div>\n\t\t\t\t<\/div>\n\t\t\t\t<div class=\"elementor-element elementor-element-f02f067 elementor-widget elementor-widget-heading\" data-id=\"f02f067\" data-element_type=\"widget\" data-widget_type=\"heading.default\">\n\t\t\t\t<div class=\"elementor-widget-container\">\n\t\t\t<h2 class=\"elementor-heading-title elementor-size-default\">JONATHAN PRYCE (RAYMOND)<\/h2>\t\t<\/div>\n\t\t\t\t<\/div>\n\t\t\t\t<div class=\"elementor-element elementor-element-96128dc elementor-widget elementor-widget-text-editor\" data-id=\"96128dc\" data-element_type=\"widget\" data-widget_type=\"text-editor.default\">\n\t\t\t\t<div class=\"elementor-widget-container\">\n\t\t\t\t\t\t\t<p>Jonathan Pryce \u00e9 um prestigiado ator de cinema e teatro nascido em 1947 no Pa\u00eds de Gales. Reconhecido pela sua enorme versatilidade, interpreta com desenvoltura personagens no cinema, televis\u00e3o e teatro.<\/p><p>Jonathan Pryce foi o pai de Elizabeth Swann na saga\u00a0<em>Piratas das Cara\u00edbas<\/em>, trabalhou com James Bond no filme\u00a0<em>007 &#8211; O Amanh\u00e3 nunca morre<\/em>\u00a0e no filme independente\u00a0<em>Brazil: O outro Lado do Sonho<\/em>, passando pelo West End, onde interpretou quase todos os grandes personagens de Shakespeare (<em>Hamlet<\/em>,\u00a0<em>O Mercador de Veneza, Ant\u00f3nio e Cle\u00f3patra<\/em>), e integrou ainda as melhores produ\u00e7\u00f5es da Broadway (<em>Miss Saigon, Nine, Oliver, My Fair Lady ou Evita<\/em>).<\/p><p>Mais recentemente fez parte do elenco da s\u00e9rie\u00a0<em>Game of Thrones<\/em>, no papel do Alto Pardal.<\/p>\t\t\t\t\t\t<\/div>\n\t\t\t\t<\/div>\n\t\t\t\t\t<\/div>\n\t\t<\/div>\n\t\t\t\t\t<\/div>\n\t\t<\/section>\n\t\t\t\t<\/div>\n\t\t","protected":false},"excerpt":{"rendered":"<p>JONATHAN PRYCE (RAYMOND) Jonathan Pryce \u00e9 um prestigiado ator de cinema e teatro nascido em 1947 no Pa\u00eds de Gales. Reconhecido pela sua enorme versatilidade, interpreta com desenvoltura personagens no cinema, televis\u00e3o e teatro. Jonathan Pryce foi o pai de Elizabeth Swann na saga\u00a0Piratas das Cara\u00edbas, trabalhou com James Bond no filme\u00a0007 &#8211; O Amanh\u00e3 &hellip; <\/p>\n<p class=\"link-more\"><a href=\"https:\/\/loquedeverdadimporta.film\/LQDVI-POR\/jonathan-pryce\/\" class=\"more-link\">Continuar leyendo<span class=\"screen-reader-text\"> \u00abJONATHAN PRYCE (RAYMOND)\u00bb<\/span><\/a><\/p>\n","protected":false},"author":1,"featured_media":0,"parent":0,"menu_order":0,"comment_status":"closed","ping_status":"closed","template":"elementor_canvas","meta":{"footnotes":""},"_links":{"self":[{"href":"https:\/\/loquedeverdadimporta.film\/LQDVI-POR\/wp-json\/wp\/v2\/pages\/71"}],"collection":[{"href":"https:\/\/loquedeverdadimporta.film\/LQDVI-POR\/wp-json\/wp\/v2\/pages"}],"about":[{"href":"https:\/\/loquedeverdadimporta.film\/LQDVI-POR\/wp-json\/wp\/v2\/types\/page"}],"author":[{"embeddable":true,"href":"https:\/\/loquedeverdadimporta.film\/LQDVI-POR\/wp-json\/wp\/v2\/users\/1"}],"replies":[{"embeddable":true,"href":"https:\/\/loquedeverdadimporta.film\/LQDVI-POR\/wp-json\/wp\/v2\/comments?post=71"}],"version-history":[{"count":4,"href":"https:\/\/loquedeverdadimporta.film\/LQDVI-POR\/wp-json\/wp\/v2\/pages\/71\/revisions"}],"predecessor-version":[{"id":186,"href":"https:\/\/loquedeverdadimporta.film\/LQDVI-POR\/wp-json\/wp\/v2\/pages\/71\/revisions\/186"}],"wp:attachment":[{"href":"https:\/\/loquedeverdadimporta.film\/LQDVI-POR\/wp-json\/wp\/v2\/media?parent=71"}],"curies":[{"name":"wp","href":"https:\/\/api.w.org\/{rel}","templated":true}]}}