{"id":68,"date":"2020-04-06T20:28:01","date_gmt":"2020-04-06T20:28:01","guid":{"rendered":"https:\/\/loquedeverdadimporta.film\/LQDVI-POR\/?page_id=68"},"modified":"2020-04-15T11:37:35","modified_gmt":"2020-04-15T11:37:35","slug":"oliver-jackson-cohen-alec","status":"publish","type":"page","link":"https:\/\/loquedeverdadimporta.film\/LQDVI-POR\/oliver-jackson-cohen-alec\/","title":{"rendered":"OLIVER JACKSON-COHEN (ALEC)"},"content":{"rendered":"\t\t<div data-elementor-type=\"wp-page\" data-elementor-id=\"68\" class=\"elementor elementor-68\">\n\t\t\t\t\t\t<section class=\"elementor-section elementor-top-section elementor-element elementor-element-76943ed elementor-section-boxed elementor-section-height-default elementor-section-height-default\" data-id=\"76943ed\" data-element_type=\"section\">\n\t\t\t\t\t\t<div class=\"elementor-container elementor-column-gap-default\">\n\t\t\t\t\t<div class=\"elementor-column elementor-col-100 elementor-top-column elementor-element elementor-element-dfb3128\" data-id=\"dfb3128\" data-element_type=\"column\">\n\t\t\t<div class=\"elementor-widget-wrap elementor-element-populated\">\n\t\t\t\t\t\t<div class=\"elementor-element elementor-element-11deee0 elementor-widget elementor-widget-image\" data-id=\"11deee0\" data-element_type=\"widget\" data-widget_type=\"image.default\">\n\t\t\t\t<div class=\"elementor-widget-container\">\n\t\t\t\t\t\t\t\t\t\t\t\t\t<img fetchpriority=\"high\" decoding=\"async\" width=\"525\" height=\"386\" src=\"https:\/\/loquedeverdadimporta.film\/LQDVI-POR\/wp-content\/uploads\/2020\/04\/Oliver-Jackson-Cohen-H-web-1024x753.jpg\" class=\"attachment-large size-large wp-image-66\" alt=\"\" srcset=\"https:\/\/loquedeverdadimporta.film\/LQDVI-POR\/wp-content\/uploads\/2020\/04\/Oliver-Jackson-Cohen-H-web-1024x753.jpg 1024w, https:\/\/loquedeverdadimporta.film\/LQDVI-POR\/wp-content\/uploads\/2020\/04\/Oliver-Jackson-Cohen-H-web-300x221.jpg 300w, https:\/\/loquedeverdadimporta.film\/LQDVI-POR\/wp-content\/uploads\/2020\/04\/Oliver-Jackson-Cohen-H-web-768x565.jpg 768w, https:\/\/loquedeverdadimporta.film\/LQDVI-POR\/wp-content\/uploads\/2020\/04\/Oliver-Jackson-Cohen-H-web.jpg 1500w\" sizes=\"100vw\" \/>\t\t\t\t\t\t\t\t\t\t\t\t\t<\/div>\n\t\t\t\t<\/div>\n\t\t\t\t<div class=\"elementor-element elementor-element-fb7a10e elementor-widget elementor-widget-spacer\" data-id=\"fb7a10e\" data-element_type=\"widget\" data-widget_type=\"spacer.default\">\n\t\t\t\t<div class=\"elementor-widget-container\">\n\t\t\t\t\t<div class=\"elementor-spacer\">\n\t\t\t<div class=\"elementor-spacer-inner\"><\/div>\n\t\t<\/div>\n\t\t\t\t<\/div>\n\t\t\t\t<\/div>\n\t\t\t\t<div class=\"elementor-element elementor-element-f02f067 elementor-widget elementor-widget-heading\" data-id=\"f02f067\" data-element_type=\"widget\" data-widget_type=\"heading.default\">\n\t\t\t\t<div class=\"elementor-widget-container\">\n\t\t\t<h2 class=\"elementor-heading-title elementor-size-default\">OLIVER JACKSON-COHEN (ALEC)<\/h2>\t\t<\/div>\n\t\t\t\t<\/div>\n\t\t\t\t<div class=\"elementor-element elementor-element-96128dc elementor-widget elementor-widget-text-editor\" data-id=\"96128dc\" data-element_type=\"widget\" data-widget_type=\"text-editor.default\">\n\t\t\t\t<div class=\"elementor-widget-container\">\n\t\t\t\t\t\t\t<p>Reconhecido pelo p\u00fablico gra\u00e7as \u00e0 sua participa\u00e7\u00e3o em produ\u00e7\u00f5es televisivas da BBC, o ator \u00e9 formado pelo prestigiado Lee Strasberg Theatre &amp; Film Institute. Brit\u00e2nico, Oliver Jackson Cohen j\u00e1 contracenou com grandes nomes do cinema e da televis\u00e3o em ambos os lados do Atl\u00e2ntico, tais como Billy Bob Thorton, John Cusack, Drew Barrymore, Miranda Richardson, Cinthia Nixon, Ben Chaplin, Hugh Boneville ou Jonathan Rhys Meyers.<\/p><p>Nos Estados Unidos, teve a oportunidade de integrar o elenco de v\u00e1rias longas-metragens:\u00a0<em>Vingan\u00e7a R\u00e1pida<\/em>\u00a0(2010), com Dwayne Johnson e Billy Bob Thorton; na com\u00e9dia rom\u00e2ntica\u00a0<em>Adoro-te \u00e0 Dist\u00e2ncia<\/em>\u00a0(2010), com Drew Barrymore; e no filme de suspense\u00a0<em>O Corvo<\/em>\u00a0(2012), onde dividia o protagonismo com John Cusack. Nesse mesmo ano, tamb\u00e9m conseguiu um papel em\u00a0<em>Dr\u00e1cula<\/em>, uma adapta\u00e7\u00e3o livre do mito, protagonizado por Jonathan Rhys Meyers e mais recentemente na s\u00e9rie Emerald City (NBC\/Universal), uma vers\u00e3o livre do cl\u00e1ssico\u00a0<em>O Feiticeiro de Oz<\/em>.<\/p>\t\t\t\t\t\t<\/div>\n\t\t\t\t<\/div>\n\t\t\t\t\t<\/div>\n\t\t<\/div>\n\t\t\t\t\t<\/div>\n\t\t<\/section>\n\t\t\t\t<\/div>\n\t\t","protected":false},"excerpt":{"rendered":"<p>OLIVER JACKSON-COHEN (ALEC) Reconhecido pelo p\u00fablico gra\u00e7as \u00e0 sua participa\u00e7\u00e3o em produ\u00e7\u00f5es televisivas da BBC, o ator \u00e9 formado pelo prestigiado Lee Strasberg Theatre &amp; Film Institute. Brit\u00e2nico, Oliver Jackson Cohen j\u00e1 contracenou com grandes nomes do cinema e da televis\u00e3o em ambos os lados do Atl\u00e2ntico, tais como Billy Bob Thorton, John Cusack, Drew &hellip; <\/p>\n<p class=\"link-more\"><a href=\"https:\/\/loquedeverdadimporta.film\/LQDVI-POR\/oliver-jackson-cohen-alec\/\" class=\"more-link\">Continuar leyendo<span class=\"screen-reader-text\"> \u00abOLIVER JACKSON-COHEN (ALEC)\u00bb<\/span><\/a><\/p>\n","protected":false},"author":1,"featured_media":0,"parent":0,"menu_order":0,"comment_status":"closed","ping_status":"closed","template":"elementor_canvas","meta":{"footnotes":""},"_links":{"self":[{"href":"https:\/\/loquedeverdadimporta.film\/LQDVI-POR\/wp-json\/wp\/v2\/pages\/68"}],"collection":[{"href":"https:\/\/loquedeverdadimporta.film\/LQDVI-POR\/wp-json\/wp\/v2\/pages"}],"about":[{"href":"https:\/\/loquedeverdadimporta.film\/LQDVI-POR\/wp-json\/wp\/v2\/types\/page"}],"author":[{"embeddable":true,"href":"https:\/\/loquedeverdadimporta.film\/LQDVI-POR\/wp-json\/wp\/v2\/users\/1"}],"replies":[{"embeddable":true,"href":"https:\/\/loquedeverdadimporta.film\/LQDVI-POR\/wp-json\/wp\/v2\/comments?post=68"}],"version-history":[{"count":4,"href":"https:\/\/loquedeverdadimporta.film\/LQDVI-POR\/wp-json\/wp\/v2\/pages\/68\/revisions"}],"predecessor-version":[{"id":191,"href":"https:\/\/loquedeverdadimporta.film\/LQDVI-POR\/wp-json\/wp\/v2\/pages\/68\/revisions\/191"}],"wp:attachment":[{"href":"https:\/\/loquedeverdadimporta.film\/LQDVI-POR\/wp-json\/wp\/v2\/media?parent=68"}],"curies":[{"name":"wp","href":"https:\/\/api.w.org\/{rel}","templated":true}]}}