{"id":60,"date":"2020-04-06T20:26:31","date_gmt":"2020-04-06T20:26:31","guid":{"rendered":"https:\/\/loquedeverdadimporta.film\/LQDVI-POR\/?page_id=60"},"modified":"2020-04-15T11:36:26","modified_gmt":"2020-04-15T11:36:26","slug":"kaitlyn-bernard","status":"publish","type":"page","link":"https:\/\/loquedeverdadimporta.film\/LQDVI-POR\/kaitlyn-bernard\/","title":{"rendered":"KAITLYN BERNARD (ABIGAIL)"},"content":{"rendered":"\t\t<div data-elementor-type=\"wp-page\" data-elementor-id=\"60\" class=\"elementor elementor-60\">\n\t\t\t\t\t\t<section class=\"elementor-section elementor-top-section elementor-element elementor-element-76943ed elementor-section-boxed elementor-section-height-default elementor-section-height-default\" data-id=\"76943ed\" data-element_type=\"section\">\n\t\t\t\t\t\t<div class=\"elementor-container elementor-column-gap-default\">\n\t\t\t\t\t<div class=\"elementor-column elementor-col-100 elementor-top-column elementor-element elementor-element-dfb3128\" data-id=\"dfb3128\" data-element_type=\"column\">\n\t\t\t<div class=\"elementor-widget-wrap elementor-element-populated\">\n\t\t\t\t\t\t<div class=\"elementor-element elementor-element-11deee0 elementor-widget elementor-widget-image\" data-id=\"11deee0\" data-element_type=\"widget\" data-widget_type=\"image.default\">\n\t\t\t\t<div class=\"elementor-widget-container\">\n\t\t\t\t\t\t\t\t\t\t\t\t\t<img fetchpriority=\"high\" decoding=\"async\" width=\"525\" height=\"350\" src=\"https:\/\/loquedeverdadimporta.film\/LQDVI-POR\/wp-content\/uploads\/2020\/04\/Kaitlyn-Bernard-1024x683.jpg\" class=\"attachment-large size-large wp-image-65\" alt=\"\" srcset=\"https:\/\/loquedeverdadimporta.film\/LQDVI-POR\/wp-content\/uploads\/2020\/04\/Kaitlyn-Bernard-1024x683.jpg 1024w, https:\/\/loquedeverdadimporta.film\/LQDVI-POR\/wp-content\/uploads\/2020\/04\/Kaitlyn-Bernard-300x200.jpg 300w, https:\/\/loquedeverdadimporta.film\/LQDVI-POR\/wp-content\/uploads\/2020\/04\/Kaitlyn-Bernard-768x513.jpg 768w, https:\/\/loquedeverdadimporta.film\/LQDVI-POR\/wp-content\/uploads\/2020\/04\/Kaitlyn-Bernard.jpg 1500w\" sizes=\"100vw\" \/>\t\t\t\t\t\t\t\t\t\t\t\t\t<\/div>\n\t\t\t\t<\/div>\n\t\t\t\t<div class=\"elementor-element elementor-element-ffcb354 elementor-widget elementor-widget-spacer\" data-id=\"ffcb354\" data-element_type=\"widget\" data-widget_type=\"spacer.default\">\n\t\t\t\t<div class=\"elementor-widget-container\">\n\t\t\t\t\t<div class=\"elementor-spacer\">\n\t\t\t<div class=\"elementor-spacer-inner\"><\/div>\n\t\t<\/div>\n\t\t\t\t<\/div>\n\t\t\t\t<\/div>\n\t\t\t\t<div class=\"elementor-element elementor-element-f02f067 elementor-widget elementor-widget-heading\" data-id=\"f02f067\" data-element_type=\"widget\" data-widget_type=\"heading.default\">\n\t\t\t\t<div class=\"elementor-widget-container\">\n\t\t\t<h2 class=\"elementor-heading-title elementor-size-default\">KAITLYN BERNARD (ABIGAIL)<\/h2>\t\t<\/div>\n\t\t\t\t<\/div>\n\t\t\t\t<div class=\"elementor-element elementor-element-96128dc elementor-widget elementor-widget-text-editor\" data-id=\"96128dc\" data-element_type=\"widget\" data-widget_type=\"text-editor.default\">\n\t\t\t\t<div class=\"elementor-widget-container\">\n\t\t\t\t\t\t\t<p>Kaitlyn Bernard, uma jovem atriz canadiana, iniciou sua carreira com pequenos pap\u00e9is em an\u00fancios e audi\u00e7\u00f5es para cinema e televis\u00e3o. Desde ent\u00e3o, participou em v\u00e1rios filmes para o canal familiar Hallmark, e fez pap\u00e9is espor\u00e1dicos em s\u00e9ries de televis\u00e3o muito populares no Canad\u00e1.<\/p><p>Fortemente comovida pelo seu personagem e pela mensagem transmitida no filme, Kaitlyn criou, juntamente com a Canadian Cancer Society, a organiza\u00e7\u00e3o Just Breathe (baseada no poema que seu personagem recita durante o filme), que pretende fazer no Canad\u00e1 o mesmo que a organiza\u00e7\u00e3o fundada por Paul Newman,\u00a0<em>Serious Fun Camp Networks<\/em>, faz nos Estados Unidos e noutros pa\u00edses do mundo: acampamentos para crian\u00e7as com doen\u00e7as graves e suas fam\u00edlias, para que possam divertir-se e esquecer um pouco a doen\u00e7a.<\/p>\t\t\t\t\t\t<\/div>\n\t\t\t\t<\/div>\n\t\t\t\t\t<\/div>\n\t\t<\/div>\n\t\t\t\t\t<\/div>\n\t\t<\/section>\n\t\t\t\t<\/div>\n\t\t","protected":false},"excerpt":{"rendered":"<p>KAITLYN BERNARD (ABIGAIL) Kaitlyn Bernard, uma jovem atriz canadiana, iniciou sua carreira com pequenos pap\u00e9is em an\u00fancios e audi\u00e7\u00f5es para cinema e televis\u00e3o. Desde ent\u00e3o, participou em v\u00e1rios filmes para o canal familiar Hallmark, e fez pap\u00e9is espor\u00e1dicos em s\u00e9ries de televis\u00e3o muito populares no Canad\u00e1. Fortemente comovida pelo seu personagem e pela mensagem transmitida &hellip; <\/p>\n<p class=\"link-more\"><a href=\"https:\/\/loquedeverdadimporta.film\/LQDVI-POR\/kaitlyn-bernard\/\" class=\"more-link\">Continuar leyendo<span class=\"screen-reader-text\"> \u00abKAITLYN BERNARD (ABIGAIL)\u00bb<\/span><\/a><\/p>\n","protected":false},"author":1,"featured_media":0,"parent":0,"menu_order":0,"comment_status":"closed","ping_status":"closed","template":"elementor_canvas","meta":{"footnotes":""},"_links":{"self":[{"href":"https:\/\/loquedeverdadimporta.film\/LQDVI-POR\/wp-json\/wp\/v2\/pages\/60"}],"collection":[{"href":"https:\/\/loquedeverdadimporta.film\/LQDVI-POR\/wp-json\/wp\/v2\/pages"}],"about":[{"href":"https:\/\/loquedeverdadimporta.film\/LQDVI-POR\/wp-json\/wp\/v2\/types\/page"}],"author":[{"embeddable":true,"href":"https:\/\/loquedeverdadimporta.film\/LQDVI-POR\/wp-json\/wp\/v2\/users\/1"}],"replies":[{"embeddable":true,"href":"https:\/\/loquedeverdadimporta.film\/LQDVI-POR\/wp-json\/wp\/v2\/comments?post=60"}],"version-history":[{"count":6,"href":"https:\/\/loquedeverdadimporta.film\/LQDVI-POR\/wp-json\/wp\/v2\/pages\/60\/revisions"}],"predecessor-version":[{"id":188,"href":"https:\/\/loquedeverdadimporta.film\/LQDVI-POR\/wp-json\/wp\/v2\/pages\/60\/revisions\/188"}],"wp:attachment":[{"href":"https:\/\/loquedeverdadimporta.film\/LQDVI-POR\/wp-json\/wp\/v2\/media?parent=60"}],"curies":[{"name":"wp","href":"https:\/\/api.w.org\/{rel}","templated":true}]}}