{"id":43,"date":"2020-04-06T20:19:32","date_gmt":"2020-04-06T20:19:32","guid":{"rendered":"https:\/\/loquedeverdadimporta.film\/LQDVI-POR\/?page_id=43"},"modified":"2020-04-15T11:33:03","modified_gmt":"2020-04-15T11:33:03","slug":"enrique-posner","status":"publish","type":"page","link":"https:\/\/loquedeverdadimporta.film\/LQDVI-POR\/enrique-posner\/","title":{"rendered":"ENRIQUE POSNER (PRODUTOR)"},"content":{"rendered":"\t\t<div data-elementor-type=\"wp-page\" data-elementor-id=\"43\" class=\"elementor elementor-43\">\n\t\t\t\t\t\t<section class=\"elementor-section elementor-top-section elementor-element elementor-element-76943ed elementor-section-boxed elementor-section-height-default elementor-section-height-default\" data-id=\"76943ed\" data-element_type=\"section\">\n\t\t\t\t\t\t<div class=\"elementor-container elementor-column-gap-default\">\n\t\t\t\t\t<div class=\"elementor-column elementor-col-100 elementor-top-column elementor-element elementor-element-dfb3128\" data-id=\"dfb3128\" data-element_type=\"column\">\n\t\t\t<div class=\"elementor-widget-wrap elementor-element-populated\">\n\t\t\t\t\t\t<div class=\"elementor-element elementor-element-11deee0 elementor-widget elementor-widget-image\" data-id=\"11deee0\" data-element_type=\"widget\" data-widget_type=\"image.default\">\n\t\t\t\t<div class=\"elementor-widget-container\">\n\t\t\t\t\t\t\t\t\t\t\t\t\t<img fetchpriority=\"high\" decoding=\"async\" width=\"525\" height=\"394\" src=\"https:\/\/loquedeverdadimporta.film\/LQDVI-POR\/wp-content\/uploads\/2020\/04\/RickyPosner-Producer.jpg\" class=\"attachment-large size-large wp-image-41\" alt=\"\" srcset=\"https:\/\/loquedeverdadimporta.film\/LQDVI-POR\/wp-content\/uploads\/2020\/04\/RickyPosner-Producer.jpg 1000w, https:\/\/loquedeverdadimporta.film\/LQDVI-POR\/wp-content\/uploads\/2020\/04\/RickyPosner-Producer-300x225.jpg 300w, https:\/\/loquedeverdadimporta.film\/LQDVI-POR\/wp-content\/uploads\/2020\/04\/RickyPosner-Producer-768x576.jpg 768w\" sizes=\"100vw\" \/>\t\t\t\t\t\t\t\t\t\t\t\t\t<\/div>\n\t\t\t\t<\/div>\n\t\t\t\t<div class=\"elementor-element elementor-element-de7d9cd elementor-widget elementor-widget-spacer\" data-id=\"de7d9cd\" data-element_type=\"widget\" data-widget_type=\"spacer.default\">\n\t\t\t\t<div class=\"elementor-widget-container\">\n\t\t\t\t\t<div class=\"elementor-spacer\">\n\t\t\t<div class=\"elementor-spacer-inner\"><\/div>\n\t\t<\/div>\n\t\t\t\t<\/div>\n\t\t\t\t<\/div>\n\t\t\t\t<div class=\"elementor-element elementor-element-f02f067 elementor-widget elementor-widget-heading\" data-id=\"f02f067\" data-element_type=\"widget\" data-widget_type=\"heading.default\">\n\t\t\t\t<div class=\"elementor-widget-container\">\n\t\t\t<h2 class=\"elementor-heading-title elementor-size-default\">ENRIQUE POSNER (PRODUCTOR)<\/h2>\t\t<\/div>\n\t\t\t\t<\/div>\n\t\t\t\t<div class=\"elementor-element elementor-element-96128dc elementor-widget elementor-widget-text-editor\" data-id=\"96128dc\" data-element_type=\"widget\" data-widget_type=\"text-editor.default\">\n\t\t\t\t<div class=\"elementor-widget-container\">\n\t\t\t\t\t\t\t<p>Pouco depois de concluir os seus estudos na Northwestern University, o colombiano Enrique Posner come\u00e7ou a trabalhar para a Cinevista, em Nova Iorque, a distribuidora norte-americana dos filmes de Pedro Almod\u00f3var. Ali conheceu o realizador espanhol com quem come\u00e7ou a colaborar, transformando-se numa pe\u00e7a-chave para o financiamento, distribui\u00e7\u00e3o, promo\u00e7\u00e3o e rela\u00e7\u00f5es p\u00fablicas dos seus filmes. Juntamente com Pedro e Agust\u00edn Almod\u00f3var, produziu\u00a0<em>Ata-me!<\/em>\u00a0(1989) e\u00a0<em>Saltos Altos<\/em>\u00a0(1991).<\/p><p>Em 1992, fundou a sua pr\u00f3pria empresa, Filmania, onde produziu\u00a0<em>Ca\u00eddos do C\u00e9u<\/em>\u00a0(1993), com Jean Rochefort e Marisa Paredes;\u00a0<em>A T\u00e1bua de Flandres<\/em>\u00a0(1994), adapta\u00e7\u00e3o do livro hom\u00f3nimo de Arturo P\u00e9rez Reverte protagonizada por Kate Beckinsale;\u00a0<em>Reflexos do Passado<\/em>\u00a0(1997), protagonizada por Christian Bale e Emily Watson e\u00a0<em>Uma Com\u00e9dia Sobre Sexo e Outras Partes Marotas<\/em>\u00a0(1998), uma com\u00e9dia com Peter Ustinov no elenco.<\/p><p>Em 2001, Posner come\u00e7ou a trabalhar como diretor-geral da Warner Bros. Pictures International em Espanha. A partir da\u00ed, foi respons\u00e1vel pelo lan\u00e7amento e distribui\u00e7\u00e3o em salas de mais de 130 filmes, entre os quais os tr\u00eas primeiros t\u00edtulos da Saga Harry Potter e as sequelas de Matrix. Tamb\u00e9m criou um departamento de produ\u00e7\u00e3o em Espanha e trabalhou como produtor nas superprodu\u00e7\u00f5es de Guillermo del Toro,\u00a0<em>O Labirinto do Fauno<\/em>\u00a0(2006) e de Milos Forman,\u00a0<em>Os Fantasmas de Goya<\/em>\u00a0(2006).<\/p>\t\t\t\t\t\t<\/div>\n\t\t\t\t<\/div>\n\t\t\t\t\t<\/div>\n\t\t<\/div>\n\t\t\t\t\t<\/div>\n\t\t<\/section>\n\t\t\t\t<\/div>\n\t\t","protected":false},"excerpt":{"rendered":"<p>ENRIQUE POSNER (PRODUCTOR) Pouco depois de concluir os seus estudos na Northwestern University, o colombiano Enrique Posner come\u00e7ou a trabalhar para a Cinevista, em Nova Iorque, a distribuidora norte-americana dos filmes de Pedro Almod\u00f3var. Ali conheceu o realizador espanhol com quem come\u00e7ou a colaborar, transformando-se numa pe\u00e7a-chave para o financiamento, distribui\u00e7\u00e3o, promo\u00e7\u00e3o e rela\u00e7\u00f5es p\u00fablicas &hellip; <\/p>\n<p class=\"link-more\"><a href=\"https:\/\/loquedeverdadimporta.film\/LQDVI-POR\/enrique-posner\/\" class=\"more-link\">Continuar leyendo<span class=\"screen-reader-text\"> \u00abENRIQUE POSNER (PRODUTOR)\u00bb<\/span><\/a><\/p>\n","protected":false},"author":1,"featured_media":0,"parent":0,"menu_order":0,"comment_status":"closed","ping_status":"closed","template":"elementor_canvas","meta":{"footnotes":""},"_links":{"self":[{"href":"https:\/\/loquedeverdadimporta.film\/LQDVI-POR\/wp-json\/wp\/v2\/pages\/43"}],"collection":[{"href":"https:\/\/loquedeverdadimporta.film\/LQDVI-POR\/wp-json\/wp\/v2\/pages"}],"about":[{"href":"https:\/\/loquedeverdadimporta.film\/LQDVI-POR\/wp-json\/wp\/v2\/types\/page"}],"author":[{"embeddable":true,"href":"https:\/\/loquedeverdadimporta.film\/LQDVI-POR\/wp-json\/wp\/v2\/users\/1"}],"replies":[{"embeddable":true,"href":"https:\/\/loquedeverdadimporta.film\/LQDVI-POR\/wp-json\/wp\/v2\/comments?post=43"}],"version-history":[{"count":5,"href":"https:\/\/loquedeverdadimporta.film\/LQDVI-POR\/wp-json\/wp\/v2\/pages\/43\/revisions"}],"predecessor-version":[{"id":182,"href":"https:\/\/loquedeverdadimporta.film\/LQDVI-POR\/wp-json\/wp\/v2\/pages\/43\/revisions\/182"}],"wp:attachment":[{"href":"https:\/\/loquedeverdadimporta.film\/LQDVI-POR\/wp-json\/wp\/v2\/media?parent=43"}],"curies":[{"name":"wp","href":"https:\/\/api.w.org\/{rel}","templated":true}]}}