{"id":31,"date":"2020-04-06T20:15:27","date_gmt":"2020-04-06T20:15:27","guid":{"rendered":"https:\/\/loquedeverdadimporta.film\/LQDVI-POR\/?page_id=31"},"modified":"2020-04-15T11:39:43","modified_gmt":"2020-04-15T11:39:43","slug":"sinopse","status":"publish","type":"page","link":"https:\/\/loquedeverdadimporta.film\/LQDVI-POR\/sinopse\/","title":{"rendered":"SINOPSE"},"content":{"rendered":"\t\t<div data-elementor-type=\"wp-page\" data-elementor-id=\"31\" class=\"elementor elementor-31\">\n\t\t\t\t\t\t<section class=\"elementor-section elementor-top-section elementor-element elementor-element-76943ed elementor-section-boxed elementor-section-height-default elementor-section-height-default\" data-id=\"76943ed\" data-element_type=\"section\">\n\t\t\t\t\t\t<div class=\"elementor-container elementor-column-gap-default\">\n\t\t\t\t\t<div class=\"elementor-column elementor-col-100 elementor-top-column elementor-element elementor-element-dfb3128\" data-id=\"dfb3128\" data-element_type=\"column\">\n\t\t\t<div class=\"elementor-widget-wrap elementor-element-populated\">\n\t\t\t\t\t\t<div class=\"elementor-element elementor-element-11deee0 elementor-widget elementor-widget-image\" data-id=\"11deee0\" data-element_type=\"widget\" data-widget_type=\"image.default\">\n\t\t\t\t<div class=\"elementor-widget-container\">\n\t\t\t\t\t\t\t\t\t\t\t\t\t<img fetchpriority=\"high\" decoding=\"async\" width=\"525\" height=\"350\" src=\"https:\/\/loquedeverdadimporta.film\/LQDVI-POR\/wp-content\/uploads\/2020\/04\/Muelle-horizontal-web.jpg\" class=\"attachment-large size-large wp-image-33\" alt=\"\" srcset=\"https:\/\/loquedeverdadimporta.film\/LQDVI-POR\/wp-content\/uploads\/2020\/04\/Muelle-horizontal-web.jpg 1000w, https:\/\/loquedeverdadimporta.film\/LQDVI-POR\/wp-content\/uploads\/2020\/04\/Muelle-horizontal-web-300x200.jpg 300w, https:\/\/loquedeverdadimporta.film\/LQDVI-POR\/wp-content\/uploads\/2020\/04\/Muelle-horizontal-web-768x511.jpg 768w\" sizes=\"100vw\" \/>\t\t\t\t\t\t\t\t\t\t\t\t\t<\/div>\n\t\t\t\t<\/div>\n\t\t\t\t<div class=\"elementor-element elementor-element-69f6062 elementor-widget elementor-widget-spacer\" data-id=\"69f6062\" data-element_type=\"widget\" data-widget_type=\"spacer.default\">\n\t\t\t\t<div class=\"elementor-widget-container\">\n\t\t\t\t\t<div class=\"elementor-spacer\">\n\t\t\t<div class=\"elementor-spacer-inner\"><\/div>\n\t\t<\/div>\n\t\t\t\t<\/div>\n\t\t\t\t<\/div>\n\t\t\t\t<div class=\"elementor-element elementor-element-96128dc elementor-widget elementor-widget-text-editor\" data-id=\"96128dc\" data-element_type=\"widget\" data-widget_type=\"text-editor.default\">\n\t\t\t\t<div class=\"elementor-widget-container\">\n\t\t\t\t\t\t\t<p>A vida de Alec (Oliver Jackson-Cohen) em Inglaterra est\u00e1 a ruir, tal como a sua loja de repara\u00e7\u00f5es el\u00e9tricas. Deve dinheiro \u00e0s pessoas erradas, dorme com mulheres casadas e bebe como se n\u00e3o houvesse amanh\u00e3. Inesperadamente, surge um homem chamado Raymond (Jonathan Pryce) que afirma ser seu tio. Raymond tem uma proposta que permitir\u00e1 a Alec recome\u00e7ar do zero: pagar\u00e1 todas as suas d\u00edvidas e em troca Alec ter\u00e1 de se mudar para a Nova Esc\u00f3cia durante um ano.<\/p><p>Ao chegar a Lunenburg, uma pequena cidade rural onde Raymond tem uma casa, conhece Cecilia (Camilla Luddington), a veterin\u00e1ria local com quem ele faz amizade e que se prontifica a ajudar a procurar emprego. Tentando astutamente atrair os habitantes da cidade, ele decide publicar num jornal local um an\u00fancio onde diz consertar qualquer aparelho el\u00e9trico avariado. Mas o an\u00fancio sai com um erro de impress\u00e3o e parece que Alec afirma ser um verdadeiro curandeiro m\u00edstico que trata pessoas. Os habitantes da cidade acorrem para contratar os seus servi\u00e7os, mas Alec rejeita-os e explica o erro de impress\u00e3o. O mais extraordin\u00e1rio e inexplic\u00e1vel \u00e9 que aqueles que o visitam s\u00e3o curados das suas maleitas! O boato espalha-se: Alec cura realmente. Por mais que queira evitar que lhe atribuam quaisquer poderes curativos, continuam a ocorrer acontecimentos bizarros.<\/p><p>Os c\u00e3es parecem absolutamente fascinados por ele; o padre da terra, Malloy (Jorge Garcia), sofre um ataque card\u00edaco, morre e ressuscita, e um velho surdo diz \u00e0 mulher para parar de gritar com ele. Alec, em estado de choque, descobre o segredo da fam\u00edlia: ele possui um dom&#8230; o dom de curar. \u00c9 ent\u00e3o que tem que fazer uma escolha consciente: aceitar ou rejeitar o dom. A chegada de Abigail (Kaitlyn Bernard), uma adolescente com cancro terminal e com grande sabedoria para a sua idade, proporciona a Alec uma \u00faltima oportunidade para refletir sobre o prop\u00f3sito da sua vida.<\/p>\t\t\t\t\t\t<\/div>\n\t\t\t\t<\/div>\n\t\t\t\t\t<\/div>\n\t\t<\/div>\n\t\t\t\t\t<\/div>\n\t\t<\/section>\n\t\t\t\t<\/div>\n\t\t","protected":false},"excerpt":{"rendered":"<p>A vida de Alec (Oliver Jackson-Cohen) em Inglaterra est\u00e1 a ruir, tal como a sua loja de repara\u00e7\u00f5es el\u00e9tricas. Deve dinheiro \u00e0s pessoas erradas, dorme com mulheres casadas e bebe como se n\u00e3o houvesse amanh\u00e3. Inesperadamente, surge um homem chamado Raymond (Jonathan Pryce) que afirma ser seu tio. Raymond tem uma proposta que permitir\u00e1 a &hellip; <\/p>\n<p class=\"link-more\"><a href=\"https:\/\/loquedeverdadimporta.film\/LQDVI-POR\/sinopse\/\" class=\"more-link\">Continuar leyendo<span class=\"screen-reader-text\"> \u00abSINOPSE\u00bb<\/span><\/a><\/p>\n","protected":false},"author":1,"featured_media":0,"parent":0,"menu_order":0,"comment_status":"closed","ping_status":"closed","template":"elementor_canvas","meta":{"footnotes":""},"_links":{"self":[{"href":"https:\/\/loquedeverdadimporta.film\/LQDVI-POR\/wp-json\/wp\/v2\/pages\/31"}],"collection":[{"href":"https:\/\/loquedeverdadimporta.film\/LQDVI-POR\/wp-json\/wp\/v2\/pages"}],"about":[{"href":"https:\/\/loquedeverdadimporta.film\/LQDVI-POR\/wp-json\/wp\/v2\/types\/page"}],"author":[{"embeddable":true,"href":"https:\/\/loquedeverdadimporta.film\/LQDVI-POR\/wp-json\/wp\/v2\/users\/1"}],"replies":[{"embeddable":true,"href":"https:\/\/loquedeverdadimporta.film\/LQDVI-POR\/wp-json\/wp\/v2\/comments?post=31"}],"version-history":[{"count":5,"href":"https:\/\/loquedeverdadimporta.film\/LQDVI-POR\/wp-json\/wp\/v2\/pages\/31\/revisions"}],"predecessor-version":[{"id":196,"href":"https:\/\/loquedeverdadimporta.film\/LQDVI-POR\/wp-json\/wp\/v2\/pages\/31\/revisions\/196"}],"wp:attachment":[{"href":"https:\/\/loquedeverdadimporta.film\/LQDVI-POR\/wp-json\/wp\/v2\/media?parent=31"}],"curies":[{"name":"wp","href":"https:\/\/api.w.org\/{rel}","templated":true}]}}