{"id":20,"date":"2020-04-06T19:21:33","date_gmt":"2020-04-06T19:21:33","guid":{"rendered":"https:\/\/loquedeverdadimporta.film\/LQDVI-POR\/?page_id=20"},"modified":"2024-04-29T08:26:31","modified_gmt":"2024-04-29T08:26:31","slug":"home","status":"publish","type":"page","link":"https:\/\/loquedeverdadimporta.film\/LQDVI-POR\/","title":{"rendered":"HOME"},"content":{"rendered":"\t\t<div data-elementor-type=\"wp-page\" data-elementor-id=\"20\" class=\"elementor elementor-20\">\n\t\t\t\t\t\t<section class=\"elementor-section elementor-top-section elementor-element elementor-element-c1ff087 elementor-section-stretched elementor-section-full_width elementor-section-height-default elementor-section-height-default\" data-id=\"c1ff087\" data-element_type=\"section\" data-settings=\"{&quot;stretch_section&quot;:&quot;section-stretched&quot;}\">\n\t\t\t\t\t\t<div class=\"elementor-container elementor-column-gap-default\">\n\t\t\t\t\t<div class=\"elementor-column elementor-col-66 elementor-top-column elementor-element elementor-element-4cf2c27\" data-id=\"4cf2c27\" data-element_type=\"column\">\n\t\t\t<div class=\"elementor-widget-wrap elementor-element-populated\">\n\t\t\t\t\t\t<div class=\"elementor-element elementor-element-9caf2c6 elementor-widget elementor-widget-image\" data-id=\"9caf2c6\" data-element_type=\"widget\" data-widget_type=\"image.default\">\n\t\t\t\t<div class=\"elementor-widget-container\">\n\t\t\t\t\t\t\t\t\t\t\t\t\t<img fetchpriority=\"high\" decoding=\"async\" width=\"525\" height=\"756\" src=\"https:\/\/loquedeverdadimporta.film\/LQDVI-POR\/wp-content\/uploads\/2020\/06\/PosterPORTUGALsinfecha-711x1024.jpg\" class=\"attachment-large size-large wp-image-205\" alt=\"\" srcset=\"https:\/\/loquedeverdadimporta.film\/LQDVI-POR\/wp-content\/uploads\/2020\/06\/PosterPORTUGALsinfecha-711x1024.jpg 711w, https:\/\/loquedeverdadimporta.film\/LQDVI-POR\/wp-content\/uploads\/2020\/06\/PosterPORTUGALsinfecha-208x300.jpg 208w, https:\/\/loquedeverdadimporta.film\/LQDVI-POR\/wp-content\/uploads\/2020\/06\/PosterPORTUGALsinfecha-768x1107.jpg 768w, https:\/\/loquedeverdadimporta.film\/LQDVI-POR\/wp-content\/uploads\/2020\/06\/PosterPORTUGALsinfecha-1066x1536.jpg 1066w, https:\/\/loquedeverdadimporta.film\/LQDVI-POR\/wp-content\/uploads\/2020\/06\/PosterPORTUGALsinfecha-1421x2048.jpg 1421w, https:\/\/loquedeverdadimporta.film\/LQDVI-POR\/wp-content\/uploads\/2020\/06\/PosterPORTUGALsinfecha-scaled.jpg 1777w\" sizes=\"100vw\" \/>\t\t\t\t\t\t\t\t\t\t\t\t\t<\/div>\n\t\t\t\t<\/div>\n\t\t\t\t\t<\/div>\n\t\t<\/div>\n\t\t\t\t<div class=\"elementor-column elementor-col-33 elementor-top-column elementor-element elementor-element-e72accd\" data-id=\"e72accd\" data-element_type=\"column\">\n\t\t\t<div class=\"elementor-widget-wrap elementor-element-populated\">\n\t\t\t\t\t\t<div class=\"elementor-element elementor-element-e6d008e elementor-widget elementor-widget-heading\" data-id=\"e6d008e\" data-element_type=\"widget\" data-widget_type=\"heading.default\">\n\t\t\t\t<div class=\"elementor-widget-container\">\n\t\t\t<h1 class=\"elementor-heading-title elementor-size-default\">THE HEALER<\/h1>\t\t<\/div>\n\t\t\t\t<\/div>\n\t\t\t\t<div class=\"elementor-element elementor-element-cede77e elementor-widget elementor-widget-heading\" data-id=\"cede77e\" data-element_type=\"widget\" data-widget_type=\"heading.default\">\n\t\t\t\t<div class=\"elementor-widget-container\">\n\t\t\t<h1 class=\"elementor-heading-title elementor-size-default\">O Que de Verdade Importa<\/h1>\t\t<\/div>\n\t\t\t\t<\/div>\n\t\t\t\t<section class=\"elementor-section elementor-inner-section elementor-element elementor-element-01846ff elementor-section-boxed elementor-section-height-default elementor-section-height-default\" data-id=\"01846ff\" data-element_type=\"section\">\n\t\t\t\t\t\t<div class=\"elementor-container elementor-column-gap-default\">\n\t\t\t\t\t<div class=\"elementor-column elementor-col-50 elementor-inner-column elementor-element elementor-element-642920d\" data-id=\"642920d\" data-element_type=\"column\">\n\t\t\t<div class=\"elementor-widget-wrap elementor-element-populated\">\n\t\t\t\t\t\t<div class=\"elementor-element elementor-element-0971cb9 elementor-widget elementor-widget-image\" data-id=\"0971cb9\" data-element_type=\"widget\" data-widget_type=\"image.default\">\n\t\t\t\t<div class=\"elementor-widget-container\">\n\t\t\t\t\t\t\t\t\t\t\t\t\t<img decoding=\"async\" width=\"150\" height=\"150\" src=\"https:\/\/loquedeverdadimporta.film\/LQDVI-POR\/wp-content\/uploads\/2020\/06\/netflix-stamp3-150x150.png\" class=\"attachment-thumbnail size-thumbnail wp-image-208\" alt=\"\" srcset=\"https:\/\/loquedeverdadimporta.film\/LQDVI-POR\/wp-content\/uploads\/2020\/06\/netflix-stamp3-150x150.png 150w, https:\/\/loquedeverdadimporta.film\/LQDVI-POR\/wp-content\/uploads\/2020\/06\/netflix-stamp3-300x300.png 300w, https:\/\/loquedeverdadimporta.film\/LQDVI-POR\/wp-content\/uploads\/2020\/06\/netflix-stamp3-100x100.png 100w, https:\/\/loquedeverdadimporta.film\/LQDVI-POR\/wp-content\/uploads\/2020\/06\/netflix-stamp3.png 500w\" sizes=\"100vw\" \/>\t\t\t\t\t\t\t\t\t\t\t\t\t<\/div>\n\t\t\t\t<\/div>\n\t\t\t\t\t<\/div>\n\t\t<\/div>\n\t\t\t\t<div class=\"elementor-column elementor-col-50 elementor-inner-column elementor-element elementor-element-a467498\" data-id=\"a467498\" data-element_type=\"column\">\n\t\t\t<div class=\"elementor-widget-wrap elementor-element-populated\">\n\t\t\t\t\t\t<div class=\"elementor-element elementor-element-26e3d58 elementor-widget elementor-widget-text-editor\" data-id=\"26e3d58\" data-element_type=\"widget\" data-widget_type=\"text-editor.default\">\n\t\t\t\t<div class=\"elementor-widget-container\">\n\t\t\t\t\t\t\t<p>Estreia em mais de 15 pa\u00edses e mais de 2,5 milh\u00f5es de espectadores.<\/p>\t\t\t\t\t\t<\/div>\n\t\t\t\t<\/div>\n\t\t\t\t\t<\/div>\n\t\t<\/div>\n\t\t\t\t\t<\/div>\n\t\t<\/section>\n\t\t\t\t<div class=\"elementor-element elementor-element-3954702 elementor-widget elementor-widget-text-editor\" data-id=\"3954702\" data-element_type=\"widget\" data-widget_type=\"text-editor.default\">\n\t\t\t\t<div class=\"elementor-widget-container\">\n\t\t\t\t\t\t\t<p><a href=\"https:\/\/loquedeverdadimporta.film\/LQDVI-POR\/projeto\/\">+INFO<\/a> \u00a0 |\u00a0 \u00a0<a href=\"https:\/\/loquedeverdadimporta.film\/LQDVI-POR\/trailer\/\">TR\u00c1ILER<\/a><\/p>\t\t\t\t\t\t<\/div>\n\t\t\t\t<\/div>\n\t\t\t\t<div class=\"elementor-element elementor-element-91bf9ad elementor-widget elementor-widget-heading\" data-id=\"91bf9ad\" data-element_type=\"widget\" data-widget_type=\"heading.default\">\n\t\t\t\t<div class=\"elementor-widget-container\">\n\t\t\t<h1 class=\"elementor-heading-title elementor-size-default\">Todas as receitas do produtor reverter\u00e3o a favor da <strong>Unidade de Transplante de Medula do IPO Lisboa<\/strong><\/h1>\t\t<\/div>\n\t\t\t\t<\/div>\n\t\t\t\t<div class=\"elementor-element elementor-element-b1e192f elementor-widget elementor-widget-text-editor\" data-id=\"b1e192f\" data-element_type=\"widget\" data-widget_type=\"text-editor.default\">\n\t\t\t\t<div class=\"elementor-widget-container\">\n\t\t\t\t\t\t\t<a href=\"https:\/\/loquedeverdadimporta.film\/\" target=\"_blank\" rel=\"noopener\">ESPANHA<\/a> | <a href=\"http:\/\/thehealerthemovie.com\/\" target=\"_blank\" rel=\"noopener\">USA<\/a> | <a href=\"https:\/\/loquedeverdadimporta.film\/LQDVI-MEX\/\" target=\"_blank\" rel=\"noopener\">M\u00c9XICO<\/a> | <a href=\"http:\/\/loquedeverdadimporta-ca.com\/\" target=\"_blank\" rel=\"noopener\">AM\u00c9RICA CENTRAL<\/a> | <a href=\"http:\/\/loquedeverdadimporta-co.com\/\" target=\"_blank\" rel=\"noopener\">COL\u00d4MBIA<\/a> | <a href=\"https:\/\/loquedeverdadimporta.film\/LQDVI-CHI\/\" target=\"_blank\" rel=\"noopener\">CHILE<\/a> | <a href=\"https:\/\/loquedeverdadimporta.film\/LQDVI-PER\/\" target=\"_blank\" rel=\"noopener\">PERU<\/a> | <a href=\"http:\/\/oquedeverdadeimporta.com\/\" target=\"_blank\" rel=\"noopener\">BRAZIL<\/a>\u00a0 |\u00a0 <a href=\"https:\/\/quellocheveramenteimporta.film\/\" target=\"_blank\" rel=\"noopener\">IT\u00c1LIA<\/a>\t\t\t\t\t\t<\/div>\n\t\t\t\t<\/div>\n\t\t\t\t\t<\/div>\n\t\t<\/div>\n\t\t\t\t\t<\/div>\n\t\t<\/section>\n\t\t\t\t<\/div>\n\t\t","protected":false},"excerpt":{"rendered":"<p>THE HEALER O Que de Verdade Importa Estreia em mais de 15 pa\u00edses e mais de 2,5 milh\u00f5es de espectadores. +INFO \u00a0 |\u00a0 \u00a0TR\u00c1ILER Todas as receitas do produtor reverter\u00e3o a favor da Unidade de Transplante de Medula do IPO Lisboa ESPANHA | USA | M\u00c9XICO | AM\u00c9RICA CENTRAL | COL\u00d4MBIA | CHILE | PERU &hellip; <\/p>\n<p class=\"link-more\"><a href=\"https:\/\/loquedeverdadimporta.film\/LQDVI-POR\/\" class=\"more-link\">Continuar leyendo<span class=\"screen-reader-text\"> \u00abHOME\u00bb<\/span><\/a><\/p>\n","protected":false},"author":1,"featured_media":0,"parent":0,"menu_order":0,"comment_status":"closed","ping_status":"closed","template":"elementor_canvas","meta":{"footnotes":""},"_links":{"self":[{"href":"https:\/\/loquedeverdadimporta.film\/LQDVI-POR\/wp-json\/wp\/v2\/pages\/20"}],"collection":[{"href":"https:\/\/loquedeverdadimporta.film\/LQDVI-POR\/wp-json\/wp\/v2\/pages"}],"about":[{"href":"https:\/\/loquedeverdadimporta.film\/LQDVI-POR\/wp-json\/wp\/v2\/types\/page"}],"author":[{"embeddable":true,"href":"https:\/\/loquedeverdadimporta.film\/LQDVI-POR\/wp-json\/wp\/v2\/users\/1"}],"replies":[{"embeddable":true,"href":"https:\/\/loquedeverdadimporta.film\/LQDVI-POR\/wp-json\/wp\/v2\/comments?post=20"}],"version-history":[{"count":24,"href":"https:\/\/loquedeverdadimporta.film\/LQDVI-POR\/wp-json\/wp\/v2\/pages\/20\/revisions"}],"predecessor-version":[{"id":227,"href":"https:\/\/loquedeverdadimporta.film\/LQDVI-POR\/wp-json\/wp\/v2\/pages\/20\/revisions\/227"}],"wp:attachment":[{"href":"https:\/\/loquedeverdadimporta.film\/LQDVI-POR\/wp-json\/wp\/v2\/media?parent=20"}],"curies":[{"name":"wp","href":"https:\/\/api.w.org\/{rel}","templated":true}]}}