{"id":95,"date":"2020-04-06T20:38:13","date_gmt":"2020-04-06T20:38:13","guid":{"rendered":"https:\/\/loquedeverdadimporta.film\/LQDVI-PER\/?page_id=95"},"modified":"2020-04-14T11:47:05","modified_gmt":"2020-04-14T11:47:05","slug":"liga-contra-el-cancer","status":"publish","type":"page","link":"https:\/\/loquedeverdadimporta.film\/LQDVI-PER\/liga-contra-el-cancer\/","title":{"rendered":"Liga Peruana Contra el C\u00e1ncer"},"content":{"rendered":"\t\t<div data-elementor-type=\"wp-page\" data-elementor-id=\"95\" class=\"elementor elementor-95\">\n\t\t\t\t\t\t<section class=\"elementor-section elementor-top-section elementor-element elementor-element-76943ed elementor-section-boxed elementor-section-height-default elementor-section-height-default\" data-id=\"76943ed\" data-element_type=\"section\">\n\t\t\t\t\t\t<div class=\"elementor-container elementor-column-gap-default\">\n\t\t\t\t\t<div class=\"elementor-column elementor-col-100 elementor-top-column elementor-element elementor-element-dfb3128\" data-id=\"dfb3128\" data-element_type=\"column\">\n\t\t\t<div class=\"elementor-widget-wrap elementor-element-populated\">\n\t\t\t\t\t\t<div class=\"elementor-element elementor-element-11deee0 elementor-widget elementor-widget-image\" data-id=\"11deee0\" data-element_type=\"widget\" data-widget_type=\"image.default\">\n\t\t\t\t<div class=\"elementor-widget-container\">\n\t\t\t\t\t\t\t\t\t\t\t\t\t<img fetchpriority=\"high\" decoding=\"async\" width=\"341\" height=\"159\" src=\"https:\/\/loquedeverdadimporta.film\/LQDVI-PER\/wp-content\/uploads\/2020\/04\/logo-ligaPeruanaCC.png\" class=\"attachment-medium_large size-medium_large wp-image-140\" alt=\"\" srcset=\"https:\/\/loquedeverdadimporta.film\/LQDVI-PER\/wp-content\/uploads\/2020\/04\/logo-ligaPeruanaCC.png 341w, https:\/\/loquedeverdadimporta.film\/LQDVI-PER\/wp-content\/uploads\/2020\/04\/logo-ligaPeruanaCC-300x140.png 300w\" sizes=\"100vw\" \/>\t\t\t\t\t\t\t\t\t\t\t\t\t<\/div>\n\t\t\t\t<\/div>\n\t\t\t\t<div class=\"elementor-element elementor-element-83f4548 elementor-widget elementor-widget-spacer\" data-id=\"83f4548\" data-element_type=\"widget\" data-widget_type=\"spacer.default\">\n\t\t\t\t<div class=\"elementor-widget-container\">\n\t\t\t\t\t<div class=\"elementor-spacer\">\n\t\t\t<div class=\"elementor-spacer-inner\"><\/div>\n\t\t<\/div>\n\t\t\t\t<\/div>\n\t\t\t\t<\/div>\n\t\t\t\t<div class=\"elementor-element elementor-element-96128dc elementor-widget elementor-widget-text-editor\" data-id=\"96128dc\" data-element_type=\"widget\" data-widget_type=\"text-editor.default\">\n\t\t\t\t<div class=\"elementor-widget-container\">\n\t\t\t\t\t\t\t<p>Desde hace 67 a\u00f1os, la\u00a0<a href=\"http:\/\/www.ligacancer.org.pe\/\" target=\"_blank\" rel=\"noopener\"><strong>Liga Peruana contra el c\u00e1ncer<\/strong><\/a>\u00a0es la primera y m\u00e1s grande instituci\u00f3n del Per\u00fa en realizar acciones de detecci\u00f3n y prevenci\u00f3n de c\u00e1ncer. Su misi\u00f3n es Salvar Vidas a trav\u00e9s de la investigaci\u00f3n, educaci\u00f3n, la defensa y el servicio; brind\u00e1ndole a sus pacientes una atenci\u00f3n con calidad y calidez.<\/p><p>Tienen 3 sedes en Lima, 17 sedes a nivel Nacional y 5 unidades m\u00f3viles.<\/p><p>Cuentan con un amplio grupo de profesionales m\u00e9dicos, que se desempe\u00f1an en instituciones p\u00fablicas y privadas a nivel nacional, aportando siempre a la salud de la poblaci\u00f3n<\/p><p>Cuentan con el proyecto \u201cSoy tu Angel\u201d, en el cual brindan Charlas de Sensibilizaci\u00f3n que tratan temas como: Estilos de Vida Saludable y cambio de h\u00e1bitos alimenticios en ni\u00f1os de poblaciones vulnerables.<br \/>Colocaci\u00f3n de la Vacuna contra el VPH a ni\u00f1os de zonas vulnerables y dif\u00edcil acceso.<br \/>Traslado de pacientes (ni\u00f1os) con c\u00e1ncer avanzado desde zonas perif\u00e9ricas.\u00a0<\/p>\t\t\t\t\t\t<\/div>\n\t\t\t\t<\/div>\n\t\t\t\t\t<\/div>\n\t\t<\/div>\n\t\t\t\t\t<\/div>\n\t\t<\/section>\n\t\t\t\t<\/div>\n\t\t","protected":false},"excerpt":{"rendered":"<p>Desde hace 67 a\u00f1os, la\u00a0Liga Peruana contra el c\u00e1ncer\u00a0es la primera y m\u00e1s grande instituci\u00f3n del Per\u00fa en realizar acciones de detecci\u00f3n y prevenci\u00f3n de c\u00e1ncer. Su misi\u00f3n es Salvar Vidas a trav\u00e9s de la investigaci\u00f3n, educaci\u00f3n, la defensa y el servicio; brind\u00e1ndole a sus pacientes una atenci\u00f3n con calidad y calidez. Tienen 3 sedes &hellip; <\/p>\n<p class=\"link-more\"><a href=\"https:\/\/loquedeverdadimporta.film\/LQDVI-PER\/liga-contra-el-cancer\/\" class=\"more-link\">Continuar leyendo<span class=\"screen-reader-text\"> \u00abLiga Peruana Contra el C\u00e1ncer\u00bb<\/span><\/a><\/p>\n","protected":false},"author":1,"featured_media":0,"parent":0,"menu_order":0,"comment_status":"closed","ping_status":"closed","template":"elementor_canvas","meta":{"footnotes":""},"_links":{"self":[{"href":"https:\/\/loquedeverdadimporta.film\/LQDVI-PER\/wp-json\/wp\/v2\/pages\/95"}],"collection":[{"href":"https:\/\/loquedeverdadimporta.film\/LQDVI-PER\/wp-json\/wp\/v2\/pages"}],"about":[{"href":"https:\/\/loquedeverdadimporta.film\/LQDVI-PER\/wp-json\/wp\/v2\/types\/page"}],"author":[{"embeddable":true,"href":"https:\/\/loquedeverdadimporta.film\/LQDVI-PER\/wp-json\/wp\/v2\/users\/1"}],"replies":[{"embeddable":true,"href":"https:\/\/loquedeverdadimporta.film\/LQDVI-PER\/wp-json\/wp\/v2\/comments?post=95"}],"version-history":[{"count":4,"href":"https:\/\/loquedeverdadimporta.film\/LQDVI-PER\/wp-json\/wp\/v2\/pages\/95\/revisions"}],"predecessor-version":[{"id":141,"href":"https:\/\/loquedeverdadimporta.film\/LQDVI-PER\/wp-json\/wp\/v2\/pages\/95\/revisions\/141"}],"wp:attachment":[{"href":"https:\/\/loquedeverdadimporta.film\/LQDVI-PER\/wp-json\/wp\/v2\/media?parent=95"}],"curies":[{"name":"wp","href":"https:\/\/api.w.org\/{rel}","templated":true}]}}