{"id":85,"date":"2020-04-06T20:34:51","date_gmt":"2020-04-06T20:34:51","guid":{"rendered":"https:\/\/loquedeverdadimporta.film\/LQDVI-PER\/?page_id=85"},"modified":"2020-04-06T20:35:50","modified_gmt":"2020-04-06T20:35:50","slug":"serious-fun-childrens-network","status":"publish","type":"page","link":"https:\/\/loquedeverdadimporta.film\/LQDVI-PER\/serious-fun-childrens-network\/","title":{"rendered":"Serious Fun Children&#8217;s Network"},"content":{"rendered":"\t\t<div data-elementor-type=\"wp-page\" data-elementor-id=\"85\" class=\"elementor elementor-85\">\n\t\t\t\t\t\t<section class=\"elementor-section elementor-top-section elementor-element elementor-element-76943ed elementor-section-boxed elementor-section-height-default elementor-section-height-default\" data-id=\"76943ed\" data-element_type=\"section\">\n\t\t\t\t\t\t<div class=\"elementor-container elementor-column-gap-default\">\n\t\t\t\t\t<div class=\"elementor-column elementor-col-100 elementor-top-column elementor-element elementor-element-dfb3128\" data-id=\"dfb3128\" data-element_type=\"column\">\n\t\t\t<div class=\"elementor-widget-wrap elementor-element-populated\">\n\t\t\t\t\t\t<div class=\"elementor-element elementor-element-11deee0 elementor-widget elementor-widget-image\" data-id=\"11deee0\" data-element_type=\"widget\" data-widget_type=\"image.default\">\n\t\t\t\t<div class=\"elementor-widget-container\">\n\t\t\t\t\t\t\t\t\t\t\t\t\t<img fetchpriority=\"high\" decoding=\"async\" width=\"341\" height=\"159\" src=\"https:\/\/loquedeverdadimporta.film\/LQDVI-PER\/wp-content\/uploads\/2020\/04\/serious.png\" class=\"attachment-medium_large size-medium_large wp-image-88\" alt=\"\" srcset=\"https:\/\/loquedeverdadimporta.film\/LQDVI-PER\/wp-content\/uploads\/2020\/04\/serious.png 341w, https:\/\/loquedeverdadimporta.film\/LQDVI-PER\/wp-content\/uploads\/2020\/04\/serious-300x140.png 300w\" sizes=\"100vw\" \/>\t\t\t\t\t\t\t\t\t\t\t\t\t<\/div>\n\t\t\t\t<\/div>\n\t\t\t\t<div class=\"elementor-element elementor-element-83f4548 elementor-widget elementor-widget-spacer\" data-id=\"83f4548\" data-element_type=\"widget\" data-widget_type=\"spacer.default\">\n\t\t\t\t<div class=\"elementor-widget-container\">\n\t\t\t\t\t<div class=\"elementor-spacer\">\n\t\t\t<div class=\"elementor-spacer-inner\"><\/div>\n\t\t<\/div>\n\t\t\t\t<\/div>\n\t\t\t\t<\/div>\n\t\t\t\t<div class=\"elementor-element elementor-element-96128dc elementor-widget elementor-widget-text-editor\" data-id=\"96128dc\" data-element_type=\"widget\" data-widget_type=\"text-editor.default\">\n\t\t\t\t<div class=\"elementor-widget-container\">\n\t\t\t\t\t\t\t<p>Hace m\u00e1s de 20 a\u00f1os, el actor Paul Newman tuvo una idea: \u00bfy si los ni\u00f1os gravemente enfermos tuvieran la oportunidad de volver a ser \u201csencillamente\u201d ni\u00f1os? \u00bfDe divertirse y nada m\u00e1s? Por eso organiz\u00f3 y cre\u00f3 un campamento para que los ni\u00f1os pudieran, seg\u00fan sus propias palabras, \u201cmontar un poco de foll\u00f3n\u201d. Hoy, el legado de Paul Newman contin\u00faa funcionando a trav\u00e9s de\u00a0<strong>\u201c<\/strong><a href=\"https:\/\/www.seriousfunnetwork.org\/\"><strong>Serious Fun Children\u2019s Network<\/strong><\/a><strong>\u201d<\/strong>, una comunidad internacional, cada vez m\u00e1s grande, de campamentos para ni\u00f1os enfermos.<\/p><p>Dise\u00f1ados para crear experiencias positivas y recreativas, los programas de la organizaci\u00f3n est\u00e1n desarrollados para reforzar la capacidad de lucha; para fortalecer la independencia y el crecimiento personal; y para ayudar a los ni\u00f1os a ir m\u00e1s all\u00e1 de los l\u00edmites de sus condiciones m\u00e9dicas.<\/p><p>Desde 1988, la idea y la \u201cvisi\u00f3n\u201d de Paul Newman ha ido evolucionando para convertirse, de un solo campamento en Connecticut, a una comunidad global que llega a ni\u00f1os de m\u00e1s de 50 pa\u00edses en los cinco continentes.\u00a0<\/p>\t\t\t\t\t\t<\/div>\n\t\t\t\t<\/div>\n\t\t\t\t<div class=\"elementor-element elementor-element-7884ec9 elementor-widget elementor-widget-image\" data-id=\"7884ec9\" data-element_type=\"widget\" data-widget_type=\"image.default\">\n\t\t\t\t<div class=\"elementor-widget-container\">\n\t\t\t\t\t\t\t\t\t\t\t\t\t<img decoding=\"async\" width=\"525\" height=\"273\" src=\"https:\/\/loquedeverdadimporta.film\/LQDVI-PER\/wp-content\/uploads\/2020\/04\/mapa.png\" class=\"attachment-medium_large size-medium_large wp-image-87\" alt=\"\" srcset=\"https:\/\/loquedeverdadimporta.film\/LQDVI-PER\/wp-content\/uploads\/2020\/04\/mapa.png 544w, https:\/\/loquedeverdadimporta.film\/LQDVI-PER\/wp-content\/uploads\/2020\/04\/mapa-300x156.png 300w\" sizes=\"100vw\" \/>\t\t\t\t\t\t\t\t\t\t\t\t\t<\/div>\n\t\t\t\t<\/div>\n\t\t\t\t\t<\/div>\n\t\t<\/div>\n\t\t\t\t\t<\/div>\n\t\t<\/section>\n\t\t\t\t<\/div>\n\t\t","protected":false},"excerpt":{"rendered":"<p>Hace m\u00e1s de 20 a\u00f1os, el actor Paul Newman tuvo una idea: \u00bfy si los ni\u00f1os gravemente enfermos tuvieran la oportunidad de volver a ser \u201csencillamente\u201d ni\u00f1os? \u00bfDe divertirse y nada m\u00e1s? Por eso organiz\u00f3 y cre\u00f3 un campamento para que los ni\u00f1os pudieran, seg\u00fan sus propias palabras, \u201cmontar un poco de foll\u00f3n\u201d. Hoy, el &hellip; <\/p>\n<p class=\"link-more\"><a href=\"https:\/\/loquedeverdadimporta.film\/LQDVI-PER\/serious-fun-childrens-network\/\" class=\"more-link\">Continuar leyendo<span class=\"screen-reader-text\"> \u00abSerious Fun Children&#8217;s Network\u00bb<\/span><\/a><\/p>\n","protected":false},"author":1,"featured_media":0,"parent":0,"menu_order":0,"comment_status":"closed","ping_status":"closed","template":"elementor_canvas","meta":{"footnotes":""},"_links":{"self":[{"href":"https:\/\/loquedeverdadimporta.film\/LQDVI-PER\/wp-json\/wp\/v2\/pages\/85"}],"collection":[{"href":"https:\/\/loquedeverdadimporta.film\/LQDVI-PER\/wp-json\/wp\/v2\/pages"}],"about":[{"href":"https:\/\/loquedeverdadimporta.film\/LQDVI-PER\/wp-json\/wp\/v2\/types\/page"}],"author":[{"embeddable":true,"href":"https:\/\/loquedeverdadimporta.film\/LQDVI-PER\/wp-json\/wp\/v2\/users\/1"}],"replies":[{"embeddable":true,"href":"https:\/\/loquedeverdadimporta.film\/LQDVI-PER\/wp-json\/wp\/v2\/comments?post=85"}],"version-history":[{"count":2,"href":"https:\/\/loquedeverdadimporta.film\/LQDVI-PER\/wp-json\/wp\/v2\/pages\/85\/revisions"}],"predecessor-version":[{"id":89,"href":"https:\/\/loquedeverdadimporta.film\/LQDVI-PER\/wp-json\/wp\/v2\/pages\/85\/revisions\/89"}],"wp:attachment":[{"href":"https:\/\/loquedeverdadimporta.film\/LQDVI-PER\/wp-json\/wp\/v2\/media?parent=85"}],"curies":[{"name":"wp","href":"https:\/\/api.w.org\/{rel}","templated":true}]}}