{"id":80,"date":"2020-04-06T20:32:16","date_gmt":"2020-04-06T20:32:16","guid":{"rendered":"https:\/\/loquedeverdadimporta.film\/LQDVI-PER\/?page_id=80"},"modified":"2020-04-06T20:34:04","modified_gmt":"2020-04-06T20:34:04","slug":"camilla-luddington-cecilia","status":"publish","type":"page","link":"https:\/\/loquedeverdadimporta.film\/LQDVI-PER\/camilla-luddington-cecilia\/","title":{"rendered":"CAMILLA LUDDINGTON (CECILIA)"},"content":{"rendered":"\t\t<div data-elementor-type=\"wp-page\" data-elementor-id=\"80\" class=\"elementor elementor-80\">\n\t\t\t\t\t\t<section class=\"elementor-section elementor-top-section elementor-element elementor-element-76943ed elementor-section-boxed elementor-section-height-default elementor-section-height-default\" data-id=\"76943ed\" data-element_type=\"section\">\n\t\t\t\t\t\t<div class=\"elementor-container elementor-column-gap-default\">\n\t\t\t\t\t<div class=\"elementor-column elementor-col-100 elementor-top-column elementor-element elementor-element-dfb3128\" data-id=\"dfb3128\" data-element_type=\"column\">\n\t\t\t<div class=\"elementor-widget-wrap elementor-element-populated\">\n\t\t\t\t\t\t<div class=\"elementor-element elementor-element-11deee0 elementor-widget elementor-widget-image\" data-id=\"11deee0\" data-element_type=\"widget\" data-widget_type=\"image.default\">\n\t\t\t\t<div class=\"elementor-widget-container\">\n\t\t\t\t\t\t\t\t\t\t\t\t\t<img fetchpriority=\"high\" decoding=\"async\" width=\"525\" height=\"350\" src=\"https:\/\/loquedeverdadimporta.film\/LQDVI-PER\/wp-content\/uploads\/2020\/04\/Camila-Luddington-1024x683.jpg\" class=\"attachment-large size-large wp-image-62\" alt=\"\" srcset=\"https:\/\/loquedeverdadimporta.film\/LQDVI-PER\/wp-content\/uploads\/2020\/04\/Camila-Luddington-1024x683.jpg 1024w, https:\/\/loquedeverdadimporta.film\/LQDVI-PER\/wp-content\/uploads\/2020\/04\/Camila-Luddington-300x200.jpg 300w, https:\/\/loquedeverdadimporta.film\/LQDVI-PER\/wp-content\/uploads\/2020\/04\/Camila-Luddington-768x513.jpg 768w, https:\/\/loquedeverdadimporta.film\/LQDVI-PER\/wp-content\/uploads\/2020\/04\/Camila-Luddington.jpg 1500w\" sizes=\"100vw\" \/>\t\t\t\t\t\t\t\t\t\t\t\t\t<\/div>\n\t\t\t\t<\/div>\n\t\t\t\t<div class=\"elementor-element elementor-element-f02f067 elementor-widget elementor-widget-heading\" data-id=\"f02f067\" data-element_type=\"widget\" data-widget_type=\"heading.default\">\n\t\t\t\t<div class=\"elementor-widget-container\">\n\t\t\t<h2 class=\"elementor-heading-title elementor-size-default\">CAMILLA LUDDINGTON (CECILIA)<\/h2>\t\t<\/div>\n\t\t\t\t<\/div>\n\t\t\t\t<div class=\"elementor-element elementor-element-96128dc elementor-widget elementor-widget-text-editor\" data-id=\"96128dc\" data-element_type=\"widget\" data-widget_type=\"text-editor.default\">\n\t\t\t\t<div class=\"elementor-widget-container\">\n\t\t\t\t\t\t\t<p>Cuando no est\u00e1 intubando enfermos en el\u00a0<em>Grey Sloane Memorial Hospital<\/em>\u00a0de\u00a0<em>Anatom\u00eda de Grey,\u00a0<\/em>pone voz y movimiento a la m\u00edtica Lara Croft del videojuego\u00a0<em>Tomb Raider.\u00a0<\/em>El curr\u00edculum de esta actriz inglesa tambi\u00e9n incluye haber interpretado a su paisana Kate Middleton en una TV Movie y papeles fijos en series tan populares como\u00a0<em>Californication\u00a0<\/em>o\u00a0<em>True Blood.<\/em><\/p><p>Brit\u00e1nica como su compa\u00f1ero de reparto, Camilla Luddington naci\u00f3 hace 32 a\u00f1os en el seno de una familia de clase media en Berkshire, al sudeste de Inglaterra. Tras estudiar sus primeros a\u00f1os en un colegio femenino en Ascot, en su condado natal, a los 14 a\u00f1os, se traslada junto a su familia a Austin, Texas, en Estados Unidos.<\/p><p>Tras obtener varios papeles espor\u00e1dicos en series como\u00a0<em>CSI<\/em>,\u00a0<em>D\u00edas de nuestra vida<\/em>\u00a0o\u00a0<em>Sin identificar,\u00a0<\/em>en 2011 su nombre empieza a sonar en los medios de comunicaci\u00f3n tras ser elegida para interpretar a Kate Middleton en\u00a0<em>William &amp; Kate: una historia real,<\/em>\u00a0una TV Movie que contaba la historia del romance entre el pr\u00edncipe Guillermo de Inglaterra y la actual Duquesa de Cambridge. El\u00a0<em>Daily Mail<\/em>\u00a0lleg\u00f3 a situarla en \u201cel camino hacia la fama y la gloria\u201d. Despu\u00e9s vinieron papeles fijos en las series\u00a0<em>Californication,\u00a0<\/em>en la que interpretaba a una ni\u00f1era;\u00a0<em>True Blood<\/em>, donde interpret\u00f3 al hada Claudette, y\u00a0<em>Anatom\u00eda de Grey,\u00a0<\/em>serie en la que interpreta a la residente Jo Wilson y donde comenz\u00f3 con un papel espor\u00e1dico para convertirse en uno de los fijos principales de las \u00faltimas temporadas.<\/p><p>En 2012, tras superar tres audiciones, la empresa Crystal Dynamics confirm\u00f3 que la actriz dar\u00eda voz y movilidad a la arque\u00f3loga Lara Croft en el nuevo lanzamiento de la saga, convirti\u00e9ndose en protagonista de los videojuegos\u00a0<em>Tomb Raider<\/em>\u00a0(2013) y la secuela\u00a0<em>The rise of the Tomb Raider\u00a0<\/em>(2015).<\/p>\t\t\t\t\t\t<\/div>\n\t\t\t\t<\/div>\n\t\t\t\t\t<\/div>\n\t\t<\/div>\n\t\t\t\t\t<\/div>\n\t\t<\/section>\n\t\t\t\t<\/div>\n\t\t","protected":false},"excerpt":{"rendered":"<p>CAMILLA LUDDINGTON (CECILIA) Cuando no est\u00e1 intubando enfermos en el\u00a0Grey Sloane Memorial Hospital\u00a0de\u00a0Anatom\u00eda de Grey,\u00a0pone voz y movimiento a la m\u00edtica Lara Croft del videojuego\u00a0Tomb Raider.\u00a0El curr\u00edculum de esta actriz inglesa tambi\u00e9n incluye haber interpretado a su paisana Kate Middleton en una TV Movie y papeles fijos en series tan populares como\u00a0Californication\u00a0o\u00a0True Blood. Brit\u00e1nica como &hellip; <\/p>\n<p class=\"link-more\"><a href=\"https:\/\/loquedeverdadimporta.film\/LQDVI-PER\/camilla-luddington-cecilia\/\" class=\"more-link\">Continuar leyendo<span class=\"screen-reader-text\"> \u00abCAMILLA LUDDINGTON (CECILIA)\u00bb<\/span><\/a><\/p>\n","protected":false},"author":1,"featured_media":0,"parent":0,"menu_order":0,"comment_status":"closed","ping_status":"closed","template":"elementor_canvas","meta":{"footnotes":""},"_links":{"self":[{"href":"https:\/\/loquedeverdadimporta.film\/LQDVI-PER\/wp-json\/wp\/v2\/pages\/80"}],"collection":[{"href":"https:\/\/loquedeverdadimporta.film\/LQDVI-PER\/wp-json\/wp\/v2\/pages"}],"about":[{"href":"https:\/\/loquedeverdadimporta.film\/LQDVI-PER\/wp-json\/wp\/v2\/types\/page"}],"author":[{"embeddable":true,"href":"https:\/\/loquedeverdadimporta.film\/LQDVI-PER\/wp-json\/wp\/v2\/users\/1"}],"replies":[{"embeddable":true,"href":"https:\/\/loquedeverdadimporta.film\/LQDVI-PER\/wp-json\/wp\/v2\/comments?post=80"}],"version-history":[{"count":1,"href":"https:\/\/loquedeverdadimporta.film\/LQDVI-PER\/wp-json\/wp\/v2\/pages\/80\/revisions"}],"predecessor-version":[{"id":84,"href":"https:\/\/loquedeverdadimporta.film\/LQDVI-PER\/wp-json\/wp\/v2\/pages\/80\/revisions\/84"}],"wp:attachment":[{"href":"https:\/\/loquedeverdadimporta.film\/LQDVI-PER\/wp-json\/wp\/v2\/media?parent=80"}],"curies":[{"name":"wp","href":"https:\/\/api.w.org\/{rel}","templated":true}]}}