{"id":77,"date":"2020-04-06T20:32:31","date_gmt":"2020-04-06T20:32:31","guid":{"rendered":"https:\/\/loquedeverdadimporta.film\/LQDVI-PER\/?page_id=77"},"modified":"2020-04-24T11:10:23","modified_gmt":"2020-04-24T11:10:23","slug":"fundacion-aladina","status":"publish","type":"page","link":"https:\/\/loquedeverdadimporta.film\/LQDVI-PER\/fundacion-aladina\/","title":{"rendered":"Fundaci\u00f3n Aladina"},"content":{"rendered":"\t\t<div data-elementor-type=\"wp-page\" data-elementor-id=\"77\" class=\"elementor elementor-77\">\n\t\t\t\t\t\t<section class=\"elementor-section elementor-top-section elementor-element elementor-element-76943ed elementor-section-boxed elementor-section-height-default elementor-section-height-default\" data-id=\"76943ed\" data-element_type=\"section\">\n\t\t\t\t\t\t<div class=\"elementor-container elementor-column-gap-default\">\n\t\t\t\t\t<div class=\"elementor-column elementor-col-100 elementor-top-column elementor-element elementor-element-dfb3128\" data-id=\"dfb3128\" data-element_type=\"column\">\n\t\t\t<div class=\"elementor-widget-wrap elementor-element-populated\">\n\t\t\t\t\t\t<div class=\"elementor-element elementor-element-11deee0 elementor-widget elementor-widget-image\" data-id=\"11deee0\" data-element_type=\"widget\" data-widget_type=\"image.default\">\n\t\t\t\t<div class=\"elementor-widget-container\">\n\t\t\t\t\t\t\t\t\t\t\t\t\t<img fetchpriority=\"high\" decoding=\"async\" width=\"525\" height=\"105\" src=\"https:\/\/loquedeverdadimporta.film\/LQDVI-PER\/wp-content\/uploads\/2020\/04\/logo-aladina-18.png\" class=\"attachment-medium_large size-medium_large wp-image-82\" alt=\"\" srcset=\"https:\/\/loquedeverdadimporta.film\/LQDVI-PER\/wp-content\/uploads\/2020\/04\/logo-aladina-18.png 600w, https:\/\/loquedeverdadimporta.film\/LQDVI-PER\/wp-content\/uploads\/2020\/04\/logo-aladina-18-300x60.png 300w\" sizes=\"100vw\" \/>\t\t\t\t\t\t\t\t\t\t\t\t\t<\/div>\n\t\t\t\t<\/div>\n\t\t\t\t<div class=\"elementor-element elementor-element-83f4548 elementor-widget elementor-widget-spacer\" data-id=\"83f4548\" data-element_type=\"widget\" data-widget_type=\"spacer.default\">\n\t\t\t\t<div class=\"elementor-widget-container\">\n\t\t\t\t\t<div class=\"elementor-spacer\">\n\t\t\t<div class=\"elementor-spacer-inner\"><\/div>\n\t\t<\/div>\n\t\t\t\t<\/div>\n\t\t\t\t<\/div>\n\t\t\t\t<div class=\"elementor-element elementor-element-96128dc elementor-widget elementor-widget-text-editor\" data-id=\"96128dc\" data-element_type=\"widget\" data-widget_type=\"text-editor.default\">\n\t\t\t\t<div class=\"elementor-widget-container\">\n\t\t\t\t\t\t\t<p>La\u00a0<strong><a href=\"http:\/\/aladina.org\/\">Fundaci\u00f3n Aladina<\/a><\/strong>\u00a0naci\u00f3 en 2005 pero comenz\u00f3 a gestarse cuatro a\u00f1os antes, cuando Paco Arango pidi\u00f3 a un amigo que le buscase un proyecto en el que \u201cmancharse las manos\u201d y al que pudiera donar su tiempo y devolver parte de la suerte que hab\u00eda tenido en la vida. Con esa idea en la cabeza, lleg\u00f3 un mi\u00e9rcoles por la tarde del a\u00f1o 2001 al Hospital Infantil Ni\u00f1o Jes\u00fas y se qued\u00f3 para siempre.<\/p><p>La Fundaci\u00f3n Aladina proporciona apoyo integral, a trav\u00e9s de asistencia psicol\u00f3gica, material y emocional, a ni\u00f1os y adolescentes enfermos de c\u00e1ncer y a sus familias. Para ello cuenta con un equipo de profesionales y voluntarios que trabajan para hacerles m\u00e1s ameno el tiempo que pasan en el hospital, ayud\u00e1ndoles a desconectar y a olvidar la enfermedad, pero tambi\u00e9n a comprenderla y a asumir su nueva situaci\u00f3n.<\/p><p>En la actualidad la fundaci\u00f3n colabora con 13 hospitales de toda Espa\u00f1a, ayuda a m\u00e1s de 1.500 ni\u00f1os al a\u00f1o y contribuye a mejorar las instalaciones hospitalarias de los centros en los que trabaja. Un buen ejemplo de ello es el\u00a0<strong>centro de trasplantes de m\u00e9dula \u00f3sea \u201cMAKTUB\u201d<\/strong>\u00a0(financiado con la recaudaci\u00f3n de la pel\u00edcula hom\u00f3nima dirigida por Paco Arango), uno de las m\u00e1s avanzados del mundo y en el que se han llevado a cabo ya m\u00e1s de 200 trasplantes.<\/p><p>Adem\u00e1s, la fundaci\u00f3n ha llevado a cabo la reforma integral de la UCI (Unidad de Cuidados Intensivos) del Hospital Ni\u00f1o Jes\u00fas creando as\u00ed una unidad de cuidados intensivos pionera en Espa\u00f1a. La nueva UCI ALADINA, cuya reforma supuso una inversi\u00f3n de 1.500.000\u20ac, mejora la vida de m\u00e1s de 800 ni\u00f1os gravemente enfermos cada a\u00f1o.<\/p><p>Aladina es tambi\u00e9n el mayor patrocinador de Barretstown (Irlanda) en Espa\u00f1a y uno de los grandes colaboradores de Dynamo Camp (Italia), dos de los campamentos de la red \u201cSerious Fun Children\u2019s Network\u201d, creada por Paul Newman. La fundaci\u00f3n hace posible que cada a\u00f1o m\u00e1s de 200 ni\u00f1os enfermos espa\u00f1oles acudan a estos campamentos.<\/p>\t\t\t\t\t\t<\/div>\n\t\t\t\t<\/div>\n\t\t\t\t\t<\/div>\n\t\t<\/div>\n\t\t\t\t\t<\/div>\n\t\t<\/section>\n\t\t\t\t<\/div>\n\t\t","protected":false},"excerpt":{"rendered":"<p>La\u00a0Fundaci\u00f3n Aladina\u00a0naci\u00f3 en 2005 pero comenz\u00f3 a gestarse cuatro a\u00f1os antes, cuando Paco Arango pidi\u00f3 a un amigo que le buscase un proyecto en el que \u201cmancharse las manos\u201d y al que pudiera donar su tiempo y devolver parte de la suerte que hab\u00eda tenido en la vida. Con esa idea en la cabeza, lleg\u00f3 &hellip; <\/p>\n<p class=\"link-more\"><a href=\"https:\/\/loquedeverdadimporta.film\/LQDVI-PER\/fundacion-aladina\/\" class=\"more-link\">Continuar leyendo<span class=\"screen-reader-text\"> \u00abFundaci\u00f3n Aladina\u00bb<\/span><\/a><\/p>\n","protected":false},"author":1,"featured_media":0,"parent":0,"menu_order":0,"comment_status":"closed","ping_status":"closed","template":"elementor_canvas","meta":{"footnotes":""},"_links":{"self":[{"href":"https:\/\/loquedeverdadimporta.film\/LQDVI-PER\/wp-json\/wp\/v2\/pages\/77"}],"collection":[{"href":"https:\/\/loquedeverdadimporta.film\/LQDVI-PER\/wp-json\/wp\/v2\/pages"}],"about":[{"href":"https:\/\/loquedeverdadimporta.film\/LQDVI-PER\/wp-json\/wp\/v2\/types\/page"}],"author":[{"embeddable":true,"href":"https:\/\/loquedeverdadimporta.film\/LQDVI-PER\/wp-json\/wp\/v2\/users\/1"}],"replies":[{"embeddable":true,"href":"https:\/\/loquedeverdadimporta.film\/LQDVI-PER\/wp-json\/wp\/v2\/comments?post=77"}],"version-history":[{"count":4,"href":"https:\/\/loquedeverdadimporta.film\/LQDVI-PER\/wp-json\/wp\/v2\/pages\/77\/revisions"}],"predecessor-version":[{"id":149,"href":"https:\/\/loquedeverdadimporta.film\/LQDVI-PER\/wp-json\/wp\/v2\/pages\/77\/revisions\/149"}],"wp:attachment":[{"href":"https:\/\/loquedeverdadimporta.film\/LQDVI-PER\/wp-json\/wp\/v2\/media?parent=77"}],"curies":[{"name":"wp","href":"https:\/\/api.w.org\/{rel}","templated":true}]}}