{"id":74,"date":"2020-04-06T20:30:11","date_gmt":"2020-04-06T20:30:11","guid":{"rendered":"https:\/\/loquedeverdadimporta.film\/LQDVI-PER\/?page_id=74"},"modified":"2020-04-06T20:30:36","modified_gmt":"2020-04-06T20:30:36","slug":"jorge-garcia","status":"publish","type":"page","link":"https:\/\/loquedeverdadimporta.film\/LQDVI-PER\/jorge-garcia\/","title":{"rendered":"JORGE GARC\u00cdA (PADRE MALLOY)"},"content":{"rendered":"\t\t<div data-elementor-type=\"wp-page\" data-elementor-id=\"74\" class=\"elementor elementor-74\">\n\t\t\t\t\t\t<section class=\"elementor-section elementor-top-section elementor-element elementor-element-76943ed elementor-section-boxed elementor-section-height-default elementor-section-height-default\" data-id=\"76943ed\" data-element_type=\"section\">\n\t\t\t\t\t\t<div class=\"elementor-container elementor-column-gap-default\">\n\t\t\t\t\t<div class=\"elementor-column elementor-col-100 elementor-top-column elementor-element elementor-element-dfb3128\" data-id=\"dfb3128\" data-element_type=\"column\">\n\t\t\t<div class=\"elementor-widget-wrap elementor-element-populated\">\n\t\t\t\t\t\t<div class=\"elementor-element elementor-element-11deee0 elementor-widget elementor-widget-image\" data-id=\"11deee0\" data-element_type=\"widget\" data-widget_type=\"image.default\">\n\t\t\t\t<div class=\"elementor-widget-container\">\n\t\t\t\t\t\t\t\t\t\t\t\t\t<img fetchpriority=\"high\" decoding=\"async\" width=\"525\" height=\"295\" src=\"https:\/\/loquedeverdadimporta.film\/LQDVI-PER\/wp-content\/uploads\/2020\/04\/Jorge-Garcia-1024x576.jpg\" class=\"attachment-large size-large wp-image-64\" alt=\"\" srcset=\"https:\/\/loquedeverdadimporta.film\/LQDVI-PER\/wp-content\/uploads\/2020\/04\/Jorge-Garcia-1024x576.jpg 1024w, https:\/\/loquedeverdadimporta.film\/LQDVI-PER\/wp-content\/uploads\/2020\/04\/Jorge-Garcia-300x169.jpg 300w, https:\/\/loquedeverdadimporta.film\/LQDVI-PER\/wp-content\/uploads\/2020\/04\/Jorge-Garcia-768x432.jpg 768w, https:\/\/loquedeverdadimporta.film\/LQDVI-PER\/wp-content\/uploads\/2020\/04\/Jorge-Garcia.jpg 1500w\" sizes=\"100vw\" \/>\t\t\t\t\t\t\t\t\t\t\t\t\t<\/div>\n\t\t\t\t<\/div>\n\t\t\t\t<div class=\"elementor-element elementor-element-f02f067 elementor-widget elementor-widget-heading\" data-id=\"f02f067\" data-element_type=\"widget\" data-widget_type=\"heading.default\">\n\t\t\t\t<div class=\"elementor-widget-container\">\n\t\t\t<h2 class=\"elementor-heading-title elementor-size-default\">JORGE GARC\u00cdA (PADRE MALLOY)<\/h2>\t\t<\/div>\n\t\t\t\t<\/div>\n\t\t\t\t<div class=\"elementor-element elementor-element-96128dc elementor-widget elementor-widget-text-editor\" data-id=\"96128dc\" data-element_type=\"widget\" data-widget_type=\"text-editor.default\">\n\t\t\t\t<div class=\"elementor-widget-container\">\n\t\t\t\t\t\t\t<p>Jorge Garc\u00eda trabaja de dependiente haciendo anuncios espor\u00e1dicos y mon\u00f3logos cuando un golpe de suerte le cambi\u00f3 la vida. Un peque\u00f1o papel de camello en una sitcom le consigui\u00f3 un pasaje especial al vuelo m\u00e1s famoso de la televisi\u00f3n: el 815 de Oceanic Airlines.<\/p><p id=\"yui_3_17_2_1_1586204983882_486\">El actor estadounidense Jorge Garc\u00eda comenz\u00f3 su carrera como actor protagonizando algunos anuncios en televisi\u00f3n y ejerciendo de monologuista, mientras trabajaba como dependiente en una cadena de librer\u00edas. Su primer papel significativo lo obtiene en la serie de televisi\u00f3n\u00a0<em>Becker,<\/em>\u00a0donde interpret\u00f3 un papel importante durante la sexta y \u00faltima temporada; pero fue una peque\u00f1a aparici\u00f3n en\u00a0<em>El show de Larry David\u00a0<\/em>la que le cambi\u00f3 la vida. J.J. Abrams, cocreador de<em>Perdidos<\/em>, le vio interpretando a un camello en la serie de culto del c\u00f3mico Larry David y no tuvo dudas: Jorge Garc\u00eda ten\u00eda que aparecer en su serie. Para eso le cre\u00f3 un papel a medida, el de Hugo \u201cHurley\u201d Reyes, y el resto es historia. Uno de los personajes m\u00e1s entra\u00f1ables y carism\u00e1ticos de la serie m\u00e1s seguida de los \u00faltimos tiempos. Y de una isla, la de\u00a0<em>Perdidos<\/em>, a otra isla, la isla de\u00a0<em>Alcatraz<\/em>, en otra serie hom\u00f3nima del creador de la primera que, sin embargo, no tuvo tanta suerte como \u00e9sta y dur\u00f3 solo una temporada. Actualmente, al actor interpreta un peculiar colaborador de los polic\u00edas de\u00a0<em>Hawaii 5-0<\/em>. En cine ha participado en varias cintas como\u00a0<em>Maktub\u00a0<\/em>(2011)<em>, Los rid\u00edculos 6 (2015), Dulces criaturas\u00a0<\/em>(2014) o\u00a0<em>El gur\u00fa de las bodas\u00a0<\/em>(2015).<\/p>\t\t\t\t\t\t<\/div>\n\t\t\t\t<\/div>\n\t\t\t\t\t<\/div>\n\t\t<\/div>\n\t\t\t\t\t<\/div>\n\t\t<\/section>\n\t\t\t\t<\/div>\n\t\t","protected":false},"excerpt":{"rendered":"<p>JORGE GARC\u00cdA (PADRE MALLOY) Jorge Garc\u00eda trabaja de dependiente haciendo anuncios espor\u00e1dicos y mon\u00f3logos cuando un golpe de suerte le cambi\u00f3 la vida. Un peque\u00f1o papel de camello en una sitcom le consigui\u00f3 un pasaje especial al vuelo m\u00e1s famoso de la televisi\u00f3n: el 815 de Oceanic Airlines. El actor estadounidense Jorge Garc\u00eda comenz\u00f3 su &hellip; <\/p>\n<p class=\"link-more\"><a href=\"https:\/\/loquedeverdadimporta.film\/LQDVI-PER\/jorge-garcia\/\" class=\"more-link\">Continuar leyendo<span class=\"screen-reader-text\"> \u00abJORGE GARC\u00cdA (PADRE MALLOY)\u00bb<\/span><\/a><\/p>\n","protected":false},"author":1,"featured_media":0,"parent":0,"menu_order":0,"comment_status":"closed","ping_status":"closed","template":"elementor_canvas","meta":{"footnotes":""},"_links":{"self":[{"href":"https:\/\/loquedeverdadimporta.film\/LQDVI-PER\/wp-json\/wp\/v2\/pages\/74"}],"collection":[{"href":"https:\/\/loquedeverdadimporta.film\/LQDVI-PER\/wp-json\/wp\/v2\/pages"}],"about":[{"href":"https:\/\/loquedeverdadimporta.film\/LQDVI-PER\/wp-json\/wp\/v2\/types\/page"}],"author":[{"embeddable":true,"href":"https:\/\/loquedeverdadimporta.film\/LQDVI-PER\/wp-json\/wp\/v2\/users\/1"}],"replies":[{"embeddable":true,"href":"https:\/\/loquedeverdadimporta.film\/LQDVI-PER\/wp-json\/wp\/v2\/comments?post=74"}],"version-history":[{"count":2,"href":"https:\/\/loquedeverdadimporta.film\/LQDVI-PER\/wp-json\/wp\/v2\/pages\/74\/revisions"}],"predecessor-version":[{"id":76,"href":"https:\/\/loquedeverdadimporta.film\/LQDVI-PER\/wp-json\/wp\/v2\/pages\/74\/revisions\/76"}],"wp:attachment":[{"href":"https:\/\/loquedeverdadimporta.film\/LQDVI-PER\/wp-json\/wp\/v2\/media?parent=74"}],"curies":[{"name":"wp","href":"https:\/\/api.w.org\/{rel}","templated":true}]}}