{"id":71,"date":"2020-04-06T20:29:10","date_gmt":"2020-04-06T20:29:10","guid":{"rendered":"https:\/\/loquedeverdadimporta.film\/LQDVI-PER\/?page_id=71"},"modified":"2020-04-06T20:29:37","modified_gmt":"2020-04-06T20:29:37","slug":"jonathan-pryce","status":"publish","type":"page","link":"https:\/\/loquedeverdadimporta.film\/LQDVI-PER\/jonathan-pryce\/","title":{"rendered":"JONATHAN PRYCE (RAYMOND)"},"content":{"rendered":"\t\t<div data-elementor-type=\"wp-page\" data-elementor-id=\"71\" class=\"elementor elementor-71\">\n\t\t\t\t\t\t<section class=\"elementor-section elementor-top-section elementor-element elementor-element-76943ed elementor-section-boxed elementor-section-height-default elementor-section-height-default\" data-id=\"76943ed\" data-element_type=\"section\">\n\t\t\t\t\t\t<div class=\"elementor-container elementor-column-gap-default\">\n\t\t\t\t\t<div class=\"elementor-column elementor-col-100 elementor-top-column elementor-element elementor-element-dfb3128\" data-id=\"dfb3128\" data-element_type=\"column\">\n\t\t\t<div class=\"elementor-widget-wrap elementor-element-populated\">\n\t\t\t\t\t\t<div class=\"elementor-element elementor-element-11deee0 elementor-widget elementor-widget-image\" data-id=\"11deee0\" data-element_type=\"widget\" data-widget_type=\"image.default\">\n\t\t\t\t<div class=\"elementor-widget-container\">\n\t\t\t\t\t\t\t\t\t\t\t\t\t<img fetchpriority=\"high\" decoding=\"async\" width=\"525\" height=\"371\" src=\"https:\/\/loquedeverdadimporta.film\/LQDVI-PER\/wp-content\/uploads\/2020\/04\/Jonathan-Pryce-1024x723.jpg\" class=\"attachment-large size-large wp-image-63\" alt=\"\" srcset=\"https:\/\/loquedeverdadimporta.film\/LQDVI-PER\/wp-content\/uploads\/2020\/04\/Jonathan-Pryce-1024x723.jpg 1024w, https:\/\/loquedeverdadimporta.film\/LQDVI-PER\/wp-content\/uploads\/2020\/04\/Jonathan-Pryce-300x212.jpg 300w, https:\/\/loquedeverdadimporta.film\/LQDVI-PER\/wp-content\/uploads\/2020\/04\/Jonathan-Pryce-768x542.jpg 768w, https:\/\/loquedeverdadimporta.film\/LQDVI-PER\/wp-content\/uploads\/2020\/04\/Jonathan-Pryce.jpg 1500w\" sizes=\"100vw\" \/>\t\t\t\t\t\t\t\t\t\t\t\t\t<\/div>\n\t\t\t\t<\/div>\n\t\t\t\t<div class=\"elementor-element elementor-element-f02f067 elementor-widget elementor-widget-heading\" data-id=\"f02f067\" data-element_type=\"widget\" data-widget_type=\"heading.default\">\n\t\t\t\t<div class=\"elementor-widget-container\">\n\t\t\t<h2 class=\"elementor-heading-title elementor-size-default\">JONATHAN PRYCE (RAYMOND)<\/h2>\t\t<\/div>\n\t\t\t\t<\/div>\n\t\t\t\t<div class=\"elementor-element elementor-element-96128dc elementor-widget elementor-widget-text-editor\" data-id=\"96128dc\" data-element_type=\"widget\" data-widget_type=\"text-editor.default\">\n\t\t\t\t<div class=\"elementor-widget-container\">\n\t\t\t\t\t\t\t<p>Admirado por su gran versatilidad, este actor gal\u00e9s transita con soltura entre el cine comercial y de\u00a0<em>blockbusters\u00a0<\/em>(ha sido el padre de Elizabeth Swann en la saga\u00a0<em>Piratas del Caribe\u00a0<\/em>y se lo ha hecho pasar mal al mism\u00edsimo James Bond<em>\u00a0<\/em>en\u00a0<em>El ma\u00f1ana nunca muere)\u00a0<\/em>y<em>\u00a0<\/em>el cine independiente\u00a0<em>(Brazil),\u00a0<\/em>pasando por el West End londinense (ha encarnado a casi todos los grandes personajes de Shakespeare) y las mejores producciones de Broadway (<em>Miss Saig\u00f3n, Nine, Oliver, My fair Lady<\/em>\u00a0o<em>Evita<\/em>). Actualmente forma parte del elenco de\u00a0<em>Juego de Tronos<\/em>.<\/p><p>Comendador de la Orden del Imperio Brit\u00e1nico, Jonathan Pryce es un prestigioso actor de cine y teatro gal\u00e9s nacido en 1947. Alabado por su enorme versatilidad, Pryce se mueve con soltura del cine comercial y de\u00a0<em>blockbusters<\/em>, al cine independiente, pasando por el West End londinense y las mejores producciones de Broadway.<\/p><p>Tras salir de la Real Academia de Arte Dram\u00e1tico de Londes, comenz\u00f3 su carrera en el teatro sobre las tablas de la compa\u00f1\u00eda del Teatro Everyman de Liverpool y en la Royal Shakespeare Company. Despu\u00e9s de Liverpool se une al elenco de\u00a0<em>Comedians,\u00a0<\/em>en un papel especialmente escrito para \u00e9l y que le vali\u00f3 su primer Premio Tony. Ha sido Hamlet y Shylock (El mercader de Venecia), Petrucchio (La fierecilla domada), El rey Lear y Cesar Octavio (Marco Antonio y Cleopatra). En los 90 mostr\u00f3 su inter\u00e9s por el teatro musical y protagoniza\u00a0<em>Miss Saig\u00f3n<\/em>, papel por el que gana su segundo Premio Tony y un Premio Olivier (los premios m\u00e1s importantes del teatro brit\u00e1nico). Despu\u00e9s vendr\u00e1n\u00a0<em>Nine, Oliver, My Fair Lady<\/em>\u00a0o\u00a0<em>Evita<\/em>, entre otras.<\/p><p>En cine, su primer papel importante lo obtiene en la cinta de ciencia ficci\u00f3n dirigida por Terry Gillian,\u00a0<em>Brazil<\/em>. Otros t\u00edtulos importantes en su filmograf\u00eda incluyen Glengarry Glenn Ross, Carrington (por la que obtuvo el premio a mejor actor en el Festival de Cannes), El ma\u00f1ana nunca muere, la saga de\u00a0<em>Piratas del Caribe, De-Lovely, Los hermanos Grimm<\/em>\u00a0o\u00a0<em>G.I. Joe<\/em>. Actualmente interpreta el personaje del \u201cGorri\u00f3n Supremo\u201d en la serie fen\u00f3meno de los \u00faltimos a\u00f1os:\u00a0<em>Juego de Tronos<\/em>.<\/p>\t\t\t\t\t\t<\/div>\n\t\t\t\t<\/div>\n\t\t\t\t\t<\/div>\n\t\t<\/div>\n\t\t\t\t\t<\/div>\n\t\t<\/section>\n\t\t\t\t<\/div>\n\t\t","protected":false},"excerpt":{"rendered":"<p>JONATHAN PRYCE (RAYMOND) Admirado por su gran versatilidad, este actor gal\u00e9s transita con soltura entre el cine comercial y de\u00a0blockbusters\u00a0(ha sido el padre de Elizabeth Swann en la saga\u00a0Piratas del Caribe\u00a0y se lo ha hecho pasar mal al mism\u00edsimo James Bond\u00a0en\u00a0El ma\u00f1ana nunca muere)\u00a0y\u00a0el cine independiente\u00a0(Brazil),\u00a0pasando por el West End londinense (ha encarnado a casi &hellip; <\/p>\n<p class=\"link-more\"><a href=\"https:\/\/loquedeverdadimporta.film\/LQDVI-PER\/jonathan-pryce\/\" class=\"more-link\">Continuar leyendo<span class=\"screen-reader-text\"> \u00abJONATHAN PRYCE (RAYMOND)\u00bb<\/span><\/a><\/p>\n","protected":false},"author":1,"featured_media":0,"parent":0,"menu_order":0,"comment_status":"closed","ping_status":"closed","template":"elementor_canvas","meta":{"footnotes":""},"_links":{"self":[{"href":"https:\/\/loquedeverdadimporta.film\/LQDVI-PER\/wp-json\/wp\/v2\/pages\/71"}],"collection":[{"href":"https:\/\/loquedeverdadimporta.film\/LQDVI-PER\/wp-json\/wp\/v2\/pages"}],"about":[{"href":"https:\/\/loquedeverdadimporta.film\/LQDVI-PER\/wp-json\/wp\/v2\/types\/page"}],"author":[{"embeddable":true,"href":"https:\/\/loquedeverdadimporta.film\/LQDVI-PER\/wp-json\/wp\/v2\/users\/1"}],"replies":[{"embeddable":true,"href":"https:\/\/loquedeverdadimporta.film\/LQDVI-PER\/wp-json\/wp\/v2\/comments?post=71"}],"version-history":[{"count":2,"href":"https:\/\/loquedeverdadimporta.film\/LQDVI-PER\/wp-json\/wp\/v2\/pages\/71\/revisions"}],"predecessor-version":[{"id":73,"href":"https:\/\/loquedeverdadimporta.film\/LQDVI-PER\/wp-json\/wp\/v2\/pages\/71\/revisions\/73"}],"wp:attachment":[{"href":"https:\/\/loquedeverdadimporta.film\/LQDVI-PER\/wp-json\/wp\/v2\/media?parent=71"}],"curies":[{"name":"wp","href":"https:\/\/api.w.org\/{rel}","templated":true}]}}