{"id":68,"date":"2020-04-06T20:28:01","date_gmt":"2020-04-06T20:28:01","guid":{"rendered":"https:\/\/loquedeverdadimporta.film\/LQDVI-PER\/?page_id=68"},"modified":"2020-04-06T20:28:28","modified_gmt":"2020-04-06T20:28:28","slug":"oliver-jackson-cohen-alec","status":"publish","type":"page","link":"https:\/\/loquedeverdadimporta.film\/LQDVI-PER\/oliver-jackson-cohen-alec\/","title":{"rendered":"OLIVER JACKSON-COHEN (ALEC)"},"content":{"rendered":"\t\t<div data-elementor-type=\"wp-page\" data-elementor-id=\"68\" class=\"elementor elementor-68\">\n\t\t\t\t\t\t<section class=\"elementor-section elementor-top-section elementor-element elementor-element-76943ed elementor-section-boxed elementor-section-height-default elementor-section-height-default\" data-id=\"76943ed\" data-element_type=\"section\">\n\t\t\t\t\t\t<div class=\"elementor-container elementor-column-gap-default\">\n\t\t\t\t\t<div class=\"elementor-column elementor-col-100 elementor-top-column elementor-element elementor-element-dfb3128\" data-id=\"dfb3128\" data-element_type=\"column\">\n\t\t\t<div class=\"elementor-widget-wrap elementor-element-populated\">\n\t\t\t\t\t\t<div class=\"elementor-element elementor-element-11deee0 elementor-widget elementor-widget-image\" data-id=\"11deee0\" data-element_type=\"widget\" data-widget_type=\"image.default\">\n\t\t\t\t<div class=\"elementor-widget-container\">\n\t\t\t\t\t\t\t\t\t\t\t\t\t<img fetchpriority=\"high\" decoding=\"async\" width=\"525\" height=\"386\" src=\"https:\/\/loquedeverdadimporta.film\/LQDVI-PER\/wp-content\/uploads\/2020\/04\/Oliver-Jackson-Cohen-H-web-1024x753.jpg\" class=\"attachment-large size-large wp-image-66\" alt=\"\" srcset=\"https:\/\/loquedeverdadimporta.film\/LQDVI-PER\/wp-content\/uploads\/2020\/04\/Oliver-Jackson-Cohen-H-web-1024x753.jpg 1024w, https:\/\/loquedeverdadimporta.film\/LQDVI-PER\/wp-content\/uploads\/2020\/04\/Oliver-Jackson-Cohen-H-web-300x221.jpg 300w, https:\/\/loquedeverdadimporta.film\/LQDVI-PER\/wp-content\/uploads\/2020\/04\/Oliver-Jackson-Cohen-H-web-768x565.jpg 768w, https:\/\/loquedeverdadimporta.film\/LQDVI-PER\/wp-content\/uploads\/2020\/04\/Oliver-Jackson-Cohen-H-web.jpg 1500w\" sizes=\"100vw\" \/>\t\t\t\t\t\t\t\t\t\t\t\t\t<\/div>\n\t\t\t\t<\/div>\n\t\t\t\t<div class=\"elementor-element elementor-element-f02f067 elementor-widget elementor-widget-heading\" data-id=\"f02f067\" data-element_type=\"widget\" data-widget_type=\"heading.default\">\n\t\t\t\t<div class=\"elementor-widget-container\">\n\t\t\t<h2 class=\"elementor-heading-title elementor-size-default\">OLIVER JACKSON-COHEN (ALEC)<\/h2>\t\t<\/div>\n\t\t\t\t<\/div>\n\t\t\t\t<div class=\"elementor-element elementor-element-96128dc elementor-widget elementor-widget-text-editor\" data-id=\"96128dc\" data-element_type=\"widget\" data-widget_type=\"text-editor.default\">\n\t\t\t\t<div class=\"elementor-widget-container\">\n\t\t\t\t\t\t\t<p>Curtido en series de la BBC y formado en el prestigioso Lee Strasberg Theatre &amp; Film Institute, el brit\u00e1nico Oliver Jackson Cohen ha compartido espacio con grandes nombres del cine y la televisi\u00f3n a ambos lados del atl\u00e1ntico como Billy Bob Thorton, John Cusack, Drew Barrymore, Miranda Richardson, Cinthia Nixon, Ben Chaplin, Hugh Boneville o Jonathan Rhys Meyers.<\/p><p>Oliver Jackson-Cohen (29 a\u00f1os) es un actor brit\u00e1nico con una gran experiencia en cine y televisi\u00f3n. Con tan solo 14 a\u00f1os, debut\u00f3 en\u00a0<em>Hollyoaks,\u00a0<\/em>una de las telenovelas m\u00e1s populares y longevas de Gran Breta\u00f1a, que lleva, nada menos, que 22 a\u00f1os en antena. En 2008, su nombre empieza a hacerse popular tras fichar para la serie de la BBC\u00a0<em>Bonekickers,\u00a0<\/em>junto a Hugh Bonneville y Adrian Lester, y sobre todo, al conseguir uno de los papeles principales del drama de \u00e9poca\u00a0<em>Lark Rise to Candleford,\u00a0<\/em>tambi\u00e9n de la BBC, basado en la novela autobiogr\u00e1fica de Flora Thompson, y que pronto se convirti\u00f3 en una de las series m\u00e1s adoradas por los brit\u00e1nicos. Poco despu\u00e9s fue aceptado en la prestigiosa escuela de interpretaci\u00f3n\u00a0<em>Lee Strasberg Theatre &amp; Film Institute\u00a0<\/em>y se mud\u00f3 a Nueva York.<\/p><p>En Estados Unidos consigue papeles de reparto en el thriller\u00a0<em>Faster<\/em>\u00a0(2010), junto a Dwayne Johnson y Billy Bob Thorton; las comedias rom\u00e1nticas\u00a0<em>Salvando las distancias<\/em>\u00a0(2010), con Drew Barrymore, y y la cinta de suspense\u00a0<em>El enigma del cuervo\u00a0<\/em>(2012)<em>,\u00a0<\/em>en la que compart\u00eda cartel con John Cusack. Ese mismo a\u00f1o Tambi\u00e9n conseguir\u00e1 un papel y en\u00a0<em>Dr\u00e1cula<\/em>, una adaptaci\u00f3n libre del mito, protagonizado por Jonathan Rhys Meyers y en el que Oliver interpreta a un hombre, tambi\u00e9n enamorado de la mujer que el Conde cree una reencarnaci\u00f3n de su esposa.<\/p><p>A principios de este a\u00f1o estren\u00f3 la pel\u00edcula\u00a0<em>Cuando cae la nieve\u00a0<\/em>(2015) y, en septiembre estrenar\u00e1 la serie\u00a0<em>Emerald City\u00a0<\/em>(NBC\/Universal), una versi\u00f3n libre de la novela El mago de Oz.<\/p>\t\t\t\t\t\t<\/div>\n\t\t\t\t<\/div>\n\t\t\t\t\t<\/div>\n\t\t<\/div>\n\t\t\t\t\t<\/div>\n\t\t<\/section>\n\t\t\t\t<\/div>\n\t\t","protected":false},"excerpt":{"rendered":"<p>OLIVER JACKSON-COHEN (ALEC) Curtido en series de la BBC y formado en el prestigioso Lee Strasberg Theatre &amp; Film Institute, el brit\u00e1nico Oliver Jackson Cohen ha compartido espacio con grandes nombres del cine y la televisi\u00f3n a ambos lados del atl\u00e1ntico como Billy Bob Thorton, John Cusack, Drew Barrymore, Miranda Richardson, Cinthia Nixon, Ben Chaplin, &hellip; <\/p>\n<p class=\"link-more\"><a href=\"https:\/\/loquedeverdadimporta.film\/LQDVI-PER\/oliver-jackson-cohen-alec\/\" class=\"more-link\">Continuar leyendo<span class=\"screen-reader-text\"> \u00abOLIVER JACKSON-COHEN (ALEC)\u00bb<\/span><\/a><\/p>\n","protected":false},"author":1,"featured_media":0,"parent":0,"menu_order":0,"comment_status":"closed","ping_status":"closed","template":"elementor_canvas","meta":{"footnotes":""},"_links":{"self":[{"href":"https:\/\/loquedeverdadimporta.film\/LQDVI-PER\/wp-json\/wp\/v2\/pages\/68"}],"collection":[{"href":"https:\/\/loquedeverdadimporta.film\/LQDVI-PER\/wp-json\/wp\/v2\/pages"}],"about":[{"href":"https:\/\/loquedeverdadimporta.film\/LQDVI-PER\/wp-json\/wp\/v2\/types\/page"}],"author":[{"embeddable":true,"href":"https:\/\/loquedeverdadimporta.film\/LQDVI-PER\/wp-json\/wp\/v2\/users\/1"}],"replies":[{"embeddable":true,"href":"https:\/\/loquedeverdadimporta.film\/LQDVI-PER\/wp-json\/wp\/v2\/comments?post=68"}],"version-history":[{"count":2,"href":"https:\/\/loquedeverdadimporta.film\/LQDVI-PER\/wp-json\/wp\/v2\/pages\/68\/revisions"}],"predecessor-version":[{"id":70,"href":"https:\/\/loquedeverdadimporta.film\/LQDVI-PER\/wp-json\/wp\/v2\/pages\/68\/revisions\/70"}],"wp:attachment":[{"href":"https:\/\/loquedeverdadimporta.film\/LQDVI-PER\/wp-json\/wp\/v2\/media?parent=68"}],"curies":[{"name":"wp","href":"https:\/\/api.w.org\/{rel}","templated":true}]}}