{"id":60,"date":"2020-04-06T20:26:31","date_gmt":"2020-04-06T20:26:31","guid":{"rendered":"https:\/\/loquedeverdadimporta.film\/LQDVI-PER\/?page_id=60"},"modified":"2020-04-06T20:31:51","modified_gmt":"2020-04-06T20:31:51","slug":"kaitlyn-bernard","status":"publish","type":"page","link":"https:\/\/loquedeverdadimporta.film\/LQDVI-PER\/kaitlyn-bernard\/","title":{"rendered":"KAITLYN BERNARD (ABIGAIL)"},"content":{"rendered":"\t\t<div data-elementor-type=\"wp-page\" data-elementor-id=\"60\" class=\"elementor elementor-60\">\n\t\t\t\t\t\t<section class=\"elementor-section elementor-top-section elementor-element elementor-element-76943ed elementor-section-boxed elementor-section-height-default elementor-section-height-default\" data-id=\"76943ed\" data-element_type=\"section\">\n\t\t\t\t\t\t<div class=\"elementor-container elementor-column-gap-default\">\n\t\t\t\t\t<div class=\"elementor-column elementor-col-100 elementor-top-column elementor-element elementor-element-dfb3128\" data-id=\"dfb3128\" data-element_type=\"column\">\n\t\t\t<div class=\"elementor-widget-wrap elementor-element-populated\">\n\t\t\t\t\t\t<div class=\"elementor-element elementor-element-11deee0 elementor-widget elementor-widget-image\" data-id=\"11deee0\" data-element_type=\"widget\" data-widget_type=\"image.default\">\n\t\t\t\t<div class=\"elementor-widget-container\">\n\t\t\t\t\t\t\t\t\t\t\t\t\t<img fetchpriority=\"high\" decoding=\"async\" width=\"525\" height=\"350\" src=\"https:\/\/loquedeverdadimporta.film\/LQDVI-PER\/wp-content\/uploads\/2020\/04\/Kaitlyn-Bernard-1024x683.jpg\" class=\"attachment-large size-large wp-image-65\" alt=\"\" srcset=\"https:\/\/loquedeverdadimporta.film\/LQDVI-PER\/wp-content\/uploads\/2020\/04\/Kaitlyn-Bernard-1024x683.jpg 1024w, https:\/\/loquedeverdadimporta.film\/LQDVI-PER\/wp-content\/uploads\/2020\/04\/Kaitlyn-Bernard-300x200.jpg 300w, https:\/\/loquedeverdadimporta.film\/LQDVI-PER\/wp-content\/uploads\/2020\/04\/Kaitlyn-Bernard-768x513.jpg 768w, https:\/\/loquedeverdadimporta.film\/LQDVI-PER\/wp-content\/uploads\/2020\/04\/Kaitlyn-Bernard.jpg 1500w\" sizes=\"100vw\" \/>\t\t\t\t\t\t\t\t\t\t\t\t\t<\/div>\n\t\t\t\t<\/div>\n\t\t\t\t<div class=\"elementor-element elementor-element-f02f067 elementor-widget elementor-widget-heading\" data-id=\"f02f067\" data-element_type=\"widget\" data-widget_type=\"heading.default\">\n\t\t\t\t<div class=\"elementor-widget-container\">\n\t\t\t<h2 class=\"elementor-heading-title elementor-size-default\">KAITLYN BERNARD (ABIGAIL)<\/h2>\t\t<\/div>\n\t\t\t\t<\/div>\n\t\t\t\t<div class=\"elementor-element elementor-element-96128dc elementor-widget elementor-widget-text-editor\" data-id=\"96128dc\" data-element_type=\"widget\" data-widget_type=\"text-editor.default\">\n\t\t\t\t<div class=\"elementor-widget-container\">\n\t\t\t\t\t\t\t<p>Esta joven actriz canadiense, que empez\u00f3 haciendo anuncios de Barbie a los 3 a\u00f1os, acaba de fundar una organizaci\u00f3n para ayudar a ni\u00f1os con c\u00e1ncer y sus familias en su pa\u00eds.<\/p><p>Kaitlyn Bernard es una jovenc\u00edsima actriz canadiense de 15 a\u00f1os que comenz\u00f3 su carrera a la temprana edad de tres, con peque\u00f1os papeles en anuncios y audiciones para cine y televisi\u00f3n. Desde entonces ha participado en varias pel\u00edculas para el canal de televisi\u00f3n familiar Hallmark (<em>Mom\u00b4s Day Away\u00a0<\/em>y\u00a0<em>June in January<\/em>) y ha hecho papeles espor\u00e1dicos en algunas series de televisi\u00f3n muy populares en Canad\u00e1 (<em>Haven, When Calls the Heart, The Haunting Hour<\/em>\u00a0y\u00a0<em>Mr. D.<\/em>). En cine est\u00e1 a punto de estrenar\u00a0<em>Cadence<\/em>, un thriller psicol\u00f3gico que se presentar\u00e1 en el Festival Internacional de Cine de Vancouver.<\/p><p>Fuertemente conmovida por su personaje y por el mensaje que transmite la pel\u00edcula, Kaitlyn ha creado, junto a la Sociedad Canadiense contra el C\u00e1ncer, la organizaci\u00f3n Just Breathe (basada en el texto de un poema que su personaje recita durante la pel\u00edcula), que pretende hacer en Canad\u00e1 lo mismo que la organizaci\u00f3n fundada por Paul Newman, Serious Fun Camp Networks, hace en Estados Unidos y otros pa\u00edses del mundo: campamentos infantiles para que los ni\u00f1os con enfermedades graves y sus familias puedan olvidarse de su enfermedad. Kaitlyn tambi\u00e9n ha donado 15.000 d\u00f3lares de su salario al hospital materno infantil IWK Children Hospital de Halifax.<\/p>\t\t\t\t\t\t<\/div>\n\t\t\t\t<\/div>\n\t\t\t\t\t<\/div>\n\t\t<\/div>\n\t\t\t\t\t<\/div>\n\t\t<\/section>\n\t\t\t\t<\/div>\n\t\t","protected":false},"excerpt":{"rendered":"<p>KAITLYN BERNARD (ABIGAIL) Esta joven actriz canadiense, que empez\u00f3 haciendo anuncios de Barbie a los 3 a\u00f1os, acaba de fundar una organizaci\u00f3n para ayudar a ni\u00f1os con c\u00e1ncer y sus familias en su pa\u00eds. Kaitlyn Bernard es una jovenc\u00edsima actriz canadiense de 15 a\u00f1os que comenz\u00f3 su carrera a la temprana edad de tres, con &hellip; <\/p>\n<p class=\"link-more\"><a href=\"https:\/\/loquedeverdadimporta.film\/LQDVI-PER\/kaitlyn-bernard\/\" class=\"more-link\">Continuar leyendo<span class=\"screen-reader-text\"> \u00abKAITLYN BERNARD (ABIGAIL)\u00bb<\/span><\/a><\/p>\n","protected":false},"author":1,"featured_media":0,"parent":0,"menu_order":0,"comment_status":"closed","ping_status":"closed","template":"elementor_canvas","meta":{"footnotes":""},"_links":{"self":[{"href":"https:\/\/loquedeverdadimporta.film\/LQDVI-PER\/wp-json\/wp\/v2\/pages\/60"}],"collection":[{"href":"https:\/\/loquedeverdadimporta.film\/LQDVI-PER\/wp-json\/wp\/v2\/pages"}],"about":[{"href":"https:\/\/loquedeverdadimporta.film\/LQDVI-PER\/wp-json\/wp\/v2\/types\/page"}],"author":[{"embeddable":true,"href":"https:\/\/loquedeverdadimporta.film\/LQDVI-PER\/wp-json\/wp\/v2\/users\/1"}],"replies":[{"embeddable":true,"href":"https:\/\/loquedeverdadimporta.film\/LQDVI-PER\/wp-json\/wp\/v2\/comments?post=60"}],"version-history":[{"count":4,"href":"https:\/\/loquedeverdadimporta.film\/LQDVI-PER\/wp-json\/wp\/v2\/pages\/60\/revisions"}],"predecessor-version":[{"id":79,"href":"https:\/\/loquedeverdadimporta.film\/LQDVI-PER\/wp-json\/wp\/v2\/pages\/60\/revisions\/79"}],"wp:attachment":[{"href":"https:\/\/loquedeverdadimporta.film\/LQDVI-PER\/wp-json\/wp\/v2\/media?parent=60"}],"curies":[{"name":"wp","href":"https:\/\/api.w.org\/{rel}","templated":true}]}}