{"id":49,"date":"2020-04-06T20:21:53","date_gmt":"2020-04-06T20:21:53","guid":{"rendered":"https:\/\/loquedeverdadimporta.film\/LQDVI-PER\/?page_id=49"},"modified":"2020-04-06T20:22:50","modified_gmt":"2020-04-06T20:22:50","slug":"javier-aguirresarobe","status":"publish","type":"page","link":"https:\/\/loquedeverdadimporta.film\/LQDVI-PER\/javier-aguirresarobe\/","title":{"rendered":"JAVIER AGUIRRESAROBE (DIRECTOR DE FOTOGRAF\u00cdA)"},"content":{"rendered":"\t\t<div data-elementor-type=\"wp-page\" data-elementor-id=\"49\" class=\"elementor elementor-49\">\n\t\t\t\t\t\t<section class=\"elementor-section elementor-top-section elementor-element elementor-element-76943ed elementor-section-boxed elementor-section-height-default elementor-section-height-default\" data-id=\"76943ed\" data-element_type=\"section\">\n\t\t\t\t\t\t<div class=\"elementor-container elementor-column-gap-default\">\n\t\t\t\t\t<div class=\"elementor-column elementor-col-100 elementor-top-column elementor-element elementor-element-dfb3128\" data-id=\"dfb3128\" data-element_type=\"column\">\n\t\t\t<div class=\"elementor-widget-wrap elementor-element-populated\">\n\t\t\t\t\t\t<div class=\"elementor-element elementor-element-11deee0 elementor-widget elementor-widget-image\" data-id=\"11deee0\" data-element_type=\"widget\" data-widget_type=\"image.default\">\n\t\t\t\t<div class=\"elementor-widget-container\">\n\t\t\t\t\t\t\t\t\t\t\t\t\t<img fetchpriority=\"high\" decoding=\"async\" width=\"525\" height=\"295\" src=\"https:\/\/loquedeverdadimporta.film\/LQDVI-PER\/wp-content\/uploads\/2020\/04\/javier-aguirresarobre-1024x576.jpg\" class=\"attachment-large size-large wp-image-37\" alt=\"\" srcset=\"https:\/\/loquedeverdadimporta.film\/LQDVI-PER\/wp-content\/uploads\/2020\/04\/javier-aguirresarobre-1024x576.jpg 1024w, https:\/\/loquedeverdadimporta.film\/LQDVI-PER\/wp-content\/uploads\/2020\/04\/javier-aguirresarobre-300x169.jpg 300w, https:\/\/loquedeverdadimporta.film\/LQDVI-PER\/wp-content\/uploads\/2020\/04\/javier-aguirresarobre-768x432.jpg 768w, https:\/\/loquedeverdadimporta.film\/LQDVI-PER\/wp-content\/uploads\/2020\/04\/javier-aguirresarobre.jpg 1200w\" sizes=\"100vw\" \/>\t\t\t\t\t\t\t\t\t\t\t\t\t<\/div>\n\t\t\t\t<\/div>\n\t\t\t\t<div class=\"elementor-element elementor-element-f02f067 elementor-widget elementor-widget-heading\" data-id=\"f02f067\" data-element_type=\"widget\" data-widget_type=\"heading.default\">\n\t\t\t\t<div class=\"elementor-widget-container\">\n\t\t\t<h2 class=\"elementor-heading-title elementor-size-default\">JAVIER AGUIRRESAROBE (DIRECTOR DE FOTOGRAF\u00cdA)<\/h2>\t\t<\/div>\n\t\t\t\t<\/div>\n\t\t\t\t<div class=\"elementor-element elementor-element-96128dc elementor-widget elementor-widget-text-editor\" data-id=\"96128dc\" data-element_type=\"widget\" data-widget_type=\"text-editor.default\">\n\t\t\t\t<div class=\"elementor-widget-container\">\n\t\t\t\t\t\t\t<p>Considerado uno de los directores de fotograf\u00eda m\u00e1s prestigiosos del mundo, el guipuzcoano Javier Aguirresarobe cuenta en su haber con m\u00e1s de 50 largometrajes y ha trabajado con los m\u00e1s grandes directores de cine dentro y fuera de Espa\u00f1a: Fernando Trueba (<em>La ni\u00f1a de tus ojos<\/em>), Carlos Saura (<em>Dispara<\/em>), Pedro Almod\u00f3var (<em>Hable con ella<\/em>), Alejandro Amen\u00e1bar (<em>Los otros, Mar adentro<\/em>), Pilar Mir\u00f3 (<em>El perro del Hortelano<\/em>), Montxo Armend\u00e1riz (<em>Obaba<\/em>), Julio Medem (<em>Tierra<\/em>), Woody Allen (<em>Vicky Cristina Barcelona, Blue Jasmine<\/em>) o Milos Forman (<em>Los fantasmas de Goya<\/em>), entre otros muchos.<\/p><p>Premio Nacional de Cinematograf\u00eda en el 2004, seis premios Goya (de 11 candidaturas), Oso de Plata en Berl\u00edn (<em>Beltenebros<\/em>) y miembro de la Academia de las Artes y las Ciencias Cinematogr\u00e1ficas de Hollywood, sus \u00faltimos trabajos, incluyen la fotograf\u00eda de la saga\u00a0<em>Crep\u00fasculo\u00a0<\/em>y del remake del cl\u00e1sico de terror\u00a0<em>Poltergeist.<\/em><\/p>\t\t\t\t\t\t<\/div>\n\t\t\t\t<\/div>\n\t\t\t\t\t<\/div>\n\t\t<\/div>\n\t\t\t\t\t<\/div>\n\t\t<\/section>\n\t\t\t\t<\/div>\n\t\t","protected":false},"excerpt":{"rendered":"<p>JAVIER AGUIRRESAROBE (DIRECTOR DE FOTOGRAF\u00cdA) Considerado uno de los directores de fotograf\u00eda m\u00e1s prestigiosos del mundo, el guipuzcoano Javier Aguirresarobe cuenta en su haber con m\u00e1s de 50 largometrajes y ha trabajado con los m\u00e1s grandes directores de cine dentro y fuera de Espa\u00f1a: Fernando Trueba (La ni\u00f1a de tus ojos), Carlos Saura (Dispara), Pedro &hellip; <\/p>\n<p class=\"link-more\"><a href=\"https:\/\/loquedeverdadimporta.film\/LQDVI-PER\/javier-aguirresarobe\/\" class=\"more-link\">Continuar leyendo<span class=\"screen-reader-text\"> \u00abJAVIER AGUIRRESAROBE (DIRECTOR DE FOTOGRAF\u00cdA)\u00bb<\/span><\/a><\/p>\n","protected":false},"author":1,"featured_media":0,"parent":0,"menu_order":0,"comment_status":"closed","ping_status":"closed","template":"elementor_canvas","meta":{"footnotes":""},"_links":{"self":[{"href":"https:\/\/loquedeverdadimporta.film\/LQDVI-PER\/wp-json\/wp\/v2\/pages\/49"}],"collection":[{"href":"https:\/\/loquedeverdadimporta.film\/LQDVI-PER\/wp-json\/wp\/v2\/pages"}],"about":[{"href":"https:\/\/loquedeverdadimporta.film\/LQDVI-PER\/wp-json\/wp\/v2\/types\/page"}],"author":[{"embeddable":true,"href":"https:\/\/loquedeverdadimporta.film\/LQDVI-PER\/wp-json\/wp\/v2\/users\/1"}],"replies":[{"embeddable":true,"href":"https:\/\/loquedeverdadimporta.film\/LQDVI-PER\/wp-json\/wp\/v2\/comments?post=49"}],"version-history":[{"count":2,"href":"https:\/\/loquedeverdadimporta.film\/LQDVI-PER\/wp-json\/wp\/v2\/pages\/49\/revisions"}],"predecessor-version":[{"id":51,"href":"https:\/\/loquedeverdadimporta.film\/LQDVI-PER\/wp-json\/wp\/v2\/pages\/49\/revisions\/51"}],"wp:attachment":[{"href":"https:\/\/loquedeverdadimporta.film\/LQDVI-PER\/wp-json\/wp\/v2\/media?parent=49"}],"curies":[{"name":"wp","href":"https:\/\/api.w.org\/{rel}","templated":true}]}}