{"id":46,"date":"2020-04-06T20:20:40","date_gmt":"2020-04-06T20:20:40","guid":{"rendered":"https:\/\/loquedeverdadimporta.film\/LQDVI-PER\/?page_id=46"},"modified":"2020-04-06T20:21:08","modified_gmt":"2020-04-06T20:21:08","slug":"michael-volpe","status":"publish","type":"page","link":"https:\/\/loquedeverdadimporta.film\/LQDVI-PER\/michael-volpe\/","title":{"rendered":"MICHAEL VOLPE (PRODUCTOR)"},"content":{"rendered":"\t\t<div data-elementor-type=\"wp-page\" data-elementor-id=\"46\" class=\"elementor elementor-46\">\n\t\t\t\t\t\t<section class=\"elementor-section elementor-top-section elementor-element elementor-element-76943ed elementor-section-boxed elementor-section-height-default elementor-section-height-default\" data-id=\"76943ed\" data-element_type=\"section\">\n\t\t\t\t\t\t<div class=\"elementor-container elementor-column-gap-default\">\n\t\t\t\t\t<div class=\"elementor-column elementor-col-100 elementor-top-column elementor-element elementor-element-dfb3128\" data-id=\"dfb3128\" data-element_type=\"column\">\n\t\t\t<div class=\"elementor-widget-wrap elementor-element-populated\">\n\t\t\t\t\t\t<div class=\"elementor-element elementor-element-11deee0 elementor-widget elementor-widget-image\" data-id=\"11deee0\" data-element_type=\"widget\" data-widget_type=\"image.default\">\n\t\t\t\t<div class=\"elementor-widget-container\">\n\t\t\t\t\t\t\t\t\t\t\t\t\t<img fetchpriority=\"high\" decoding=\"async\" width=\"525\" height=\"350\" src=\"https:\/\/loquedeverdadimporta.film\/LQDVI-PER\/wp-content\/uploads\/2020\/04\/MikeVolpe-Producer-1024x683.jpg\" class=\"attachment-large size-large wp-image-38\" alt=\"\" srcset=\"https:\/\/loquedeverdadimporta.film\/LQDVI-PER\/wp-content\/uploads\/2020\/04\/MikeVolpe-Producer-1024x683.jpg 1024w, https:\/\/loquedeverdadimporta.film\/LQDVI-PER\/wp-content\/uploads\/2020\/04\/MikeVolpe-Producer-300x200.jpg 300w, https:\/\/loquedeverdadimporta.film\/LQDVI-PER\/wp-content\/uploads\/2020\/04\/MikeVolpe-Producer-768x512.jpg 768w, https:\/\/loquedeverdadimporta.film\/LQDVI-PER\/wp-content\/uploads\/2020\/04\/MikeVolpe-Producer.jpg 1500w\" sizes=\"100vw\" \/>\t\t\t\t\t\t\t\t\t\t\t\t\t<\/div>\n\t\t\t\t<\/div>\n\t\t\t\t<div class=\"elementor-element elementor-element-f02f067 elementor-widget elementor-widget-heading\" data-id=\"f02f067\" data-element_type=\"widget\" data-widget_type=\"heading.default\">\n\t\t\t\t<div class=\"elementor-widget-container\">\n\t\t\t<h2 class=\"elementor-heading-title elementor-size-default\">MICHAEL VOLPE (PRODUCTOR)<\/h2>\t\t<\/div>\n\t\t\t\t<\/div>\n\t\t\t\t<div class=\"elementor-element elementor-element-96128dc elementor-widget elementor-widget-text-editor\" data-id=\"96128dc\" data-element_type=\"widget\" data-widget_type=\"text-editor.default\">\n\t\t\t\t<div class=\"elementor-widget-container\">\n\t\t\t\t\t\t\t<p>Nacido y educado en Ontario y Nueva Escocia, el actual Presidente de Topsail Productions es el responsable de algunas de las\u00a0<em>sitcom<\/em>\u00a0m\u00e1s populares y premiadas de Canad\u00e1. Es el caso de\u00a0<em>Mr. D.<\/em>, estrenada en el 2012 y protagonizada por el c\u00f3mico canadiense Gerry Dee, y centrada en las vicisitudes de un profesor de instituto bastante poco cualificado para ejercer la ense\u00f1anza. La serie se encuentra actualmente a punto de emitir su sexta temporada y ha cosechado nominaciones y galardones de los premios m\u00e1s importantes del pa\u00eds.<\/p><p id=\"yui_3_17_2_1_1586204428982_484\">Tambi\u00e9n ha producido durante muchos a\u00f1os (junto al realizador y productor Mike Cluttenburg y el actor y productor Barry Dunn) el exitazo televisivo\u00a0<em>Trailer Park Boys,<\/em>una serie rodada a modo de falso documental, que narra las desventuras de dos exconvictos que viven en un camping de caravanas. El \u00e9xito de la serie motiv\u00f3 el rodaje de tres pel\u00edculas:\u00a0<em>Trailer Park Boys The Movie\u00a0<\/em>(2006) (tambi\u00e9n producida por Volpe y que se convirti\u00f3 en la pel\u00edcula canadiense con la mejor recaudaci\u00f3n en su estreno) y sus secuelas\u00a0<em>Trailer Park Boys: Countdown to liquor day\u00a0<\/em>(2009) y\u00a0<em>Trailer Park Boys: don\u00b4t legalize it<\/em>\u00a0(2014). Tambi\u00e9n ha producido los largometrajes\u00a0<em>Afghan Luke\u00a0<\/em>(2010), un drama b\u00e9lico sobre un periodista que regresa a Afganist\u00e1n a investigar una historia, y la comedia\u00a0<em>Moving Day\u00a0<\/em>(2012).<\/p><p>Adem\u00e1s de los t\u00edtulos mencionados, Volpe ha producido series de todos los g\u00e9neros: el drama familiar y costumbrista (<em>Black Harbour),\u00a0<\/em>la comedia pol\u00edtica (<em>Rideau Hall)<\/em>\u00a0y el falso documental deportivo (<em>Canada Russia &#8217;72<\/em>).<\/p>\t\t\t\t\t\t<\/div>\n\t\t\t\t<\/div>\n\t\t\t\t\t<\/div>\n\t\t<\/div>\n\t\t\t\t\t<\/div>\n\t\t<\/section>\n\t\t\t\t<\/div>\n\t\t","protected":false},"excerpt":{"rendered":"<p>MICHAEL VOLPE (PRODUCTOR) Nacido y educado en Ontario y Nueva Escocia, el actual Presidente de Topsail Productions es el responsable de algunas de las\u00a0sitcom\u00a0m\u00e1s populares y premiadas de Canad\u00e1. Es el caso de\u00a0Mr. D., estrenada en el 2012 y protagonizada por el c\u00f3mico canadiense Gerry Dee, y centrada en las vicisitudes de un profesor de &hellip; <\/p>\n<p class=\"link-more\"><a href=\"https:\/\/loquedeverdadimporta.film\/LQDVI-PER\/michael-volpe\/\" class=\"more-link\">Continuar leyendo<span class=\"screen-reader-text\"> \u00abMICHAEL VOLPE (PRODUCTOR)\u00bb<\/span><\/a><\/p>\n","protected":false},"author":1,"featured_media":0,"parent":0,"menu_order":0,"comment_status":"closed","ping_status":"closed","template":"elementor_canvas","meta":{"footnotes":""},"_links":{"self":[{"href":"https:\/\/loquedeverdadimporta.film\/LQDVI-PER\/wp-json\/wp\/v2\/pages\/46"}],"collection":[{"href":"https:\/\/loquedeverdadimporta.film\/LQDVI-PER\/wp-json\/wp\/v2\/pages"}],"about":[{"href":"https:\/\/loquedeverdadimporta.film\/LQDVI-PER\/wp-json\/wp\/v2\/types\/page"}],"author":[{"embeddable":true,"href":"https:\/\/loquedeverdadimporta.film\/LQDVI-PER\/wp-json\/wp\/v2\/users\/1"}],"replies":[{"embeddable":true,"href":"https:\/\/loquedeverdadimporta.film\/LQDVI-PER\/wp-json\/wp\/v2\/comments?post=46"}],"version-history":[{"count":2,"href":"https:\/\/loquedeverdadimporta.film\/LQDVI-PER\/wp-json\/wp\/v2\/pages\/46\/revisions"}],"predecessor-version":[{"id":48,"href":"https:\/\/loquedeverdadimporta.film\/LQDVI-PER\/wp-json\/wp\/v2\/pages\/46\/revisions\/48"}],"wp:attachment":[{"href":"https:\/\/loquedeverdadimporta.film\/LQDVI-PER\/wp-json\/wp\/v2\/media?parent=46"}],"curies":[{"name":"wp","href":"https:\/\/api.w.org\/{rel}","templated":true}]}}