{"id":31,"date":"2020-04-06T20:15:27","date_gmt":"2020-04-06T20:15:27","guid":{"rendered":"https:\/\/loquedeverdadimporta.film\/LQDVI-PER\/?page_id=31"},"modified":"2020-04-06T20:16:01","modified_gmt":"2020-04-06T20:16:01","slug":"sinopsis","status":"publish","type":"page","link":"https:\/\/loquedeverdadimporta.film\/LQDVI-PER\/sinopsis\/","title":{"rendered":"SINOPSIS"},"content":{"rendered":"\t\t<div data-elementor-type=\"wp-page\" data-elementor-id=\"31\" class=\"elementor elementor-31\">\n\t\t\t\t\t\t<section class=\"elementor-section elementor-top-section elementor-element elementor-element-76943ed elementor-section-boxed elementor-section-height-default elementor-section-height-default\" data-id=\"76943ed\" data-element_type=\"section\">\n\t\t\t\t\t\t<div class=\"elementor-container elementor-column-gap-default\">\n\t\t\t\t\t<div class=\"elementor-column elementor-col-100 elementor-top-column elementor-element elementor-element-dfb3128\" data-id=\"dfb3128\" data-element_type=\"column\">\n\t\t\t<div class=\"elementor-widget-wrap elementor-element-populated\">\n\t\t\t\t\t\t<div class=\"elementor-element elementor-element-11deee0 elementor-widget elementor-widget-image\" data-id=\"11deee0\" data-element_type=\"widget\" data-widget_type=\"image.default\">\n\t\t\t\t<div class=\"elementor-widget-container\">\n\t\t\t\t\t\t\t\t\t\t\t\t\t<img fetchpriority=\"high\" decoding=\"async\" width=\"525\" height=\"350\" src=\"https:\/\/loquedeverdadimporta.film\/LQDVI-PER\/wp-content\/uploads\/2020\/04\/Muelle-horizontal-web.jpg\" class=\"attachment-large size-large wp-image-33\" alt=\"\" srcset=\"https:\/\/loquedeverdadimporta.film\/LQDVI-PER\/wp-content\/uploads\/2020\/04\/Muelle-horizontal-web.jpg 1000w, https:\/\/loquedeverdadimporta.film\/LQDVI-PER\/wp-content\/uploads\/2020\/04\/Muelle-horizontal-web-300x200.jpg 300w, https:\/\/loquedeverdadimporta.film\/LQDVI-PER\/wp-content\/uploads\/2020\/04\/Muelle-horizontal-web-768x511.jpg 768w\" sizes=\"100vw\" \/>\t\t\t\t\t\t\t\t\t\t\t\t\t<\/div>\n\t\t\t\t<\/div>\n\t\t\t\t<div class=\"elementor-element elementor-element-96128dc elementor-widget elementor-widget-text-editor\" data-id=\"96128dc\" data-element_type=\"widget\" data-widget_type=\"text-editor.default\">\n\t\t\t\t<div class=\"elementor-widget-container\">\n\t\t\t\t\t\t\t<p>La vida de Alec (Oliver Jackson Cohen) en Inglaterra se est\u00e1 viniendo abajo. Su tienda de reparaciones el\u00e9ctricas, \u201cEl Curandero\u201d, est\u00e1 a punto de cerrar. Debe dinero a la gente equivocada, se acuesta con una mujer casada y bebe como si no hubiera un ma\u00f1ana.<\/p><p>Inesperadamente, un hombre llamado Raymond (Jonathan Pryce) aparece, diciendo ser su t\u00edo. Raymond llega con una misteriosa propuesta que permitir\u00eda a Alec hacer \u201cborr\u00f3n y cuenta nueva\u201d: \u00e9l pagar\u00e1 todas sus deudas y, a cambio, Alex se mudar\u00e1 a Nueva Escocia durante un a\u00f1o.<\/p><p>Alec llega a Lunenburg, un peque\u00f1o pueblo donde Raymond tiene una casa. All\u00ed conoce a Cecilia (Camilla Luddington), la veterinaria del pueblo, quien, para ayudarle a encontrar trabajo, le propone publicar un anuncio en el peri\u00f3dico local ofreciendo sus servicios como electricista. Para hacer el anuncio m\u00e1s atractivo, Alec escribe \u201cEl Curandero: arreglo cualquier cosa el\u00e9ctrica estropeada\u201d, pero algo sale mal en la impresi\u00f3n y el anuncio finalmente da a entender que Alec es una especie de sanador milagroso.<\/p><p>Al ver el anuncio, la gente del pueblo acude en manada a contratar sus servicios, aunque Alec les rechaza explic\u00e1ndoles el error. Pero entonces sucede algo tan extraordinario como inexplicable: \u00a1todos aquellos que han ido a ver a Alec se han curado de sus dolencias! El rumor se extiende: Alec, claramente, sana.<\/p><p>Cuanto m\u00e1s se esfuerza el chico en negar sus poderes curativos, m\u00e1s cosas extra\u00f1as ocurren a su alrededor: los perros sienten una fascinaci\u00f3n absoluta por su persona; el Padre Malloy (Jorge Garc\u00eda), p\u00e1rroco del pueblo, muere de un ataque al coraz\u00f3n y resucita poco despu\u00e9s; y un anciano sordo le dice a su mujer que deje de gritarle.<\/p><p>Alec, en estado de\u00a0<em>shock,<\/em>\u00a0descubre un secreto familiar: tiene un don. El don de curar.<\/p><p>Alec debe ahora elegir: aceptar o rechazar su don.<\/p><p>La llegada de Abigail (Kaitlyn Bernard), una adolescente con c\u00e1ncer terminal, tremendamente madura e inteligente, le dar\u00e1 a Alec una \u00faltima oportunidad para reconsiderar el sentido de su vida.\u00a0<\/p>\t\t\t\t\t\t<\/div>\n\t\t\t\t<\/div>\n\t\t\t\t\t<\/div>\n\t\t<\/div>\n\t\t\t\t\t<\/div>\n\t\t<\/section>\n\t\t\t\t<\/div>\n\t\t","protected":false},"excerpt":{"rendered":"<p>La vida de Alec (Oliver Jackson Cohen) en Inglaterra se est\u00e1 viniendo abajo. Su tienda de reparaciones el\u00e9ctricas, \u201cEl Curandero\u201d, est\u00e1 a punto de cerrar. Debe dinero a la gente equivocada, se acuesta con una mujer casada y bebe como si no hubiera un ma\u00f1ana. Inesperadamente, un hombre llamado Raymond (Jonathan Pryce) aparece, diciendo ser &hellip; <\/p>\n<p class=\"link-more\"><a href=\"https:\/\/loquedeverdadimporta.film\/LQDVI-PER\/sinopsis\/\" class=\"more-link\">Continuar leyendo<span class=\"screen-reader-text\"> \u00abSINOPSIS\u00bb<\/span><\/a><\/p>\n","protected":false},"author":1,"featured_media":0,"parent":0,"menu_order":0,"comment_status":"closed","ping_status":"closed","template":"elementor_canvas","meta":{"footnotes":""},"_links":{"self":[{"href":"https:\/\/loquedeverdadimporta.film\/LQDVI-PER\/wp-json\/wp\/v2\/pages\/31"}],"collection":[{"href":"https:\/\/loquedeverdadimporta.film\/LQDVI-PER\/wp-json\/wp\/v2\/pages"}],"about":[{"href":"https:\/\/loquedeverdadimporta.film\/LQDVI-PER\/wp-json\/wp\/v2\/types\/page"}],"author":[{"embeddable":true,"href":"https:\/\/loquedeverdadimporta.film\/LQDVI-PER\/wp-json\/wp\/v2\/users\/1"}],"replies":[{"embeddable":true,"href":"https:\/\/loquedeverdadimporta.film\/LQDVI-PER\/wp-json\/wp\/v2\/comments?post=31"}],"version-history":[{"count":2,"href":"https:\/\/loquedeverdadimporta.film\/LQDVI-PER\/wp-json\/wp\/v2\/pages\/31\/revisions"}],"predecessor-version":[{"id":34,"href":"https:\/\/loquedeverdadimporta.film\/LQDVI-PER\/wp-json\/wp\/v2\/pages\/31\/revisions\/34"}],"wp:attachment":[{"href":"https:\/\/loquedeverdadimporta.film\/LQDVI-PER\/wp-json\/wp\/v2\/media?parent=31"}],"curies":[{"name":"wp","href":"https:\/\/api.w.org\/{rel}","templated":true}]}}