{"id":82,"date":"2020-03-31T16:49:20","date_gmt":"2020-03-31T16:49:20","guid":{"rendered":"https:\/\/loquedeverdadimporta.film\/LQDVI-ITA\/?page_id=82"},"modified":"2020-04-15T11:24:18","modified_gmt":"2020-04-15T11:24:18","slug":"terapia-ricreativa","status":"publish","type":"page","link":"https:\/\/loquedeverdadimporta.film\/LQDVI-ITA\/terapia-ricreativa\/","title":{"rendered":"TERAPIA RICREATIVA"},"content":{"rendered":"\t\t<div data-elementor-type=\"wp-page\" data-elementor-id=\"82\" class=\"elementor elementor-82\">\n\t\t\t\t\t\t<section class=\"elementor-section elementor-top-section elementor-element elementor-element-3890f91 elementor-section-boxed elementor-section-height-default elementor-section-height-default\" data-id=\"3890f91\" data-element_type=\"section\">\n\t\t\t\t\t\t<div class=\"elementor-container elementor-column-gap-default\">\n\t\t\t\t\t<div class=\"elementor-column elementor-col-100 elementor-top-column elementor-element elementor-element-bd51c0b\" data-id=\"bd51c0b\" data-element_type=\"column\">\n\t\t\t<div class=\"elementor-widget-wrap elementor-element-populated\">\n\t\t\t\t\t\t<div class=\"elementor-element elementor-element-d954121 elementor-widget elementor-widget-image\" data-id=\"d954121\" data-element_type=\"widget\" data-widget_type=\"image.default\">\n\t\t\t\t<div class=\"elementor-widget-container\">\n\t\t\t\t\t\t\t\t\t\t\t\t\t<img fetchpriority=\"high\" decoding=\"async\" width=\"2560\" height=\"1707\" src=\"https:\/\/loquedeverdadimporta.film\/LQDVI-ITA\/wp-content\/uploads\/2020\/03\/TERAPIA-RICREATIVA_DC_2017_80-scaled.jpg\" class=\"attachment-full size-full wp-image-84\" alt=\"\" srcset=\"https:\/\/loquedeverdadimporta.film\/LQDVI-ITA\/wp-content\/uploads\/2020\/03\/TERAPIA-RICREATIVA_DC_2017_80-scaled.jpg 2560w, https:\/\/loquedeverdadimporta.film\/LQDVI-ITA\/wp-content\/uploads\/2020\/03\/TERAPIA-RICREATIVA_DC_2017_80-300x200.jpg 300w, https:\/\/loquedeverdadimporta.film\/LQDVI-ITA\/wp-content\/uploads\/2020\/03\/TERAPIA-RICREATIVA_DC_2017_80-1024x683.jpg 1024w, https:\/\/loquedeverdadimporta.film\/LQDVI-ITA\/wp-content\/uploads\/2020\/03\/TERAPIA-RICREATIVA_DC_2017_80-768x512.jpg 768w, https:\/\/loquedeverdadimporta.film\/LQDVI-ITA\/wp-content\/uploads\/2020\/03\/TERAPIA-RICREATIVA_DC_2017_80-1536x1024.jpg 1536w, https:\/\/loquedeverdadimporta.film\/LQDVI-ITA\/wp-content\/uploads\/2020\/03\/TERAPIA-RICREATIVA_DC_2017_80-2048x1365.jpg 2048w\" sizes=\"100vw\" \/>\t\t\t\t\t\t\t\t\t\t\t\t\t<\/div>\n\t\t\t\t<\/div>\n\t\t\t\t<div class=\"elementor-element elementor-element-50a5c8c elementor-widget elementor-widget-spacer\" data-id=\"50a5c8c\" data-element_type=\"widget\" data-widget_type=\"spacer.default\">\n\t\t\t\t<div class=\"elementor-widget-container\">\n\t\t\t\t\t<div class=\"elementor-spacer\">\n\t\t\t<div class=\"elementor-spacer-inner\"><\/div>\n\t\t<\/div>\n\t\t\t\t<\/div>\n\t\t\t\t<\/div>\n\t\t\t\t<div class=\"elementor-element elementor-element-138c383 elementor-widget elementor-widget-text-editor\" data-id=\"138c383\" data-element_type=\"widget\" data-widget_type=\"text-editor.default\">\n\t\t\t\t<div class=\"elementor-widget-container\">\n\t\t\t\t\t\t\t<p>La <strong>Terapia Ricreativa<\/strong>\u00a0\u00e8 la base scientifica che ispira l\u2019attivit\u00e0 del Camp. Terapia Ricreativa significa\u00a0<strong>partecipazione a un\u2019avventura, condivisione di esperienze indimenticabili con coetanei e riscoperta delle proprie capacit\u00e0.<\/strong> L\u2019esperienza si concentra sulla\u00a0scoperta\u00a0di nuove potenzialit\u00e0 e su nuove possibilit\u00e0 di apprendimento in varie forme. In questo modo i benefici tendono ad essere di\u00a0lungo termine, spesso permanenti, e si verificano cambiamenti positivi nella capacit\u00e0 dei bambini di confrontarsi con la loro malattia.<\/p><p>Grazie ad una collaborazione che dura ormai da anni, tra l\u2019universit\u00e0 di Yale e SeriousFun Children\u2019s Network \u00e8 stata elaborata una ricerca mirata a valutare gli effetti della Terapia Ricreativa messa in pratica nei Camp della rete SeriousFun. I genitori dei bambini\/ragazzi sono stati intervistati dopo un mese dall\u2019esperienza fatta al camp. La ricerca mostra un\u00a0<strong>incremento significativo negli atteggiamenti positivi dei camper<\/strong>\u00a0come ad esempio autostima, indipendenza, capacit\u00e0 relazionali e sociali e resilienza.<\/p><p>Per esempio, i genitori hanno riportato dei propri figli dopo il periodo al Camp:\u00a0<strong>78%<\/strong>\u00a0incremento nella sicurezza in se stessi,\u00a0<strong>73%<\/strong>\u00a0un incremento di autostima,\u00a0<strong>81%<\/strong>\u00a0un incremento di maturit\u00e0,\u00a0<strong>76%<\/strong>\u00a0un incremento in indipendenza,\u00a0<strong>72%<\/strong>\u00a0un accresciuto interesse a partecipare in attivit\u00e0 sociali,\u00a0<strong>79%<\/strong>\u00a0un\u2019apertura a sperimentare nuove attivit\u00e0 e esperienze. Sono i benefici della Terapia Ricreativa.<\/p><p>Ogni attivit\u00e0 a Dynamo Camp pu\u00f2 essere interpretata come\u00a0<strong>una sfida personale, costruttiva e senza elementi di competizione.<\/strong> I ragazzi hanno la scelta del ritmo a cui procedere ed il limite fino a cui spingersi, ad esempio se se la sentono di recitare sul palcoscenico o se preferiscono solo aiutare dietro le quinte. Ogni obiettivo viene raggiunto con il loro impegno individuale e con la collaborazione del gruppo: i ragazzi si incoraggiano a vicenda, lavorano in squadra e grazie al loro entusiasmo e alla supervisione di personale appositamente qualificato, raggiungono il successo.<\/p><p>Subito dopo l\u2019attivit\u00e0, in una discussione di gruppo, oppure in modo pi\u00f9 privato, scrivendo i loro pensieri in un diario, i ragazzi hanno la possibilit\u00e0 di fare una riflessione sugli obiettivi che hanno raggiunto, del modo in cui ci sono riusciti e sul significato del loro successo. Questo processo a vari livelli porta i ragazzi alla scoperta di poter riuscire anche in cose di cui non si ritenevano capaci e quindi al consolidamento della fiducia in loro stessi che li aiuter\u00e0 nelle successive sfide che si troveranno ad affrontare.<\/p><p>Naturalmente l\u2019esperienza a Dynamo Camp \u00e8\u00a0<strong>soprattutto divertimento<\/strong>. Ogni aspetto del programma \u00e8 reso emozionante e coinvolgente perch\u00e9 con attivit\u00e0 divertenti i ragazzi sono pi\u00f9 invogliati a provare nuove sfide, a raggiungere il successo, a riflettere su quello che hanno raggiunto e a scoprire le loro potenzialit\u00e0.<\/p><p>Nel programma del Camp l\u2019aspetto della\u00a0<strong>socializzazione \u00e8 fondamentale<\/strong>. Trovandosi, al di fuori da un ambiente ospedaliero, a stretto contatto con bambini che hanno le stesse problematiche, i ragazzi legano molto facilmente tra loro condividendo coraggio e prospettive con chi \u00e8 davvero in grado di capire come si sentono. Inoltre, hanno la preziosa opportunit\u00e0 di conoscere tanti bambini e ragazzi provenienti da altre citt\u00e0 e da esperienze diverse.<\/p>\t\t\t\t\t\t<\/div>\n\t\t\t\t<\/div>\n\t\t\t\t\t<\/div>\n\t\t<\/div>\n\t\t\t\t\t<\/div>\n\t\t<\/section>\n\t\t\t\t<\/div>\n\t\t","protected":false},"excerpt":{"rendered":"<p>La Terapia Ricreativa\u00a0\u00e8 la base scientifica che ispira l\u2019attivit\u00e0 del Camp. Terapia Ricreativa significa\u00a0partecipazione a un\u2019avventura, condivisione di esperienze indimenticabili con coetanei e riscoperta delle proprie capacit\u00e0. L\u2019esperienza si concentra sulla\u00a0scoperta\u00a0di nuove potenzialit\u00e0 e su nuove possibilit\u00e0 di apprendimento in varie forme. In questo modo i benefici tendono ad essere di\u00a0lungo termine, spesso permanenti, e &hellip; <\/p>\n<p class=\"link-more\"><a href=\"https:\/\/loquedeverdadimporta.film\/LQDVI-ITA\/terapia-ricreativa\/\" class=\"more-link\">Continuar leyendo<span class=\"screen-reader-text\"> \u00abTERAPIA RICREATIVA\u00bb<\/span><\/a><\/p>\n","protected":false},"author":1,"featured_media":0,"parent":0,"menu_order":0,"comment_status":"closed","ping_status":"closed","template":"elementor_header_footer","meta":{"footnotes":""},"_links":{"self":[{"href":"https:\/\/loquedeverdadimporta.film\/LQDVI-ITA\/wp-json\/wp\/v2\/pages\/82"}],"collection":[{"href":"https:\/\/loquedeverdadimporta.film\/LQDVI-ITA\/wp-json\/wp\/v2\/pages"}],"about":[{"href":"https:\/\/loquedeverdadimporta.film\/LQDVI-ITA\/wp-json\/wp\/v2\/types\/page"}],"author":[{"embeddable":true,"href":"https:\/\/loquedeverdadimporta.film\/LQDVI-ITA\/wp-json\/wp\/v2\/users\/1"}],"replies":[{"embeddable":true,"href":"https:\/\/loquedeverdadimporta.film\/LQDVI-ITA\/wp-json\/wp\/v2\/comments?post=82"}],"version-history":[{"count":3,"href":"https:\/\/loquedeverdadimporta.film\/LQDVI-ITA\/wp-json\/wp\/v2\/pages\/82\/revisions"}],"predecessor-version":[{"id":127,"href":"https:\/\/loquedeverdadimporta.film\/LQDVI-ITA\/wp-json\/wp\/v2\/pages\/82\/revisions\/127"}],"wp:attachment":[{"href":"https:\/\/loquedeverdadimporta.film\/LQDVI-ITA\/wp-json\/wp\/v2\/media?parent=82"}],"curies":[{"name":"wp","href":"https:\/\/api.w.org\/{rel}","templated":true}]}}