{"id":44,"date":"2020-03-31T16:20:46","date_gmt":"2020-03-31T16:20:46","guid":{"rendered":"https:\/\/loquedeverdadimporta.film\/LQDVI-ITA\/?page_id=44"},"modified":"2020-04-15T11:23:15","modified_gmt":"2020-04-15T11:23:15","slug":"paco-arango-guionista-director-productor","status":"publish","type":"page","link":"https:\/\/loquedeverdadimporta.film\/LQDVI-ITA\/paco-arango-guionista-director-productor\/","title":{"rendered":"Paco Arango (Guionista, Director, Productor)"},"content":{"rendered":"\t\t<div data-elementor-type=\"wp-page\" data-elementor-id=\"44\" class=\"elementor elementor-44\">\n\t\t\t\t\t\t<section class=\"elementor-section elementor-top-section elementor-element elementor-element-61ae0b6 elementor-section-boxed elementor-section-height-default elementor-section-height-default\" data-id=\"61ae0b6\" data-element_type=\"section\">\n\t\t\t\t\t\t<div class=\"elementor-container elementor-column-gap-default\">\n\t\t\t\t\t<div class=\"elementor-column elementor-col-100 elementor-top-column elementor-element elementor-element-594d565\" data-id=\"594d565\" data-element_type=\"column\">\n\t\t\t<div class=\"elementor-widget-wrap elementor-element-populated\">\n\t\t\t\t\t\t<div class=\"elementor-element elementor-element-15814a5 elementor-widget elementor-widget-image\" data-id=\"15814a5\" data-element_type=\"widget\" data-widget_type=\"image.default\">\n\t\t\t\t<div class=\"elementor-widget-container\">\n\t\t\t\t\t\t\t\t\t\t\t\t\t<img fetchpriority=\"high\" decoding=\"async\" width=\"525\" height=\"349\" src=\"https:\/\/loquedeverdadimporta.film\/LQDVI-ITA\/wp-content\/uploads\/2020\/03\/paco-arango-1024x681.jpg\" class=\"attachment-large size-large wp-image-46\" alt=\"\" srcset=\"https:\/\/loquedeverdadimporta.film\/LQDVI-ITA\/wp-content\/uploads\/2020\/03\/paco-arango-1024x681.jpg 1024w, https:\/\/loquedeverdadimporta.film\/LQDVI-ITA\/wp-content\/uploads\/2020\/03\/paco-arango-300x200.jpg 300w, https:\/\/loquedeverdadimporta.film\/LQDVI-ITA\/wp-content\/uploads\/2020\/03\/paco-arango-768x511.jpg 768w, https:\/\/loquedeverdadimporta.film\/LQDVI-ITA\/wp-content\/uploads\/2020\/03\/paco-arango.jpg 1500w\" sizes=\"100vw\" \/>\t\t\t\t\t\t\t\t\t\t\t\t\t<\/div>\n\t\t\t\t<\/div>\n\t\t\t\t<div class=\"elementor-element elementor-element-924fbd6 elementor-widget elementor-widget-spacer\" data-id=\"924fbd6\" data-element_type=\"widget\" data-widget_type=\"spacer.default\">\n\t\t\t\t<div class=\"elementor-widget-container\">\n\t\t\t\t\t<div class=\"elementor-spacer\">\n\t\t\t<div class=\"elementor-spacer-inner\"><\/div>\n\t\t<\/div>\n\t\t\t\t<\/div>\n\t\t\t\t<\/div>\n\t\t\t\t<div class=\"elementor-element elementor-element-1fa5e82 elementor-widget elementor-widget-heading\" data-id=\"1fa5e82\" data-element_type=\"widget\" data-widget_type=\"heading.default\">\n\t\t\t\t<div class=\"elementor-widget-container\">\n\t\t\t<h2 class=\"elementor-heading-title elementor-size-default\">Paco Arango (Director, Guionista, Productor)<\/h2>\t\t<\/div>\n\t\t\t\t<\/div>\n\t\t\t\t<div class=\"elementor-element elementor-element-cc033bd elementor-widget elementor-widget-text-editor\" data-id=\"cc033bd\" data-element_type=\"widget\" data-widget_type=\"text-editor.default\">\n\t\t\t\t<div class=\"elementor-widget-container\">\n\t\t\t\t\t\t\tPaco Arango \u00e8 nato in Messico nel 1967 in una famiglia di origine spagnola. Essendo ancora giovane, la sua famiglia torna in Spagna, e studia cinematografia negli Stati Uniti, a Boston e Los Angeles. Prima di iniziare la sua carriera, Arango ha registrato e pubblicato cinque album come cantante solista sotto l&#8217;etichetta di Sony Records. Nel 1999 ha fondato un una casa di produzione televisiva, con la quale produce diverse serie e programmi, tra cui il successo \u00a1Ala&#8230; Dina!, una serie divertente, interpretata da Paz Padilla, che \u00e8 rimasta in antenna per quattro stagioni.\n<br\/><br\/>\nNel 2001 ha sentito l\u2019esigenza di \u201crestituire\u201d e ha iniziato a lavorare come volontario nell&#8217;ospedale Ni\u00f1o Jes\u00fas, con piccoli pazienti affetti da cancro. Questo ha cambiato la sua vita per sempre. Nel 2005 crea la\u00a0<strong>Fondazione Aladina<\/strong>, che ha la missione di alleviare i periodi di ospedalizzazione di bambini e adolescenti affetti da tumore e le loro famiglie, e oggi aiuta pi\u00f9 di 1.500 bambini.<br\/><br\/>\nNel 2011 scrive e dirige Maktub, un film che mescola commedia e dramma. Oltre ad aver vinto tre nomination al premio Goya (nuovo regista, attrice non protagonista e canzone originale), il film \u00e8 servito a finanziare uno dei pi\u00f9 avanzati centri di trapianto di midollo osseo in Europa: il Centro Maktub presso l&#8217;Ospedale Ni\u00f1o Jes\u00fas di Madrid.<br\/><br\/>\nEletto nel 2008 membro del Consiglio del Serious Fun Children&#8217;s Network, di cui fa parte Associazione Dynamo, Paco Arango ha donato il film a tutti i camp del mondo con l\u2019obbiettivo della divulgazione della missione iniziata da Paul Newman nel 1988.\t\t\t\t\t\t<\/div>\n\t\t\t\t<\/div>\n\t\t\t\t<div class=\"elementor-element elementor-element-80bc54c elementor-widget elementor-widget-spacer\" data-id=\"80bc54c\" data-element_type=\"widget\" data-widget_type=\"spacer.default\">\n\t\t\t\t<div class=\"elementor-widget-container\">\n\t\t\t\t\t<div class=\"elementor-spacer\">\n\t\t\t<div class=\"elementor-spacer-inner\"><\/div>\n\t\t<\/div>\n\t\t\t\t<\/div>\n\t\t\t\t<\/div>\n\t\t\t\t\t<\/div>\n\t\t<\/div>\n\t\t\t\t\t<\/div>\n\t\t<\/section>\n\t\t\t\t<\/div>\n\t\t","protected":false},"excerpt":{"rendered":"<p>Paco Arango (Director, Guionista, Productor) Paco Arango \u00e8 nato in Messico nel 1967 in una famiglia di origine spagnola. Essendo ancora giovane, la sua famiglia torna in Spagna, e studia cinematografia negli Stati Uniti, a Boston e Los Angeles. Prima di iniziare la sua carriera, Arango ha registrato e pubblicato cinque album come cantante solista &hellip; <\/p>\n<p class=\"link-more\"><a href=\"https:\/\/loquedeverdadimporta.film\/LQDVI-ITA\/paco-arango-guionista-director-productor\/\" class=\"more-link\">Continuar leyendo<span class=\"screen-reader-text\"> \u00abPaco Arango (Guionista, Director, Productor)\u00bb<\/span><\/a><\/p>\n","protected":false},"author":1,"featured_media":0,"parent":0,"menu_order":0,"comment_status":"closed","ping_status":"closed","template":"elementor_header_footer","meta":{"footnotes":""},"_links":{"self":[{"href":"https:\/\/loquedeverdadimporta.film\/LQDVI-ITA\/wp-json\/wp\/v2\/pages\/44"}],"collection":[{"href":"https:\/\/loquedeverdadimporta.film\/LQDVI-ITA\/wp-json\/wp\/v2\/pages"}],"about":[{"href":"https:\/\/loquedeverdadimporta.film\/LQDVI-ITA\/wp-json\/wp\/v2\/types\/page"}],"author":[{"embeddable":true,"href":"https:\/\/loquedeverdadimporta.film\/LQDVI-ITA\/wp-json\/wp\/v2\/users\/1"}],"replies":[{"embeddable":true,"href":"https:\/\/loquedeverdadimporta.film\/LQDVI-ITA\/wp-json\/wp\/v2\/comments?post=44"}],"version-history":[{"count":5,"href":"https:\/\/loquedeverdadimporta.film\/LQDVI-ITA\/wp-json\/wp\/v2\/pages\/44\/revisions"}],"predecessor-version":[{"id":124,"href":"https:\/\/loquedeverdadimporta.film\/LQDVI-ITA\/wp-json\/wp\/v2\/pages\/44\/revisions\/124"}],"wp:attachment":[{"href":"https:\/\/loquedeverdadimporta.film\/LQDVI-ITA\/wp-json\/wp\/v2\/media?parent=44"}],"curies":[{"name":"wp","href":"https:\/\/api.w.org\/{rel}","templated":true}]}}