{"id":37,"date":"2020-03-31T15:59:31","date_gmt":"2020-03-31T15:59:31","guid":{"rendered":"https:\/\/loquedeverdadimporta.film\/LQDVI-ITA\/?page_id=37"},"modified":"2020-04-15T11:23:48","modified_gmt":"2020-04-15T11:23:48","slug":"scheda-film","status":"publish","type":"page","link":"https:\/\/loquedeverdadimporta.film\/LQDVI-ITA\/scheda-film\/","title":{"rendered":"SCHEDA FILM"},"content":{"rendered":"\t\t<div data-elementor-type=\"wp-page\" data-elementor-id=\"37\" class=\"elementor elementor-37\">\n\t\t\t\t\t\t<section class=\"elementor-section elementor-top-section elementor-element elementor-element-c32eba4 elementor-section-boxed elementor-section-height-default elementor-section-height-default\" data-id=\"c32eba4\" data-element_type=\"section\">\n\t\t\t\t\t\t<div class=\"elementor-container elementor-column-gap-default\">\n\t\t\t\t\t<div class=\"elementor-column elementor-col-100 elementor-top-column elementor-element elementor-element-861e2df\" data-id=\"861e2df\" data-element_type=\"column\">\n\t\t\t<div class=\"elementor-widget-wrap elementor-element-populated\">\n\t\t\t\t\t\t<div class=\"elementor-element elementor-element-43d6d40 elementor-widget elementor-widget-image\" data-id=\"43d6d40\" data-element_type=\"widget\" data-widget_type=\"image.default\">\n\t\t\t\t<div class=\"elementor-widget-container\">\n\t\t\t\t\t\t\t\t\t\t\t\t\t<img fetchpriority=\"high\" decoding=\"async\" width=\"525\" height=\"350\" src=\"https:\/\/loquedeverdadimporta.film\/LQDVI-ITA\/wp-content\/uploads\/2020\/03\/Muelle-horizontal-web.jpg\" class=\"attachment-large size-large wp-image-39\" alt=\"\" srcset=\"https:\/\/loquedeverdadimporta.film\/LQDVI-ITA\/wp-content\/uploads\/2020\/03\/Muelle-horizontal-web.jpg 1000w, https:\/\/loquedeverdadimporta.film\/LQDVI-ITA\/wp-content\/uploads\/2020\/03\/Muelle-horizontal-web-300x200.jpg 300w, https:\/\/loquedeverdadimporta.film\/LQDVI-ITA\/wp-content\/uploads\/2020\/03\/Muelle-horizontal-web-768x511.jpg 768w\" sizes=\"100vw\" \/>\t\t\t\t\t\t\t\t\t\t\t\t\t<\/div>\n\t\t\t\t<\/div>\n\t\t\t\t<div class=\"elementor-element elementor-element-43df8cc elementor-widget elementor-widget-spacer\" data-id=\"43df8cc\" data-element_type=\"widget\" data-widget_type=\"spacer.default\">\n\t\t\t\t<div class=\"elementor-widget-container\">\n\t\t\t\t\t<div class=\"elementor-spacer\">\n\t\t\t<div class=\"elementor-spacer-inner\"><\/div>\n\t\t<\/div>\n\t\t\t\t<\/div>\n\t\t\t\t<\/div>\n\t\t\t\t\t<\/div>\n\t\t<\/div>\n\t\t\t\t\t<\/div>\n\t\t<\/section>\n\t\t\t\t<section class=\"elementor-section elementor-top-section elementor-element elementor-element-01b0464 elementor-section-boxed elementor-section-height-default elementor-section-height-default\" data-id=\"01b0464\" data-element_type=\"section\">\n\t\t\t\t\t\t<div class=\"elementor-container elementor-column-gap-default\">\n\t\t\t\t\t<div class=\"elementor-column elementor-col-100 elementor-top-column elementor-element elementor-element-756e6a9\" data-id=\"756e6a9\" data-element_type=\"column\">\n\t\t\t<div class=\"elementor-widget-wrap elementor-element-populated\">\n\t\t\t\t\t\t<div class=\"elementor-element elementor-element-b996819 elementor-widget elementor-widget-text-editor\" data-id=\"b996819\" data-element_type=\"widget\" data-widget_type=\"text-editor.default\">\n\t\t\t\t<div class=\"elementor-widget-container\">\n\t\t\t\t\t\t\t<p>Film per famiglie, \u201cQuello che veramente importa\u201d racconta la storia di Alec, un ingegnere meccanico inglese incapace di mettere in ordine la sua vita. Quando il suo negozio di riparazioni, \u00abThe Healer\u00bb, arriva sull&#8217;orlo del fallimento, un parente lontano di cui aveva sempre ignorato l&#8217;esistenza si offre di risolvere tutti i suoi problemi in cambio di un breve soggiorno di Alec in Canada, il luogo di origine dei loro antenati. Arrivato nel paese straniero, il giovane comincer\u00e0 a notare le cose pi\u00f9 incomprensibili. Si trover\u00e0 faccia a faccia con se stesso, il suo passato, la sua vita e, soprattutto, un dono che non sapeva di avere: ispirare quelli intorno a lui a credere in qualcosa al di l\u00e0 di ci\u00f2 che pu\u00f2 essere spiegato.<\/p><p>Agora ele precisa escolher: aceitar ou recusar seu dom. A chegada de Abigail (Kaitlyn Bernard), uma adolescente com c\u00e2ncer terminal, incrivelmente madura e inteligente, dar\u00e1 a Alec uma \u00faltima oportunidade para reconsiderar o\u00a0 sentido de sua vida.<\/p>\t\t\t\t\t\t<\/div>\n\t\t\t\t<\/div>\n\t\t\t\t\t<\/div>\n\t\t<\/div>\n\t\t\t\t\t<\/div>\n\t\t<\/section>\n\t\t\t\t<\/div>\n\t\t","protected":false},"excerpt":{"rendered":"<p>Film per famiglie, \u201cQuello che veramente importa\u201d racconta la storia di Alec, un ingegnere meccanico inglese incapace di mettere in ordine la sua vita. Quando il suo negozio di riparazioni, \u00abThe Healer\u00bb, arriva sull&#8217;orlo del fallimento, un parente lontano di cui aveva sempre ignorato l&#8217;esistenza si offre di risolvere tutti i suoi problemi in cambio &hellip; <\/p>\n<p class=\"link-more\"><a href=\"https:\/\/loquedeverdadimporta.film\/LQDVI-ITA\/scheda-film\/\" class=\"more-link\">Continuar leyendo<span class=\"screen-reader-text\"> \u00abSCHEDA FILM\u00bb<\/span><\/a><\/p>\n","protected":false},"author":1,"featured_media":0,"parent":0,"menu_order":0,"comment_status":"closed","ping_status":"closed","template":"elementor_header_footer","meta":{"footnotes":""},"_links":{"self":[{"href":"https:\/\/loquedeverdadimporta.film\/LQDVI-ITA\/wp-json\/wp\/v2\/pages\/37"}],"collection":[{"href":"https:\/\/loquedeverdadimporta.film\/LQDVI-ITA\/wp-json\/wp\/v2\/pages"}],"about":[{"href":"https:\/\/loquedeverdadimporta.film\/LQDVI-ITA\/wp-json\/wp\/v2\/types\/page"}],"author":[{"embeddable":true,"href":"https:\/\/loquedeverdadimporta.film\/LQDVI-ITA\/wp-json\/wp\/v2\/users\/1"}],"replies":[{"embeddable":true,"href":"https:\/\/loquedeverdadimporta.film\/LQDVI-ITA\/wp-json\/wp\/v2\/comments?post=37"}],"version-history":[{"count":4,"href":"https:\/\/loquedeverdadimporta.film\/LQDVI-ITA\/wp-json\/wp\/v2\/pages\/37\/revisions"}],"predecessor-version":[{"id":126,"href":"https:\/\/loquedeverdadimporta.film\/LQDVI-ITA\/wp-json\/wp\/v2\/pages\/37\/revisions\/126"}],"wp:attachment":[{"href":"https:\/\/loquedeverdadimporta.film\/LQDVI-ITA\/wp-json\/wp\/v2\/media?parent=37"}],"curies":[{"name":"wp","href":"https:\/\/api.w.org\/{rel}","templated":true}]}}