{"id":95,"date":"2020-04-06T20:38:13","date_gmt":"2020-04-06T20:38:13","guid":{"rendered":"https:\/\/loquedeverdadimporta.film\/LQDVI-CHI\/?page_id=95"},"modified":"2020-04-06T21:40:53","modified_gmt":"2020-04-06T21:40:53","slug":"fundacion-nuestros-hijos","status":"publish","type":"page","link":"https:\/\/loquedeverdadimporta.film\/LQDVI-CHI\/fundacion-nuestros-hijos\/","title":{"rendered":"Fundaci\u00f3n Nuestros Hijos"},"content":{"rendered":"\t\t<div data-elementor-type=\"wp-page\" data-elementor-id=\"95\" class=\"elementor elementor-95\">\n\t\t\t\t\t\t<section class=\"elementor-section elementor-top-section elementor-element elementor-element-76943ed elementor-section-boxed elementor-section-height-default elementor-section-height-default\" data-id=\"76943ed\" data-element_type=\"section\">\n\t\t\t\t\t\t<div class=\"elementor-container elementor-column-gap-default\">\n\t\t\t\t\t<div class=\"elementor-column elementor-col-100 elementor-top-column elementor-element elementor-element-dfb3128\" data-id=\"dfb3128\" data-element_type=\"column\">\n\t\t\t<div class=\"elementor-widget-wrap elementor-element-populated\">\n\t\t\t\t\t\t<div class=\"elementor-element elementor-element-11deee0 elementor-widget elementor-widget-image\" data-id=\"11deee0\" data-element_type=\"widget\" data-widget_type=\"image.default\">\n\t\t\t\t<div class=\"elementor-widget-container\">\n\t\t\t\t\t\t\t\t\t\t\t\t\t<img fetchpriority=\"high\" decoding=\"async\" width=\"225\" height=\"225\" src=\"https:\/\/loquedeverdadimporta.film\/LQDVI-CHI\/wp-content\/uploads\/2020\/04\/logo-nuestros-hijos.png\" class=\"attachment-medium_large size-medium_large wp-image-138\" alt=\"\" srcset=\"https:\/\/loquedeverdadimporta.film\/LQDVI-CHI\/wp-content\/uploads\/2020\/04\/logo-nuestros-hijos.png 225w, https:\/\/loquedeverdadimporta.film\/LQDVI-CHI\/wp-content\/uploads\/2020\/04\/logo-nuestros-hijos-150x150.png 150w, https:\/\/loquedeverdadimporta.film\/LQDVI-CHI\/wp-content\/uploads\/2020\/04\/logo-nuestros-hijos-100x100.png 100w\" sizes=\"100vw\" \/>\t\t\t\t\t\t\t\t\t\t\t\t\t<\/div>\n\t\t\t\t<\/div>\n\t\t\t\t<div class=\"elementor-element elementor-element-83f4548 elementor-widget elementor-widget-spacer\" data-id=\"83f4548\" data-element_type=\"widget\" data-widget_type=\"spacer.default\">\n\t\t\t\t<div class=\"elementor-widget-container\">\n\t\t\t\t\t<div class=\"elementor-spacer\">\n\t\t\t<div class=\"elementor-spacer-inner\"><\/div>\n\t\t<\/div>\n\t\t\t\t<\/div>\n\t\t\t\t<\/div>\n\t\t\t\t<div class=\"elementor-element elementor-element-96128dc elementor-widget elementor-widget-text-editor\" data-id=\"96128dc\" data-element_type=\"widget\" data-widget_type=\"text-editor.default\">\n\t\t\t\t<div class=\"elementor-widget-container\">\n\t\t\t\t\t\t\t<p><a href=\"http:\/\/www.fnh.cl\/\" target=\"_blank\" rel=\"noopener\">Fundaci\u00f3n Nuestros Hijos<\/a>\u00a0es una instituci\u00f3n consolidada, creada en 1991, con el objetivo de asistir a ni\u00f1os con c\u00e1ncer que est\u00e1n en desventaja debido al nivel socioecon\u00f3mico al que pertenecen.<\/p><p>Sus principales objetivos son: mejorar la calidad de vida del ni\u00f1o o ni\u00f1a, aumentar sus expectativas de sobrevida y disminuir el impacto psico-social y econ\u00f3mico que tiene la enfermedad en el ni\u00f1os y su entorno familiar.<\/p><p>A trav\u00e9s de seis \u00e1reas de apoyo dan asistencia integral a los ni\u00f1os y sus familias, esto incluye:<\/p><p>Apoyo m\u00e9dico-social, alojamiento en Casas de Acogida, Colegios Hospitalarios, mejoramiento de las unidades oncol\u00f3gicas de \u00a0hospitales p\u00fablicos, incentivos para promover la investigaci\u00f3n y recientemente inauguramos nuestro Centro de Rehabilitaci\u00f3n Oncol\u00f3gico, \u00fanico en Latinoam\u00e9rica, en \u00e9l son tratados los ni\u00f1os que presentan secuelas f\u00edsicas o cognitivas producto de la enfermedad o el tratamiento.<\/p><p>Si quieres saber m\u00e1s de Fundaci\u00f3n Nuestros Hijos visita \u00a0<a href=\"http:\/\/www.fnh.cl\/\">www.fnh.cl<\/a><\/p>\t\t\t\t\t\t<\/div>\n\t\t\t\t<\/div>\n\t\t\t\t\t<\/div>\n\t\t<\/div>\n\t\t\t\t\t<\/div>\n\t\t<\/section>\n\t\t\t\t<\/div>\n\t\t","protected":false},"excerpt":{"rendered":"<p>Fundaci\u00f3n Nuestros Hijos\u00a0es una instituci\u00f3n consolidada, creada en 1991, con el objetivo de asistir a ni\u00f1os con c\u00e1ncer que est\u00e1n en desventaja debido al nivel socioecon\u00f3mico al que pertenecen. Sus principales objetivos son: mejorar la calidad de vida del ni\u00f1o o ni\u00f1a, aumentar sus expectativas de sobrevida y disminuir el impacto psico-social y econ\u00f3mico que &hellip; <\/p>\n<p class=\"link-more\"><a href=\"https:\/\/loquedeverdadimporta.film\/LQDVI-CHI\/fundacion-nuestros-hijos\/\" class=\"more-link\">Continuar leyendo<span class=\"screen-reader-text\"> \u00abFundaci\u00f3n Nuestros Hijos\u00bb<\/span><\/a><\/p>\n","protected":false},"author":1,"featured_media":0,"parent":0,"menu_order":0,"comment_status":"closed","ping_status":"closed","template":"elementor_canvas","meta":{"footnotes":""},"_links":{"self":[{"href":"https:\/\/loquedeverdadimporta.film\/LQDVI-CHI\/wp-json\/wp\/v2\/pages\/95"}],"collection":[{"href":"https:\/\/loquedeverdadimporta.film\/LQDVI-CHI\/wp-json\/wp\/v2\/pages"}],"about":[{"href":"https:\/\/loquedeverdadimporta.film\/LQDVI-CHI\/wp-json\/wp\/v2\/types\/page"}],"author":[{"embeddable":true,"href":"https:\/\/loquedeverdadimporta.film\/LQDVI-CHI\/wp-json\/wp\/v2\/users\/1"}],"replies":[{"embeddable":true,"href":"https:\/\/loquedeverdadimporta.film\/LQDVI-CHI\/wp-json\/wp\/v2\/comments?post=95"}],"version-history":[{"count":4,"href":"https:\/\/loquedeverdadimporta.film\/LQDVI-CHI\/wp-json\/wp\/v2\/pages\/95\/revisions"}],"predecessor-version":[{"id":139,"href":"https:\/\/loquedeverdadimporta.film\/LQDVI-CHI\/wp-json\/wp\/v2\/pages\/95\/revisions\/139"}],"wp:attachment":[{"href":"https:\/\/loquedeverdadimporta.film\/LQDVI-CHI\/wp-json\/wp\/v2\/media?parent=95"}],"curies":[{"name":"wp","href":"https:\/\/api.w.org\/{rel}","templated":true}]}}