{"id":90,"date":"2020-04-06T20:36:41","date_gmt":"2020-04-06T20:36:41","guid":{"rendered":"https:\/\/loquedeverdadimporta.film\/LQDVI-CHI\/?page_id=90"},"modified":"2020-04-06T21:41:58","modified_gmt":"2020-04-06T21:41:58","slug":"fundacion-casa-sagrada-familia","status":"publish","type":"page","link":"https:\/\/loquedeverdadimporta.film\/LQDVI-CHI\/fundacion-casa-sagrada-familia\/","title":{"rendered":"Fundaci\u00f3n Casa Sagrada Familia"},"content":{"rendered":"\t\t<div data-elementor-type=\"wp-page\" data-elementor-id=\"90\" class=\"elementor elementor-90\">\n\t\t\t\t\t\t<section class=\"elementor-section elementor-top-section elementor-element elementor-element-76943ed elementor-section-boxed elementor-section-height-default elementor-section-height-default\" data-id=\"76943ed\" data-element_type=\"section\">\n\t\t\t\t\t\t<div class=\"elementor-container elementor-column-gap-default\">\n\t\t\t\t\t<div class=\"elementor-column elementor-col-100 elementor-top-column elementor-element elementor-element-dfb3128\" data-id=\"dfb3128\" data-element_type=\"column\">\n\t\t\t<div class=\"elementor-widget-wrap elementor-element-populated\">\n\t\t\t\t\t\t<div class=\"elementor-element elementor-element-11deee0 elementor-widget elementor-widget-image\" data-id=\"11deee0\" data-element_type=\"widget\" data-widget_type=\"image.default\">\n\t\t\t\t<div class=\"elementor-widget-container\">\n\t\t\t\t\t\t\t\t\t\t\t\t\t<img fetchpriority=\"high\" decoding=\"async\" width=\"225\" height=\"225\" src=\"https:\/\/loquedeverdadimporta.film\/LQDVI-CHI\/wp-content\/uploads\/2020\/04\/logo-casa-sagrada-familia.png\" class=\"attachment-medium_large size-medium_large wp-image-141\" alt=\"\" srcset=\"https:\/\/loquedeverdadimporta.film\/LQDVI-CHI\/wp-content\/uploads\/2020\/04\/logo-casa-sagrada-familia.png 225w, https:\/\/loquedeverdadimporta.film\/LQDVI-CHI\/wp-content\/uploads\/2020\/04\/logo-casa-sagrada-familia-150x150.png 150w, https:\/\/loquedeverdadimporta.film\/LQDVI-CHI\/wp-content\/uploads\/2020\/04\/logo-casa-sagrada-familia-100x100.png 100w\" sizes=\"100vw\" \/>\t\t\t\t\t\t\t\t\t\t\t\t\t<\/div>\n\t\t\t\t<\/div>\n\t\t\t\t<div class=\"elementor-element elementor-element-83f4548 elementor-widget elementor-widget-spacer\" data-id=\"83f4548\" data-element_type=\"widget\" data-widget_type=\"spacer.default\">\n\t\t\t\t<div class=\"elementor-widget-container\">\n\t\t\t\t\t<div class=\"elementor-spacer\">\n\t\t\t<div class=\"elementor-spacer-inner\"><\/div>\n\t\t<\/div>\n\t\t\t\t<\/div>\n\t\t\t\t<\/div>\n\t\t\t\t<div class=\"elementor-element elementor-element-96128dc elementor-widget elementor-widget-text-editor\" data-id=\"96128dc\" data-element_type=\"widget\" data-widget_type=\"text-editor.default\">\n\t\t\t\t<div class=\"elementor-widget-container\">\n\t\t\t\t\t\t\t<p>La Fundaci\u00f3n \u00a0<a href=\"http:\/\/www.casasagradafamilia.cl\/\" target=\"_blank\" rel=\"noopener\">Casa de la Sagrada Familia<\/a>, lleva 17 a\u00f1os recibiendo a ni\u00f1os con c\u00e1ncer de provincia junto a sus apoderados, mientras dura su tratamiento oncol\u00f3gico en el Hospital Luis Calvo Mackenna (Santiago). Nuestra misi\u00f3n es disminuir el impacto psicol\u00f3gico y socioecon\u00f3mico sobre el paciente y su familia, mejorar la calidad de vida del paciente durante el tratamiento, esperamos aumentar las expectativas de vida de los ni\u00f1os, teniendo en cuenta que la higiene y bienestar son determinantes.<\/p><p>Hoy d\u00eda, contamos con un moderno edificio de 4 pisos ubicado en la comuna de \u00d1u\u00f1oa, el cual nos permiten acoger a treinta ni\u00f1os junto a sus madres. Contando con un piso por completo habilitado para recibir a ni\u00f1os post- trasplante de medula \u00f3sea, donde se les mantiene con las m\u00e1ximas condiciones de aislamiento y riguroso control en cuanto a higiene y alimentaci\u00f3n para minimizar el riesgo de infecci\u00f3n y rechazo.<\/p><p>En el \u00faltimo a\u00f1o hemos implementado distintos programas adicionales a nuestra casa de acogida, para poder entregar un apoyo integral a nuestros pacientes y sus familias:<\/p><p><strong>Volver a casa:<\/strong>\u00a0Apoyamos a las familias beneficiarias de la Fundaci\u00f3n que no tengan una vivienda adecuada, para que su hijo que se encuentra en tratamiento pueda volver a su lugar de origen en las condiciones \u00f3ptimas. Se apoya a la familia con ayuda profesional para gestionar los tr\u00e1mites necesarios para obtener subsidio, mejoras o lo que sea necesario.<\/p><p><strong>Quiero ser:\u00a0<\/strong>Es un programa de ayuda a ni\u00f1os con Leucemia u otras enfermedades graves a la sangre, que se desarrolla dentro de la Fundaci\u00f3n Casa de la Sagrada Familia. Su objetivo es aumentar el acceso a Trasplantes de M\u00e9dula \u00d3sea, cuando este procedimiento sea la \u00fanica opci\u00f3n de sobrevivir.<\/p><p><strong>Programa de Duelo:\u00a0<\/strong>Talleres de acompa\u00f1amiento a las mam\u00e1s despu\u00e9s de la partida de sus hijos.<\/p>\t\t\t\t\t\t<\/div>\n\t\t\t\t<\/div>\n\t\t\t\t\t<\/div>\n\t\t<\/div>\n\t\t\t\t\t<\/div>\n\t\t<\/section>\n\t\t\t\t<\/div>\n\t\t","protected":false},"excerpt":{"rendered":"<p>La Fundaci\u00f3n \u00a0Casa de la Sagrada Familia, lleva 17 a\u00f1os recibiendo a ni\u00f1os con c\u00e1ncer de provincia junto a sus apoderados, mientras dura su tratamiento oncol\u00f3gico en el Hospital Luis Calvo Mackenna (Santiago). Nuestra misi\u00f3n es disminuir el impacto psicol\u00f3gico y socioecon\u00f3mico sobre el paciente y su familia, mejorar la calidad de vida del paciente &hellip; <\/p>\n<p class=\"link-more\"><a href=\"https:\/\/loquedeverdadimporta.film\/LQDVI-CHI\/fundacion-casa-sagrada-familia\/\" class=\"more-link\">Continuar leyendo<span class=\"screen-reader-text\"> \u00abFundaci\u00f3n Casa Sagrada Familia\u00bb<\/span><\/a><\/p>\n","protected":false},"author":1,"featured_media":0,"parent":0,"menu_order":0,"comment_status":"closed","ping_status":"closed","template":"elementor_canvas","meta":{"footnotes":""},"_links":{"self":[{"href":"https:\/\/loquedeverdadimporta.film\/LQDVI-CHI\/wp-json\/wp\/v2\/pages\/90"}],"collection":[{"href":"https:\/\/loquedeverdadimporta.film\/LQDVI-CHI\/wp-json\/wp\/v2\/pages"}],"about":[{"href":"https:\/\/loquedeverdadimporta.film\/LQDVI-CHI\/wp-json\/wp\/v2\/types\/page"}],"author":[{"embeddable":true,"href":"https:\/\/loquedeverdadimporta.film\/LQDVI-CHI\/wp-json\/wp\/v2\/users\/1"}],"replies":[{"embeddable":true,"href":"https:\/\/loquedeverdadimporta.film\/LQDVI-CHI\/wp-json\/wp\/v2\/comments?post=90"}],"version-history":[{"count":4,"href":"https:\/\/loquedeverdadimporta.film\/LQDVI-CHI\/wp-json\/wp\/v2\/pages\/90\/revisions"}],"predecessor-version":[{"id":142,"href":"https:\/\/loquedeverdadimporta.film\/LQDVI-CHI\/wp-json\/wp\/v2\/pages\/90\/revisions\/142"}],"wp:attachment":[{"href":"https:\/\/loquedeverdadimporta.film\/LQDVI-CHI\/wp-json\/wp\/v2\/media?parent=90"}],"curies":[{"name":"wp","href":"https:\/\/api.w.org\/{rel}","templated":true}]}}