{"id":78,"date":"2020-03-31T20:00:10","date_gmt":"2020-03-31T20:00:10","guid":{"rendered":"https:\/\/loquedeverdadimporta.film\/LQDVI-BRA\/?page_id=78"},"modified":"2020-03-31T20:00:43","modified_gmt":"2020-03-31T20:00:43","slug":"kaitlyn-bernard","status":"publish","type":"page","link":"https:\/\/loquedeverdadimporta.film\/LQDVI-BRA\/kaitlyn-bernard\/","title":{"rendered":"KAITLYN BERNARD (ABIGAIL)"},"content":{"rendered":"\t\t<div data-elementor-type=\"wp-page\" data-elementor-id=\"78\" class=\"elementor elementor-78\">\n\t\t\t\t\t\t<div class=\"elementor-inner\">\n\t\t\t\t<div class=\"elementor-section-wrap\">\n\t\t\t\t\t\t\t\t\t<section class=\"elementor-section elementor-top-section elementor-element elementor-element-8832859 elementor-section-boxed elementor-section-height-default elementor-section-height-default\" data-id=\"8832859\" data-element_type=\"section\">\n\t\t\t\t\t\t<div class=\"elementor-container elementor-column-gap-default\">\n\t\t\t\t\t\t\t<div class=\"elementor-row\">\n\t\t\t\t\t<div class=\"elementor-column elementor-col-100 elementor-top-column elementor-element elementor-element-7106721\" data-id=\"7106721\" data-element_type=\"column\">\n\t\t\t<div class=\"elementor-column-wrap elementor-element-populated\">\n\t\t\t\t\t\t\t<div class=\"elementor-widget-wrap\">\n\t\t\t\t\t\t<div class=\"elementor-element elementor-element-5565db5 elementor-widget elementor-widget-image\" data-id=\"5565db5\" data-element_type=\"widget\" data-widget_type=\"image.default\">\n\t\t\t\t<div class=\"elementor-widget-container\">\n\t\t\t\t\t\t\t\t<div class=\"elementor-image\">\n\t\t\t\t\t\t\t\t\t\t\t\t<img loading=\"lazy\" decoding=\"async\" width=\"525\" height=\"350\" src=\"https:\/\/loquedeverdadimporta.film\/LQDVI-BRA\/wp-content\/uploads\/2020\/03\/Kaitlyn-Bernard-1024x683.jpg\" class=\"attachment-large size-large\" alt=\"\" srcset=\"https:\/\/loquedeverdadimporta.film\/LQDVI-BRA\/wp-content\/uploads\/2020\/03\/Kaitlyn-Bernard-1024x683.jpg 1024w, https:\/\/loquedeverdadimporta.film\/LQDVI-BRA\/wp-content\/uploads\/2020\/03\/Kaitlyn-Bernard-300x200.jpg 300w, https:\/\/loquedeverdadimporta.film\/LQDVI-BRA\/wp-content\/uploads\/2020\/03\/Kaitlyn-Bernard-768x513.jpg 768w, https:\/\/loquedeverdadimporta.film\/LQDVI-BRA\/wp-content\/uploads\/2020\/03\/Kaitlyn-Bernard.jpg 1500w\" sizes=\"100vw\" \/>\t\t\t\t\t\t\t\t\t\t\t\t\t\t<\/div>\n\t\t\t\t\t\t<\/div>\n\t\t\t\t<\/div>\n\t\t\t\t\t\t<\/div>\n\t\t\t\t\t<\/div>\n\t\t<\/div>\n\t\t\t\t\t\t\t\t<\/div>\n\t\t\t\t\t<\/div>\n\t\t<\/section>\n\t\t\t\t<section class=\"elementor-section elementor-top-section elementor-element elementor-element-5ed51ee elementor-section-boxed elementor-section-height-default elementor-section-height-default\" data-id=\"5ed51ee\" data-element_type=\"section\">\n\t\t\t\t\t\t<div class=\"elementor-container elementor-column-gap-default\">\n\t\t\t\t\t\t\t<div class=\"elementor-row\">\n\t\t\t\t\t<div class=\"elementor-column elementor-col-100 elementor-top-column elementor-element elementor-element-e0dd4ca\" data-id=\"e0dd4ca\" data-element_type=\"column\">\n\t\t\t<div class=\"elementor-column-wrap elementor-element-populated\">\n\t\t\t\t\t\t\t<div class=\"elementor-widget-wrap\">\n\t\t\t\t\t\t<div class=\"elementor-element elementor-element-e8ad4c4 elementor-widget elementor-widget-heading\" data-id=\"e8ad4c4\" data-element_type=\"widget\" data-widget_type=\"heading.default\">\n\t\t\t\t<div class=\"elementor-widget-container\">\n\t\t\t<h2 class=\"elementor-heading-title elementor-size-default\">KAITLYN BERNARD (ABIGAIL)<\/h2>\t\t<\/div>\n\t\t\t\t<\/div>\n\t\t\t\t<div class=\"elementor-element elementor-element-e60768b elementor-widget elementor-widget-text-editor\" data-id=\"e60768b\" data-element_type=\"widget\" data-widget_type=\"text-editor.default\">\n\t\t\t\t<div class=\"elementor-widget-container\">\n\t\t\t\t\t\t\t\t<div class=\"elementor-text-editor elementor-clearfix\">\n\t\t\t\t<p>Jovem atriz canadense, Kaitlyn Bernard come\u00e7ou a fazer propaganda para a\u00a0Barbie\u00a0aos 3 anos e acaba de fundar uma organiza\u00e7\u00e3o para ajudar crian\u00e7as com c\u00e2ncer e suas fam\u00edlias em seu paises.<br \/><br \/>Ela iniciou sua carreira com pequenos pap\u00e9is em an\u00fancios e audi\u00e7\u00f5es para cinema e televis\u00e3o. Desde ent\u00e3o, participou de v\u00e1rios filmes para o canal familiar Hallmark (Mom&#8217;s Day Away e June in January) e fez pap\u00e9is espor\u00e1dicos em s\u00e9ries de televis\u00e3o muito populares no Canad\u00e1 (Haven, When Calls the Heart, The Haunting Hour e o Mr. D.). No cinema est\u00e1 prestes a estrear\u00a0Cadence, um thriller psicol\u00f3gico que ser\u00e1 apresentado no Vancouver International Film Festival.<\/p><p>Fortemente comovida por seu personagem e pela mensagem transmitida no filme, Kaitlyn criou, junto com a Canadian Cancer Society, a organiza\u00e7\u00e3o Just Breathe (baseada no poema que seu personagem recita durante o filme), que pretende fazer no Canad\u00e1 o mesmo que a organiza\u00e7\u00e3o fundada por Paul Newman,\u00a0Serious Fun Camp Networks, faz nos Estados Unidos e em outros pa\u00edses do mundo: acampamentos para crian\u00e7as com doen\u00e7as graves e suas fam\u00edlias, para que possam divertir-se e esquecer um pouco sua doen\u00e7a. Kaitlyn tamb\u00e9m doou US $ 15.000 de seu sal\u00e1rio para o IWK Children&#8217;s Hospital em Halifax.<\/p>\t\t\t\t\t<\/div>\n\t\t\t\t\t\t<\/div>\n\t\t\t\t<\/div>\n\t\t\t\t\t\t<\/div>\n\t\t\t\t\t<\/div>\n\t\t<\/div>\n\t\t\t\t\t\t\t\t<\/div>\n\t\t\t\t\t<\/div>\n\t\t<\/section>\n\t\t\t\t\t\t\t\t\t<\/div>\n\t\t\t<\/div>\n\t\t\t\t\t<\/div>\n\t\t","protected":false},"excerpt":{"rendered":"<p>KAITLYN BERNARD (ABIGAIL) Jovem atriz canadense, Kaitlyn Bernard come\u00e7ou a fazer propaganda para a\u00a0Barbie\u00a0aos 3 anos e acaba de fundar uma organiza\u00e7\u00e3o para ajudar crian\u00e7as com c\u00e2ncer e suas fam\u00edlias em seu paises. Ela iniciou sua carreira com pequenos pap\u00e9is em an\u00fancios e audi\u00e7\u00f5es para cinema e televis\u00e3o. Desde ent\u00e3o, participou de v\u00e1rios filmes para &hellip; <\/p>\n<p class=\"link-more\"><a href=\"https:\/\/loquedeverdadimporta.film\/LQDVI-BRA\/kaitlyn-bernard\/\" class=\"more-link\">Continuar leyendo<span class=\"screen-reader-text\"> \u00abKAITLYN BERNARD (ABIGAIL)\u00bb<\/span><\/a><\/p>\n","protected":false},"author":1,"featured_media":0,"parent":0,"menu_order":0,"comment_status":"closed","ping_status":"closed","template":"elementor_header_footer","meta":{"footnotes":""},"_links":{"self":[{"href":"https:\/\/loquedeverdadimporta.film\/LQDVI-BRA\/wp-json\/wp\/v2\/pages\/78"}],"collection":[{"href":"https:\/\/loquedeverdadimporta.film\/LQDVI-BRA\/wp-json\/wp\/v2\/pages"}],"about":[{"href":"https:\/\/loquedeverdadimporta.film\/LQDVI-BRA\/wp-json\/wp\/v2\/types\/page"}],"author":[{"embeddable":true,"href":"https:\/\/loquedeverdadimporta.film\/LQDVI-BRA\/wp-json\/wp\/v2\/users\/1"}],"replies":[{"embeddable":true,"href":"https:\/\/loquedeverdadimporta.film\/LQDVI-BRA\/wp-json\/wp\/v2\/comments?post=78"}],"version-history":[{"count":2,"href":"https:\/\/loquedeverdadimporta.film\/LQDVI-BRA\/wp-json\/wp\/v2\/pages\/78\/revisions"}],"predecessor-version":[{"id":80,"href":"https:\/\/loquedeverdadimporta.film\/LQDVI-BRA\/wp-json\/wp\/v2\/pages\/78\/revisions\/80"}],"wp:attachment":[{"href":"https:\/\/loquedeverdadimporta.film\/LQDVI-BRA\/wp-json\/wp\/v2\/media?parent=78"}],"curies":[{"name":"wp","href":"https:\/\/api.w.org\/{rel}","templated":true}]}}