{"id":75,"date":"2020-03-31T19:59:02","date_gmt":"2020-03-31T19:59:02","guid":{"rendered":"https:\/\/loquedeverdadimporta.film\/LQDVI-BRA\/?page_id=75"},"modified":"2020-03-31T19:59:31","modified_gmt":"2020-03-31T19:59:31","slug":"jorge-garcia","status":"publish","type":"page","link":"https:\/\/loquedeverdadimporta.film\/LQDVI-BRA\/jorge-garcia\/","title":{"rendered":"JORGE GARC\u00cdA (PADRE MALLOY)"},"content":{"rendered":"\t\t<div data-elementor-type=\"wp-page\" data-elementor-id=\"75\" class=\"elementor elementor-75\">\n\t\t\t\t\t\t<div class=\"elementor-inner\">\n\t\t\t\t<div class=\"elementor-section-wrap\">\n\t\t\t\t\t\t\t\t\t<section class=\"elementor-section elementor-top-section elementor-element elementor-element-8832859 elementor-section-boxed elementor-section-height-default elementor-section-height-default\" data-id=\"8832859\" data-element_type=\"section\">\n\t\t\t\t\t\t<div class=\"elementor-container elementor-column-gap-default\">\n\t\t\t\t\t\t\t<div class=\"elementor-row\">\n\t\t\t\t\t<div class=\"elementor-column elementor-col-100 elementor-top-column elementor-element elementor-element-7106721\" data-id=\"7106721\" data-element_type=\"column\">\n\t\t\t<div class=\"elementor-column-wrap elementor-element-populated\">\n\t\t\t\t\t\t\t<div class=\"elementor-widget-wrap\">\n\t\t\t\t\t\t<div class=\"elementor-element elementor-element-5565db5 elementor-widget elementor-widget-image\" data-id=\"5565db5\" data-element_type=\"widget\" data-widget_type=\"image.default\">\n\t\t\t\t<div class=\"elementor-widget-container\">\n\t\t\t\t\t\t\t\t<div class=\"elementor-image\">\n\t\t\t\t\t\t\t\t\t\t\t\t<img loading=\"lazy\" decoding=\"async\" width=\"525\" height=\"295\" src=\"https:\/\/loquedeverdadimporta.film\/LQDVI-BRA\/wp-content\/uploads\/2020\/03\/Jorge-Garcia-1024x576.jpg\" class=\"attachment-large size-large\" alt=\"\" srcset=\"https:\/\/loquedeverdadimporta.film\/LQDVI-BRA\/wp-content\/uploads\/2020\/03\/Jorge-Garcia-1024x576.jpg 1024w, https:\/\/loquedeverdadimporta.film\/LQDVI-BRA\/wp-content\/uploads\/2020\/03\/Jorge-Garcia-300x169.jpg 300w, https:\/\/loquedeverdadimporta.film\/LQDVI-BRA\/wp-content\/uploads\/2020\/03\/Jorge-Garcia-768x432.jpg 768w, https:\/\/loquedeverdadimporta.film\/LQDVI-BRA\/wp-content\/uploads\/2020\/03\/Jorge-Garcia.jpg 1500w\" sizes=\"100vw\" \/>\t\t\t\t\t\t\t\t\t\t\t\t\t\t<\/div>\n\t\t\t\t\t\t<\/div>\n\t\t\t\t<\/div>\n\t\t\t\t\t\t<\/div>\n\t\t\t\t\t<\/div>\n\t\t<\/div>\n\t\t\t\t\t\t\t\t<\/div>\n\t\t\t\t\t<\/div>\n\t\t<\/section>\n\t\t\t\t<section class=\"elementor-section elementor-top-section elementor-element elementor-element-5ed51ee elementor-section-boxed elementor-section-height-default elementor-section-height-default\" data-id=\"5ed51ee\" data-element_type=\"section\">\n\t\t\t\t\t\t<div class=\"elementor-container elementor-column-gap-default\">\n\t\t\t\t\t\t\t<div class=\"elementor-row\">\n\t\t\t\t\t<div class=\"elementor-column elementor-col-100 elementor-top-column elementor-element elementor-element-e0dd4ca\" data-id=\"e0dd4ca\" data-element_type=\"column\">\n\t\t\t<div class=\"elementor-column-wrap elementor-element-populated\">\n\t\t\t\t\t\t\t<div class=\"elementor-widget-wrap\">\n\t\t\t\t\t\t<div class=\"elementor-element elementor-element-e8ad4c4 elementor-widget elementor-widget-heading\" data-id=\"e8ad4c4\" data-element_type=\"widget\" data-widget_type=\"heading.default\">\n\t\t\t\t<div class=\"elementor-widget-container\">\n\t\t\t<h2 class=\"elementor-heading-title elementor-size-default\">JORGE GARC\u00cdA (PADRE MALLOY)<\/h2>\t\t<\/div>\n\t\t\t\t<\/div>\n\t\t\t\t<div class=\"elementor-element elementor-element-e60768b elementor-widget elementor-widget-text-editor\" data-id=\"e60768b\" data-element_type=\"widget\" data-widget_type=\"text-editor.default\">\n\t\t\t\t<div class=\"elementor-widget-container\">\n\t\t\t\t\t\t\t\t<div class=\"elementor-text-editor elementor-clearfix\">\n\t\t\t\t<p>Jorge Garcia trabalhava como vendedor fazendo an\u00fancios espor\u00e1dicos e mon\u00f3logos quando um golpe de sorte mudou sua vida. Um pequeno papel de camel\u00f4 em uma sitcom faz com que\u00a0 consiga uma passagem especial para o v\u00f4o mais famoso da televis\u00e3o: a s\u00e9rie 815 da Oceanic Airlines.<\/p><p>O ator Americano Jorge Garc\u00eda come\u00e7ou sua carreira protagonizando alguns an\u00fancios em televis\u00e3o e fazendo mon\u00f3logos enquanto trabalhava como vendedor em uma livraria. Seu primeiro papel significativo foi na s\u00e9rie de televis\u00e3o\u00a0Becker,\u00a0onde interpretou um personagem importante durante a sexta e \u00faltima temporada; mas foi uma pequena participa\u00e7\u00e3o no\u00a0show de Larry David\u00a0que mudou sua\u00a0 vida. J.J. Abrams, cocriador de\u00a0LOST, o viu interpretando um camel\u00f4 na s\u00e9rie do c\u00f3mico Larry David e n\u00e3o teve d\u00favidas: Jorge Garc\u00eda tinha que aparecer em sua s\u00e9rie. Para isso criou para ele um\u00a0 papel sob medida, o de Hugo \u201cHurley\u201d Reyes, um dos personagens mais carism\u00e1ticos da s\u00e9rie mais seguida dos \u00faltimos tempos.<br \/>Foi de uma ilha, a de\u00a0Lost, a outra ilha, a ilha de\u00a0Alcatraz, na s\u00e9rie hom\u00f4nima do criador da primeira que, sem d\u00favida, n\u00e3o teve tanta sorte como\u00a0Lost\u00a0e durou somente uma temporada. Atualmente, o ator interpreta um peculiar colaborador de policiais de\u00a0Hawaii 5-0. Nos cinemas participou de v\u00e1rios filmes como\u00a0Maktub\u00a0(2011), Os Rid\u00edculos 6 (2015), Cooties: A Epidemia\u00a0(2014) o\u00a0Padrinhos Ltda\u00a0(2015).<\/p>\t\t\t\t\t<\/div>\n\t\t\t\t\t\t<\/div>\n\t\t\t\t<\/div>\n\t\t\t\t\t\t<\/div>\n\t\t\t\t\t<\/div>\n\t\t<\/div>\n\t\t\t\t\t\t\t\t<\/div>\n\t\t\t\t\t<\/div>\n\t\t<\/section>\n\t\t\t\t\t\t\t\t\t<\/div>\n\t\t\t<\/div>\n\t\t\t\t\t<\/div>\n\t\t","protected":false},"excerpt":{"rendered":"<p>JORGE GARC\u00cdA (PADRE MALLOY) Jorge Garcia trabalhava como vendedor fazendo an\u00fancios espor\u00e1dicos e mon\u00f3logos quando um golpe de sorte mudou sua vida. Um pequeno papel de camel\u00f4 em uma sitcom faz com que\u00a0 consiga uma passagem especial para o v\u00f4o mais famoso da televis\u00e3o: a s\u00e9rie 815 da Oceanic Airlines. O ator Americano Jorge Garc\u00eda &hellip; <\/p>\n<p class=\"link-more\"><a href=\"https:\/\/loquedeverdadimporta.film\/LQDVI-BRA\/jorge-garcia\/\" class=\"more-link\">Continuar leyendo<span class=\"screen-reader-text\"> \u00abJORGE GARC\u00cdA (PADRE MALLOY)\u00bb<\/span><\/a><\/p>\n","protected":false},"author":1,"featured_media":0,"parent":0,"menu_order":0,"comment_status":"closed","ping_status":"closed","template":"elementor_header_footer","meta":{"footnotes":""},"_links":{"self":[{"href":"https:\/\/loquedeverdadimporta.film\/LQDVI-BRA\/wp-json\/wp\/v2\/pages\/75"}],"collection":[{"href":"https:\/\/loquedeverdadimporta.film\/LQDVI-BRA\/wp-json\/wp\/v2\/pages"}],"about":[{"href":"https:\/\/loquedeverdadimporta.film\/LQDVI-BRA\/wp-json\/wp\/v2\/types\/page"}],"author":[{"embeddable":true,"href":"https:\/\/loquedeverdadimporta.film\/LQDVI-BRA\/wp-json\/wp\/v2\/users\/1"}],"replies":[{"embeddable":true,"href":"https:\/\/loquedeverdadimporta.film\/LQDVI-BRA\/wp-json\/wp\/v2\/comments?post=75"}],"version-history":[{"count":2,"href":"https:\/\/loquedeverdadimporta.film\/LQDVI-BRA\/wp-json\/wp\/v2\/pages\/75\/revisions"}],"predecessor-version":[{"id":77,"href":"https:\/\/loquedeverdadimporta.film\/LQDVI-BRA\/wp-json\/wp\/v2\/pages\/75\/revisions\/77"}],"wp:attachment":[{"href":"https:\/\/loquedeverdadimporta.film\/LQDVI-BRA\/wp-json\/wp\/v2\/media?parent=75"}],"curies":[{"name":"wp","href":"https:\/\/api.w.org\/{rel}","templated":true}]}}