{"id":72,"date":"2020-03-31T19:57:55","date_gmt":"2020-03-31T19:57:55","guid":{"rendered":"https:\/\/loquedeverdadimporta.film\/LQDVI-BRA\/?page_id=72"},"modified":"2020-03-31T19:58:25","modified_gmt":"2020-03-31T19:58:25","slug":"jonathan-pryce","status":"publish","type":"page","link":"https:\/\/loquedeverdadimporta.film\/LQDVI-BRA\/jonathan-pryce\/","title":{"rendered":"JONATHAN PRYCE (RAYMOND)"},"content":{"rendered":"\t\t<div data-elementor-type=\"wp-page\" data-elementor-id=\"72\" class=\"elementor elementor-72\">\n\t\t\t\t\t\t<div class=\"elementor-inner\">\n\t\t\t\t<div class=\"elementor-section-wrap\">\n\t\t\t\t\t\t\t\t\t<section class=\"elementor-section elementor-top-section elementor-element elementor-element-8832859 elementor-section-boxed elementor-section-height-default elementor-section-height-default\" data-id=\"8832859\" data-element_type=\"section\">\n\t\t\t\t\t\t<div class=\"elementor-container elementor-column-gap-default\">\n\t\t\t\t\t\t\t<div class=\"elementor-row\">\n\t\t\t\t\t<div class=\"elementor-column elementor-col-100 elementor-top-column elementor-element elementor-element-7106721\" data-id=\"7106721\" data-element_type=\"column\">\n\t\t\t<div class=\"elementor-column-wrap elementor-element-populated\">\n\t\t\t\t\t\t\t<div class=\"elementor-widget-wrap\">\n\t\t\t\t\t\t<div class=\"elementor-element elementor-element-5565db5 elementor-widget elementor-widget-image\" data-id=\"5565db5\" data-element_type=\"widget\" data-widget_type=\"image.default\">\n\t\t\t\t<div class=\"elementor-widget-container\">\n\t\t\t\t\t\t\t\t<div class=\"elementor-image\">\n\t\t\t\t\t\t\t\t\t\t\t\t<img loading=\"lazy\" decoding=\"async\" width=\"525\" height=\"371\" src=\"https:\/\/loquedeverdadimporta.film\/LQDVI-BRA\/wp-content\/uploads\/2020\/03\/Jonathan-Pryce-1024x723.jpg\" class=\"attachment-large size-large\" alt=\"\" srcset=\"https:\/\/loquedeverdadimporta.film\/LQDVI-BRA\/wp-content\/uploads\/2020\/03\/Jonathan-Pryce-1024x723.jpg 1024w, https:\/\/loquedeverdadimporta.film\/LQDVI-BRA\/wp-content\/uploads\/2020\/03\/Jonathan-Pryce-300x212.jpg 300w, https:\/\/loquedeverdadimporta.film\/LQDVI-BRA\/wp-content\/uploads\/2020\/03\/Jonathan-Pryce-768x542.jpg 768w, https:\/\/loquedeverdadimporta.film\/LQDVI-BRA\/wp-content\/uploads\/2020\/03\/Jonathan-Pryce.jpg 1500w\" sizes=\"100vw\" \/>\t\t\t\t\t\t\t\t\t\t\t\t\t\t<\/div>\n\t\t\t\t\t\t<\/div>\n\t\t\t\t<\/div>\n\t\t\t\t\t\t<\/div>\n\t\t\t\t\t<\/div>\n\t\t<\/div>\n\t\t\t\t\t\t\t\t<\/div>\n\t\t\t\t\t<\/div>\n\t\t<\/section>\n\t\t\t\t<section class=\"elementor-section elementor-top-section elementor-element elementor-element-5ed51ee elementor-section-boxed elementor-section-height-default elementor-section-height-default\" data-id=\"5ed51ee\" data-element_type=\"section\">\n\t\t\t\t\t\t<div class=\"elementor-container elementor-column-gap-default\">\n\t\t\t\t\t\t\t<div class=\"elementor-row\">\n\t\t\t\t\t<div class=\"elementor-column elementor-col-100 elementor-top-column elementor-element elementor-element-e0dd4ca\" data-id=\"e0dd4ca\" data-element_type=\"column\">\n\t\t\t<div class=\"elementor-column-wrap elementor-element-populated\">\n\t\t\t\t\t\t\t<div class=\"elementor-widget-wrap\">\n\t\t\t\t\t\t<div class=\"elementor-element elementor-element-e8ad4c4 elementor-widget elementor-widget-heading\" data-id=\"e8ad4c4\" data-element_type=\"widget\" data-widget_type=\"heading.default\">\n\t\t\t\t<div class=\"elementor-widget-container\">\n\t\t\t<h2 class=\"elementor-heading-title elementor-size-default\">JONATHAN PRYCE (RAYMOND)<\/h2>\t\t<\/div>\n\t\t\t\t<\/div>\n\t\t\t\t<div class=\"elementor-element elementor-element-e60768b elementor-widget elementor-widget-text-editor\" data-id=\"e60768b\" data-element_type=\"widget\" data-widget_type=\"text-editor.default\">\n\t\t\t\t<div class=\"elementor-widget-container\">\n\t\t\t\t\t\t\t\t<div class=\"elementor-text-editor elementor-clearfix\">\n\t\t\t\t<p>O ator gales Jonathan Pryce \u00e9 um prestigioso ator de cinema e teatro nascido em 1947. Reconhecido por sua enorme versatilidade, ele interpreta com desenvoltura desde o\u00a0 cinema comercial, de\u00a0blockbusters, ao cinema independente. Trabalhou no \u00a0West End, de Londres com grandes produ\u00e7\u00f5es de Broadway.<\/p><p>Comendador da Ordem do Imp\u00e9rio Brit\u00e2nico, Jonathan Pryce, foi o pai de Elizabeth Swann na saga\u00a0Piratas do Caribe\u00a0trabalhou com James Bond,\u00a0no filme\u00a0O Amanh\u00e3 nunca morre e\u00a0no filme independente\u00a0Brazil,\u00a0passando pelo West End londrinense (interpretou quase todos grandes personagens de Shakespeare) e as melhores produ\u00e7\u00f5es da Broadway (Miss Saig\u00f3n, Nine, Oliver, My fair Lady\u00a0o\u00a0Evita). Tamb\u00e9m fez parte do elenco de\u00a0Game of Thrones.<\/p><p>Depois de\u00a0 sair da Real Academia de Arte Dram\u00e1tica de Londres, come\u00e7ou sua carreira no teatro na companhia de Teatro Everyman de Liverpool e na Royal Shakespeare Company. Em Liverpool entrou no elenco de\u00a0Comedians,\u00a0em um papel especialmente escrito para ele e que lhe valeu seu primeiro Pr\u00eamio Tony. Foi Hamlet e Shylock (O Mercador de Veneza), Petrucchio (A Megera Domada), El rey Lear e Cesar Octavio (Ant\u00f4nio e Cle\u00f3pata). Nos anos 90 mostrou seu interesse pelo teatro musical e protagonizou\u00a0Miss Saig\u00f3n, papel no qual ganhou seu segundo Pr\u00eamio Tony e um Pr\u00eamio Olivier (os pr\u00eamios mais importantes do teatro brit\u00e2nico). Depois vem\u00a0Nine, Oliver, My Fair Lady\u00a0o\u00a0Evita, entre outras.<\/p><p>No cinema, ganhou o primeiro papel importante no filme de ci\u00eancia e fic\u00e7\u00e3o dirigido por Terry Gillian,\u00a0Brazil. Outros t\u00edtulos importantes em sua filmografia inclui Glengarry Glenn Ross, Carrington (no qual recebeu o pr\u00eamio de melhor ator no Festival de Cannes), 007 O Amanh\u00e3 Nunca Morre, A saga\u00a0Piratas do Caribe, De-Lovely- Vida e Amores de Cole Porter, Os Irm\u00e3os Grimm\u00a0o\u00a0G.I. Joe \u2013 A Origem da Cobra.<\/p>\t\t\t\t\t<\/div>\n\t\t\t\t\t\t<\/div>\n\t\t\t\t<\/div>\n\t\t\t\t\t\t<\/div>\n\t\t\t\t\t<\/div>\n\t\t<\/div>\n\t\t\t\t\t\t\t\t<\/div>\n\t\t\t\t\t<\/div>\n\t\t<\/section>\n\t\t\t\t\t\t\t\t\t<\/div>\n\t\t\t<\/div>\n\t\t\t\t\t<\/div>\n\t\t","protected":false},"excerpt":{"rendered":"<p>JONATHAN PRYCE (RAYMOND) O ator gales Jonathan Pryce \u00e9 um prestigioso ator de cinema e teatro nascido em 1947. Reconhecido por sua enorme versatilidade, ele interpreta com desenvoltura desde o\u00a0 cinema comercial, de\u00a0blockbusters, ao cinema independente. Trabalhou no \u00a0West End, de Londres com grandes produ\u00e7\u00f5es de Broadway. Comendador da Ordem do Imp\u00e9rio Brit\u00e2nico, Jonathan Pryce, &hellip; <\/p>\n<p class=\"link-more\"><a href=\"https:\/\/loquedeverdadimporta.film\/LQDVI-BRA\/jonathan-pryce\/\" class=\"more-link\">Continuar leyendo<span class=\"screen-reader-text\"> \u00abJONATHAN PRYCE (RAYMOND)\u00bb<\/span><\/a><\/p>\n","protected":false},"author":1,"featured_media":0,"parent":0,"menu_order":0,"comment_status":"closed","ping_status":"closed","template":"elementor_header_footer","meta":{"footnotes":""},"_links":{"self":[{"href":"https:\/\/loquedeverdadimporta.film\/LQDVI-BRA\/wp-json\/wp\/v2\/pages\/72"}],"collection":[{"href":"https:\/\/loquedeverdadimporta.film\/LQDVI-BRA\/wp-json\/wp\/v2\/pages"}],"about":[{"href":"https:\/\/loquedeverdadimporta.film\/LQDVI-BRA\/wp-json\/wp\/v2\/types\/page"}],"author":[{"embeddable":true,"href":"https:\/\/loquedeverdadimporta.film\/LQDVI-BRA\/wp-json\/wp\/v2\/users\/1"}],"replies":[{"embeddable":true,"href":"https:\/\/loquedeverdadimporta.film\/LQDVI-BRA\/wp-json\/wp\/v2\/comments?post=72"}],"version-history":[{"count":2,"href":"https:\/\/loquedeverdadimporta.film\/LQDVI-BRA\/wp-json\/wp\/v2\/pages\/72\/revisions"}],"predecessor-version":[{"id":74,"href":"https:\/\/loquedeverdadimporta.film\/LQDVI-BRA\/wp-json\/wp\/v2\/pages\/72\/revisions\/74"}],"wp:attachment":[{"href":"https:\/\/loquedeverdadimporta.film\/LQDVI-BRA\/wp-json\/wp\/v2\/media?parent=72"}],"curies":[{"name":"wp","href":"https:\/\/api.w.org\/{rel}","templated":true}]}}