{"id":69,"date":"2020-03-31T19:56:45","date_gmt":"2020-03-31T19:56:45","guid":{"rendered":"https:\/\/loquedeverdadimporta.film\/LQDVI-BRA\/?page_id=69"},"modified":"2020-03-31T19:57:20","modified_gmt":"2020-03-31T19:57:20","slug":"camilla-luddington-cecilia","status":"publish","type":"page","link":"https:\/\/loquedeverdadimporta.film\/LQDVI-BRA\/camilla-luddington-cecilia\/","title":{"rendered":"Camilla Luddington (Cecilia)"},"content":{"rendered":"\t\t<div data-elementor-type=\"wp-page\" data-elementor-id=\"69\" class=\"elementor elementor-69\">\n\t\t\t\t\t\t<div class=\"elementor-inner\">\n\t\t\t\t<div class=\"elementor-section-wrap\">\n\t\t\t\t\t\t\t\t\t<section class=\"elementor-section elementor-top-section elementor-element elementor-element-8832859 elementor-section-boxed elementor-section-height-default elementor-section-height-default\" data-id=\"8832859\" data-element_type=\"section\">\n\t\t\t\t\t\t<div class=\"elementor-container elementor-column-gap-default\">\n\t\t\t\t\t\t\t<div class=\"elementor-row\">\n\t\t\t\t\t<div class=\"elementor-column elementor-col-100 elementor-top-column elementor-element elementor-element-7106721\" data-id=\"7106721\" data-element_type=\"column\">\n\t\t\t<div class=\"elementor-column-wrap elementor-element-populated\">\n\t\t\t\t\t\t\t<div class=\"elementor-widget-wrap\">\n\t\t\t\t\t\t<div class=\"elementor-element elementor-element-5565db5 elementor-widget elementor-widget-image\" data-id=\"5565db5\" data-element_type=\"widget\" data-widget_type=\"image.default\">\n\t\t\t\t<div class=\"elementor-widget-container\">\n\t\t\t\t\t\t\t\t<div class=\"elementor-image\">\n\t\t\t\t\t\t\t\t\t\t\t\t<img loading=\"lazy\" decoding=\"async\" width=\"525\" height=\"350\" src=\"https:\/\/loquedeverdadimporta.film\/LQDVI-BRA\/wp-content\/uploads\/2020\/03\/Camila-Luddington-1024x683.jpg\" class=\"attachment-large size-large\" alt=\"\" srcset=\"https:\/\/loquedeverdadimporta.film\/LQDVI-BRA\/wp-content\/uploads\/2020\/03\/Camila-Luddington-1024x683.jpg 1024w, https:\/\/loquedeverdadimporta.film\/LQDVI-BRA\/wp-content\/uploads\/2020\/03\/Camila-Luddington-300x200.jpg 300w, https:\/\/loquedeverdadimporta.film\/LQDVI-BRA\/wp-content\/uploads\/2020\/03\/Camila-Luddington-768x513.jpg 768w, https:\/\/loquedeverdadimporta.film\/LQDVI-BRA\/wp-content\/uploads\/2020\/03\/Camila-Luddington.jpg 1500w\" sizes=\"100vw\" \/>\t\t\t\t\t\t\t\t\t\t\t\t\t\t<\/div>\n\t\t\t\t\t\t<\/div>\n\t\t\t\t<\/div>\n\t\t\t\t\t\t<\/div>\n\t\t\t\t\t<\/div>\n\t\t<\/div>\n\t\t\t\t\t\t\t\t<\/div>\n\t\t\t\t\t<\/div>\n\t\t<\/section>\n\t\t\t\t<section class=\"elementor-section elementor-top-section elementor-element elementor-element-5ed51ee elementor-section-boxed elementor-section-height-default elementor-section-height-default\" data-id=\"5ed51ee\" data-element_type=\"section\">\n\t\t\t\t\t\t<div class=\"elementor-container elementor-column-gap-default\">\n\t\t\t\t\t\t\t<div class=\"elementor-row\">\n\t\t\t\t\t<div class=\"elementor-column elementor-col-100 elementor-top-column elementor-element elementor-element-e0dd4ca\" data-id=\"e0dd4ca\" data-element_type=\"column\">\n\t\t\t<div class=\"elementor-column-wrap elementor-element-populated\">\n\t\t\t\t\t\t\t<div class=\"elementor-widget-wrap\">\n\t\t\t\t\t\t<div class=\"elementor-element elementor-element-e8ad4c4 elementor-widget elementor-widget-heading\" data-id=\"e8ad4c4\" data-element_type=\"widget\" data-widget_type=\"heading.default\">\n\t\t\t\t<div class=\"elementor-widget-container\">\n\t\t\t<h2 class=\"elementor-heading-title elementor-size-default\">CAMILLA LUDDINGTON (CECILIA)<\/h2>\t\t<\/div>\n\t\t\t\t<\/div>\n\t\t\t\t<div class=\"elementor-element elementor-element-e60768b elementor-widget elementor-widget-text-editor\" data-id=\"e60768b\" data-element_type=\"widget\" data-widget_type=\"text-editor.default\">\n\t\t\t\t<div class=\"elementor-widget-container\">\n\t\t\t\t\t\t\t\t<div class=\"elementor-text-editor elementor-clearfix\">\n\t\t\t\t<p>Quando n\u00e3o est\u00e1 com os doentes no\u00a0Grey Sloane Memorial Hospital\u00a0em Grey\u2019s Anatomy,\u00a0ela coloca voz e movimento a m\u00edtica Lara Croft do video gameTomb Raider.\u00a0O curriculo dessa atriz inglesa tamb\u00e9m inclui a interpreta\u00e7\u00e3o de sua paisana Kate Middleton em uma TV Movie e pap\u00e9is fixos em s\u00e9ries populares como\u00a0Californication\u00a0o\u00a0True Blood.<\/p><p>Camilla Luddington nasceu h\u00e1 32 anos em uma fam\u00edlia de classe m\u00e9dia em Berkshire, no sudeste da Inglaterra. Depois de estudar seus primeiros anos em um col\u00e9gio feminino em Ascot, em sua cidade natal, se mudou\u00a0 junto a sua familia para Austin, Texas, nos Estados Unidos, aos 14 anos.<\/p><p>Depois de v\u00e1rios pap\u00e9is espor\u00e1dicos em s\u00e9ries como\u00a0CSI,\u00a0D\u00edas de nuestra vida\u00a0o\u00a0Sin identificar,\u00a0em 2011, seu nome come\u00e7a a tornar-se popular nos meios de comunica\u00e7\u00e3o depois de ser escolhida para interpretar Kate Middleton em\u00a0William &amp; Kate: uma historia real.\u00a0Uma s\u00e9rie que conta a hist\u00f3ria do romance entre o pr\u00edncipe Guillermo da Inglaterra e a atual Duquesa de Cambridge.O\u00a0Daily Mail\u00a0chegou a publicar que ela est\u00e1 no \u201ccaminho da fama e da gl\u00f3ria\u201d. Depois vieram pap\u00e9is fixos nas s\u00e9ries\u00a0Californication,\u00a0a qual interpretava uma bab\u00e1;\u00a0True Blood, onde interpretou a fada Claudette, e\u00a0Gray\u2019s Anatomy,\u00a0s\u00e9rie na qual interpreta a residente Jo Wilson e onde come\u00e7ou com um papel espor\u00e1dico para transformar-se em um dos fixos principais das \u00faltimas temporadas.<\/p><p>Em 2012, depois de passar por tr\u00eas audi\u00e7\u00f5es, a empresa Crystal Dynamics confirmou que a atriz daria voz e movimento a arque\u00f3loga Lara Croft no novo lan\u00e7amento da saga, transformando-se em protagonista dos video games\u00a0Tomb Raider\u00a0(2013) e a sequ\u00eancia de\u00a0The rise of the Tomb Raider\u00a0(2015).<\/p>\t\t\t\t\t<\/div>\n\t\t\t\t\t\t<\/div>\n\t\t\t\t<\/div>\n\t\t\t\t\t\t<\/div>\n\t\t\t\t\t<\/div>\n\t\t<\/div>\n\t\t\t\t\t\t\t\t<\/div>\n\t\t\t\t\t<\/div>\n\t\t<\/section>\n\t\t\t\t\t\t\t\t\t<\/div>\n\t\t\t<\/div>\n\t\t\t\t\t<\/div>\n\t\t","protected":false},"excerpt":{"rendered":"<p>CAMILLA LUDDINGTON (CECILIA) Quando n\u00e3o est\u00e1 com os doentes no\u00a0Grey Sloane Memorial Hospital\u00a0em Grey\u2019s Anatomy,\u00a0ela coloca voz e movimento a m\u00edtica Lara Croft do video gameTomb Raider.\u00a0O curriculo dessa atriz inglesa tamb\u00e9m inclui a interpreta\u00e7\u00e3o de sua paisana Kate Middleton em uma TV Movie e pap\u00e9is fixos em s\u00e9ries populares como\u00a0Californication\u00a0o\u00a0True Blood. Camilla Luddington nasceu &hellip; <\/p>\n<p class=\"link-more\"><a href=\"https:\/\/loquedeverdadimporta.film\/LQDVI-BRA\/camilla-luddington-cecilia\/\" class=\"more-link\">Continuar leyendo<span class=\"screen-reader-text\"> \u00abCamilla Luddington (Cecilia)\u00bb<\/span><\/a><\/p>\n","protected":false},"author":1,"featured_media":0,"parent":0,"menu_order":0,"comment_status":"closed","ping_status":"closed","template":"elementor_header_footer","meta":{"footnotes":""},"_links":{"self":[{"href":"https:\/\/loquedeverdadimporta.film\/LQDVI-BRA\/wp-json\/wp\/v2\/pages\/69"}],"collection":[{"href":"https:\/\/loquedeverdadimporta.film\/LQDVI-BRA\/wp-json\/wp\/v2\/pages"}],"about":[{"href":"https:\/\/loquedeverdadimporta.film\/LQDVI-BRA\/wp-json\/wp\/v2\/types\/page"}],"author":[{"embeddable":true,"href":"https:\/\/loquedeverdadimporta.film\/LQDVI-BRA\/wp-json\/wp\/v2\/users\/1"}],"replies":[{"embeddable":true,"href":"https:\/\/loquedeverdadimporta.film\/LQDVI-BRA\/wp-json\/wp\/v2\/comments?post=69"}],"version-history":[{"count":2,"href":"https:\/\/loquedeverdadimporta.film\/LQDVI-BRA\/wp-json\/wp\/v2\/pages\/69\/revisions"}],"predecessor-version":[{"id":71,"href":"https:\/\/loquedeverdadimporta.film\/LQDVI-BRA\/wp-json\/wp\/v2\/pages\/69\/revisions\/71"}],"wp:attachment":[{"href":"https:\/\/loquedeverdadimporta.film\/LQDVI-BRA\/wp-json\/wp\/v2\/media?parent=69"}],"curies":[{"name":"wp","href":"https:\/\/api.w.org\/{rel}","templated":true}]}}