{"id":60,"date":"2020-03-31T19:53:47","date_gmt":"2020-03-31T19:53:47","guid":{"rendered":"https:\/\/loquedeverdadimporta.film\/LQDVI-BRA\/?page_id=60"},"modified":"2020-03-31T19:56:14","modified_gmt":"2020-03-31T19:56:14","slug":"oliver-jackson-cohen","status":"publish","type":"page","link":"https:\/\/loquedeverdadimporta.film\/LQDVI-BRA\/oliver-jackson-cohen\/","title":{"rendered":"Oliver-Jackson-Cohen (Alec)"},"content":{"rendered":"\t\t<div data-elementor-type=\"wp-page\" data-elementor-id=\"60\" class=\"elementor elementor-60\">\n\t\t\t\t\t\t<div class=\"elementor-inner\">\n\t\t\t\t<div class=\"elementor-section-wrap\">\n\t\t\t\t\t\t\t\t\t<section class=\"elementor-section elementor-top-section elementor-element elementor-element-8832859 elementor-section-boxed elementor-section-height-default elementor-section-height-default\" data-id=\"8832859\" data-element_type=\"section\">\n\t\t\t\t\t\t<div class=\"elementor-container elementor-column-gap-default\">\n\t\t\t\t\t\t\t<div class=\"elementor-row\">\n\t\t\t\t\t<div class=\"elementor-column elementor-col-100 elementor-top-column elementor-element elementor-element-7106721\" data-id=\"7106721\" data-element_type=\"column\">\n\t\t\t<div class=\"elementor-column-wrap elementor-element-populated\">\n\t\t\t\t\t\t\t<div class=\"elementor-widget-wrap\">\n\t\t\t\t\t\t<div class=\"elementor-element elementor-element-5565db5 elementor-widget elementor-widget-image\" data-id=\"5565db5\" data-element_type=\"widget\" data-widget_type=\"image.default\">\n\t\t\t\t<div class=\"elementor-widget-container\">\n\t\t\t\t\t\t\t\t<div class=\"elementor-image\">\n\t\t\t\t\t\t\t\t\t\t\t\t<img loading=\"lazy\" decoding=\"async\" width=\"525\" height=\"386\" src=\"https:\/\/loquedeverdadimporta.film\/LQDVI-BRA\/wp-content\/uploads\/2020\/03\/Oliver-Jackson-Cohen-H-web-1024x753.jpg\" class=\"attachment-large size-large\" alt=\"\" srcset=\"https:\/\/loquedeverdadimporta.film\/LQDVI-BRA\/wp-content\/uploads\/2020\/03\/Oliver-Jackson-Cohen-H-web-1024x753.jpg 1024w, https:\/\/loquedeverdadimporta.film\/LQDVI-BRA\/wp-content\/uploads\/2020\/03\/Oliver-Jackson-Cohen-H-web-300x221.jpg 300w, https:\/\/loquedeverdadimporta.film\/LQDVI-BRA\/wp-content\/uploads\/2020\/03\/Oliver-Jackson-Cohen-H-web-768x565.jpg 768w, https:\/\/loquedeverdadimporta.film\/LQDVI-BRA\/wp-content\/uploads\/2020\/03\/Oliver-Jackson-Cohen-H-web.jpg 1500w\" sizes=\"100vw\" \/>\t\t\t\t\t\t\t\t\t\t\t\t\t\t<\/div>\n\t\t\t\t\t\t<\/div>\n\t\t\t\t<\/div>\n\t\t\t\t\t\t<\/div>\n\t\t\t\t\t<\/div>\n\t\t<\/div>\n\t\t\t\t\t\t\t\t<\/div>\n\t\t\t\t\t<\/div>\n\t\t<\/section>\n\t\t\t\t<section class=\"elementor-section elementor-top-section elementor-element elementor-element-5ed51ee elementor-section-boxed elementor-section-height-default elementor-section-height-default\" data-id=\"5ed51ee\" data-element_type=\"section\">\n\t\t\t\t\t\t<div class=\"elementor-container elementor-column-gap-default\">\n\t\t\t\t\t\t\t<div class=\"elementor-row\">\n\t\t\t\t\t<div class=\"elementor-column elementor-col-100 elementor-top-column elementor-element elementor-element-e0dd4ca\" data-id=\"e0dd4ca\" data-element_type=\"column\">\n\t\t\t<div class=\"elementor-column-wrap elementor-element-populated\">\n\t\t\t\t\t\t\t<div class=\"elementor-widget-wrap\">\n\t\t\t\t\t\t<div class=\"elementor-element elementor-element-e8ad4c4 elementor-widget elementor-widget-heading\" data-id=\"e8ad4c4\" data-element_type=\"widget\" data-widget_type=\"heading.default\">\n\t\t\t\t<div class=\"elementor-widget-container\">\n\t\t\t<h2 class=\"elementor-heading-title elementor-size-default\">OLIVER JACKSON-COHEN (ALEC)<\/h2>\t\t<\/div>\n\t\t\t\t<\/div>\n\t\t\t\t<div class=\"elementor-element elementor-element-e60768b elementor-widget elementor-widget-text-editor\" data-id=\"e60768b\" data-element_type=\"widget\" data-widget_type=\"text-editor.default\">\n\t\t\t\t<div class=\"elementor-widget-container\">\n\t\t\t\t\t\t\t\t<div class=\"elementor-text-editor elementor-clearfix\">\n\t\t\t\t<p>Muito conhecido por interpretar personagens nas s\u00e9ries da BBC, o ator \u00e9 formado no prestigiado Lee Strasberg Theatre &amp; Film Institute. Brit\u00e2nico, Oliver Jackson Cohen dividiu espa\u00e7o com grandes nomes do cinema e da\u00a0 televis\u00e3o em ambos lados do atl\u00e2ntico como Billy Bob Thorton, John Cusack, Drew Barrymore, Miranda Richardson, Cinthia Nixon, Ben Chaplin, Hugh Boneville o Jonathan Rhys Meyers.<\/p><p>Cohen tem grande experi\u00eancia em cinema e televis\u00e3o. Aos 14 anos atou em\u00a0Hollyoaks,\u00a0uma das telenovelas mais populares e duradouras da Gr\u00e3 Bretanha, que permance h\u00e1 22 anos em cartaz. Em 2008, se tornou um ator conhecido por causa da s\u00e9rie da BBC\u00a0Bonekickers,\u00a0junto a Hugh Bonneville e Adrian Lester, e tamb\u00e9m por conseguir um dos principais pap\u00e9is no drama da \u00e9poca\u00a0Lark Rise to Candleford,\u00a0tamb\u00e9m da BBC, baseado na novela autobiogr\u00e1fica de Flora Thompson. Rapidamente ela se transformou em uma das s\u00e9ries mais adoradas pelos brit\u00e2nicos. Pouco depois, ele foi aceito na prestigiosa escola de interpreta\u00e7\u00e3o\u00a0Lee Strasberg Theatre &amp; Film Institute\u00a0e se mudou para Nova York.<\/p><p>Nos Estados Unidos, atuou em pap\u00e9is nos longas: R\u00e1pida Vingan\u00e7a (2010), com a Dwayne Johnson e Billy Bob Thorton; nas com\u00e9dias rom\u00e2nticas\u00a0Amor \u00e0 Dist\u00e2ncia\u00a0(2010), com Drew Barrymore, e no filme de suspense\u00a0O Corvo\u00a0(2012),\u00a0onde dividia o protagonismo com John Cusack. Nesse mesmo ano tamb\u00e9m conseguiu um papel em\u00a0Dr\u00e1cula, uma adapta\u00e7\u00e3o livre do mito, protagonizado por Jonathan Rhys Meyers, onde Oliver interpretava um homem, apaixonado por uma mulher que o Conde acredita ser uma reencarna\u00e7\u00e3o de sua esposa. Atuou no filme\u00a0Cuando cae la nieve\u00a0(2015) e na s\u00e9rie\u00a0Emerald City\u00a0(NBC\/Universal), uma vers\u00e3o livre da novela O m\u00e1gico de Oz.<\/p>\t\t\t\t\t<\/div>\n\t\t\t\t\t\t<\/div>\n\t\t\t\t<\/div>\n\t\t\t\t\t\t<\/div>\n\t\t\t\t\t<\/div>\n\t\t<\/div>\n\t\t\t\t\t\t\t\t<\/div>\n\t\t\t\t\t<\/div>\n\t\t<\/section>\n\t\t\t\t\t\t\t\t\t<\/div>\n\t\t\t<\/div>\n\t\t\t\t\t<\/div>\n\t\t","protected":false},"excerpt":{"rendered":"<p>OLIVER JACKSON-COHEN (ALEC) Muito conhecido por interpretar personagens nas s\u00e9ries da BBC, o ator \u00e9 formado no prestigiado Lee Strasberg Theatre &amp; Film Institute. Brit\u00e2nico, Oliver Jackson Cohen dividiu espa\u00e7o com grandes nomes do cinema e da&nbsp; televis\u00e3o em ambos lados do atl\u00e2ntico como Billy Bob Thorton, John Cusack, Drew Barrymore, Miranda Richardson, Cinthia Nixon, &hellip; <\/p>\n<p class=\"link-more\"><a href=\"https:\/\/loquedeverdadimporta.film\/LQDVI-BRA\/oliver-jackson-cohen\/\" class=\"more-link\">Continuar leyendo<span class=\"screen-reader-text\"> \u00abOliver-Jackson-Cohen (Alec)\u00bb<\/span><\/a><\/p>\n","protected":false},"author":1,"featured_media":0,"parent":0,"menu_order":0,"comment_status":"closed","ping_status":"closed","template":"elementor_header_footer","meta":{"footnotes":""},"_links":{"self":[{"href":"https:\/\/loquedeverdadimporta.film\/LQDVI-BRA\/wp-json\/wp\/v2\/pages\/60"}],"collection":[{"href":"https:\/\/loquedeverdadimporta.film\/LQDVI-BRA\/wp-json\/wp\/v2\/pages"}],"about":[{"href":"https:\/\/loquedeverdadimporta.film\/LQDVI-BRA\/wp-json\/wp\/v2\/types\/page"}],"author":[{"embeddable":true,"href":"https:\/\/loquedeverdadimporta.film\/LQDVI-BRA\/wp-json\/wp\/v2\/users\/1"}],"replies":[{"embeddable":true,"href":"https:\/\/loquedeverdadimporta.film\/LQDVI-BRA\/wp-json\/wp\/v2\/comments?post=60"}],"version-history":[{"count":3,"href":"https:\/\/loquedeverdadimporta.film\/LQDVI-BRA\/wp-json\/wp\/v2\/pages\/60\/revisions"}],"predecessor-version":[{"id":68,"href":"https:\/\/loquedeverdadimporta.film\/LQDVI-BRA\/wp-json\/wp\/v2\/pages\/60\/revisions\/68"}],"wp:attachment":[{"href":"https:\/\/loquedeverdadimporta.film\/LQDVI-BRA\/wp-json\/wp\/v2\/media?parent=60"}],"curies":[{"name":"wp","href":"https:\/\/api.w.org\/{rel}","templated":true}]}}