{"id":38,"date":"2020-03-31T18:33:37","date_gmt":"2020-03-31T18:33:37","guid":{"rendered":"https:\/\/loquedeverdadimporta.film\/LQDVI-BRA\/?page_id=38"},"modified":"2020-03-31T18:35:55","modified_gmt":"2020-03-31T18:35:55","slug":"sinopses","status":"publish","type":"page","link":"https:\/\/loquedeverdadimporta.film\/LQDVI-BRA\/sinopses\/","title":{"rendered":"SINOPSES"},"content":{"rendered":"\t\t<div data-elementor-type=\"wp-page\" data-elementor-id=\"38\" class=\"elementor elementor-38\">\n\t\t\t\t\t\t<div class=\"elementor-inner\">\n\t\t\t\t<div class=\"elementor-section-wrap\">\n\t\t\t\t\t\t\t\t\t<section class=\"elementor-section elementor-top-section elementor-element elementor-element-8832859 elementor-section-boxed elementor-section-height-default elementor-section-height-default\" data-id=\"8832859\" data-element_type=\"section\">\n\t\t\t\t\t\t<div class=\"elementor-container elementor-column-gap-default\">\n\t\t\t\t\t\t\t<div class=\"elementor-row\">\n\t\t\t\t\t<div class=\"elementor-column elementor-col-100 elementor-top-column elementor-element elementor-element-7106721\" data-id=\"7106721\" data-element_type=\"column\">\n\t\t\t<div class=\"elementor-column-wrap elementor-element-populated\">\n\t\t\t\t\t\t\t<div class=\"elementor-widget-wrap\">\n\t\t\t\t\t\t<div class=\"elementor-element elementor-element-5565db5 elementor-widget elementor-widget-image\" data-id=\"5565db5\" data-element_type=\"widget\" data-widget_type=\"image.default\">\n\t\t\t\t<div class=\"elementor-widget-container\">\n\t\t\t\t\t\t\t\t<div class=\"elementor-image\">\n\t\t\t\t\t\t\t\t\t\t\t\t<img loading=\"lazy\" decoding=\"async\" width=\"525\" height=\"350\" src=\"https:\/\/loquedeverdadimporta.film\/LQDVI-BRA\/wp-content\/uploads\/2020\/03\/Muelle-horizontal-web.jpg\" class=\"attachment-large size-large\" alt=\"\" srcset=\"https:\/\/loquedeverdadimporta.film\/LQDVI-BRA\/wp-content\/uploads\/2020\/03\/Muelle-horizontal-web.jpg 1000w, https:\/\/loquedeverdadimporta.film\/LQDVI-BRA\/wp-content\/uploads\/2020\/03\/Muelle-horizontal-web-300x200.jpg 300w, https:\/\/loquedeverdadimporta.film\/LQDVI-BRA\/wp-content\/uploads\/2020\/03\/Muelle-horizontal-web-768x511.jpg 768w\" sizes=\"100vw\" \/>\t\t\t\t\t\t\t\t\t\t\t\t\t\t<\/div>\n\t\t\t\t\t\t<\/div>\n\t\t\t\t<\/div>\n\t\t\t\t\t\t<\/div>\n\t\t\t\t\t<\/div>\n\t\t<\/div>\n\t\t\t\t\t\t\t\t<\/div>\n\t\t\t\t\t<\/div>\n\t\t<\/section>\n\t\t\t\t<section class=\"elementor-section elementor-top-section elementor-element elementor-element-5ed51ee elementor-section-boxed elementor-section-height-default elementor-section-height-default\" data-id=\"5ed51ee\" data-element_type=\"section\">\n\t\t\t\t\t\t<div class=\"elementor-container elementor-column-gap-default\">\n\t\t\t\t\t\t\t<div class=\"elementor-row\">\n\t\t\t\t\t<div class=\"elementor-column elementor-col-100 elementor-top-column elementor-element elementor-element-e0dd4ca\" data-id=\"e0dd4ca\" data-element_type=\"column\">\n\t\t\t<div class=\"elementor-column-wrap elementor-element-populated\">\n\t\t\t\t\t\t\t<div class=\"elementor-widget-wrap\">\n\t\t\t\t\t\t<div class=\"elementor-element elementor-element-e60768b elementor-widget elementor-widget-text-editor\" data-id=\"e60768b\" data-element_type=\"widget\" data-widget_type=\"text-editor.default\">\n\t\t\t\t<div class=\"elementor-widget-container\">\n\t\t\t\t\t\t\t\t<div class=\"elementor-text-editor elementor-clearfix\">\n\t\t\t\t<p>A vida de Alec (Oliver Jackson Cohen) na Inglaterra est\u00e1 p\u00e9ssima. Sua loja de consertos de eletrodom\u00e9sticos, \u201cO CURADOR\u201d, est\u00e1 a ponto de fechar. Ele deve dinheiro a pessoas equivocadas, tem caso com uma mulher casada e bebe como se n\u00e3o existisse amanh\u00e3.<\/p><p>Inesperadamente, um homem chamado Raymond (Jonathan Pryce) aparece dizendo ser seu tio. Raymond chega com uma misteriosa proposta que permitir\u00e1 a Alec \u201crecome\u00e7ar do zero\u201d: Pagar\u00e1 todas suas d\u00edvidas e, em troca, Alex se mudar\u00e1 \u00e0 Nova Esc\u00f3cia durante um ano.<\/p><p>Alec chega \u00e0 Lunenburg, uma cidadezinha onde Raymond tem uma casa. Ali ele conhece Cec\u00edlia (Camilla Luddington), uma veterin\u00e1ria da cidade, que para ajud\u00e1-lo a encontrar trabalho prop\u00f5e publicar um an\u00fancio no jornal local, oferecendo seus servi\u00e7os de electricista. Para fazer o an\u00fancio mais atrativo, Alec escreve \u201cO CURADOR\u201d: arrumo qualquer aparelho el\u00e9trico estragado\u201d, mas por um erro na hora de imprimir o escrito acaba deixando a entender que Alec \u00e9 uma esp\u00e9cie de curador milagroso.<\/p><p>Ao ver a nota no jornal, muitas \u00a0pessoas da cidade aparecem para contratar seus servi\u00e7os, ainda que Alec se negue a atend\u00ea-las, explicando o erro. Mas eis que acontece algo extraordin\u00e1rio e inexplic\u00e1vel: todos aqueles que foram ver Alec se curaram de suas doen\u00e7as. A not\u00edcia se espalha e todos pensam que ele tem o dom da cura.<\/p><p>Quanto mais se esfor\u00e7a para negar seus poderes de cura, mais coisas estranhas acontecem a seu lado. Malloy (Jorge Garc\u00eda), Padre da cidade, morre de um ataque do cora\u00e7\u00e3o e ressuscita pouco tempo depois e um senhor surdo diz a sua mulher que pare de gritar com ele, porque recuperou sua audi\u00e7\u00e3o.<\/p><p>Alec, em estado de choque, descobre um segredo familiar: ele tem um dom. O DOM\u00a0 de curar.<\/p><p>Agora ele precisa escolher: aceitar ou recusar seu dom. A chegada de Abigail (Kaitlyn Bernard), uma adolescente com c\u00e2ncer terminal, incrivelmente madura e inteligente, dar\u00e1 a Alec uma \u00faltima oportunidade para reconsiderar o\u00a0 sentido de sua vida.<\/p>\t\t\t\t\t<\/div>\n\t\t\t\t\t\t<\/div>\n\t\t\t\t<\/div>\n\t\t\t\t\t\t<\/div>\n\t\t\t\t\t<\/div>\n\t\t<\/div>\n\t\t\t\t\t\t\t\t<\/div>\n\t\t\t\t\t<\/div>\n\t\t<\/section>\n\t\t\t\t\t\t\t\t\t<\/div>\n\t\t\t<\/div>\n\t\t\t\t\t<\/div>\n\t\t","protected":false},"excerpt":{"rendered":"<p>A vida de Alec (Oliver Jackson Cohen) na Inglaterra est\u00e1 p\u00e9ssima. Sua loja de consertos de eletrodom\u00e9sticos, \u201cO CURADOR\u201d, est\u00e1 a ponto de fechar. Ele deve dinheiro a pessoas equivocadas, tem caso com uma mulher casada e bebe como se n\u00e3o existisse amanh\u00e3. Inesperadamente, um homem chamado Raymond (Jonathan Pryce) aparece dizendo ser seu tio. &hellip; <\/p>\n<p class=\"link-more\"><a href=\"https:\/\/loquedeverdadimporta.film\/LQDVI-BRA\/sinopses\/\" class=\"more-link\">Continuar leyendo<span class=\"screen-reader-text\"> \u00abSINOPSES\u00bb<\/span><\/a><\/p>\n","protected":false},"author":1,"featured_media":0,"parent":0,"menu_order":0,"comment_status":"closed","ping_status":"closed","template":"elementor_header_footer","meta":{"footnotes":""},"_links":{"self":[{"href":"https:\/\/loquedeverdadimporta.film\/LQDVI-BRA\/wp-json\/wp\/v2\/pages\/38"}],"collection":[{"href":"https:\/\/loquedeverdadimporta.film\/LQDVI-BRA\/wp-json\/wp\/v2\/pages"}],"about":[{"href":"https:\/\/loquedeverdadimporta.film\/LQDVI-BRA\/wp-json\/wp\/v2\/types\/page"}],"author":[{"embeddable":true,"href":"https:\/\/loquedeverdadimporta.film\/LQDVI-BRA\/wp-json\/wp\/v2\/users\/1"}],"replies":[{"embeddable":true,"href":"https:\/\/loquedeverdadimporta.film\/LQDVI-BRA\/wp-json\/wp\/v2\/comments?post=38"}],"version-history":[{"count":2,"href":"https:\/\/loquedeverdadimporta.film\/LQDVI-BRA\/wp-json\/wp\/v2\/pages\/38\/revisions"}],"predecessor-version":[{"id":41,"href":"https:\/\/loquedeverdadimporta.film\/LQDVI-BRA\/wp-json\/wp\/v2\/pages\/38\/revisions\/41"}],"wp:attachment":[{"href":"https:\/\/loquedeverdadimporta.film\/LQDVI-BRA\/wp-json\/wp\/v2\/media?parent=38"}],"curies":[{"name":"wp","href":"https:\/\/api.w.org\/{rel}","templated":true}]}}