{"id":136,"date":"2020-04-06T18:51:59","date_gmt":"2020-04-06T18:51:59","guid":{"rendered":"https:\/\/loquedeverdadimporta.film\/LQDVI-BRA\/?page_id=136"},"modified":"2020-04-06T18:52:34","modified_gmt":"2020-04-06T18:52:34","slug":"fundacao-aladina-2","status":"publish","type":"page","link":"https:\/\/loquedeverdadimporta.film\/LQDVI-BRA\/fundacao-aladina-2\/","title":{"rendered":"Funda\u00e7ao Aladina"},"content":{"rendered":"\t\t<div data-elementor-type=\"wp-page\" data-elementor-id=\"136\" class=\"elementor elementor-136\">\n\t\t\t\t\t\t<div class=\"elementor-inner\">\n\t\t\t\t<div class=\"elementor-section-wrap\">\n\t\t\t\t\t\t\t\t\t<section class=\"elementor-section elementor-top-section elementor-element elementor-element-8832859 elementor-section-boxed elementor-section-height-default elementor-section-height-default\" data-id=\"8832859\" data-element_type=\"section\">\n\t\t\t\t\t\t<div class=\"elementor-container elementor-column-gap-default\">\n\t\t\t\t\t\t\t<div class=\"elementor-row\">\n\t\t\t\t\t<div class=\"elementor-column elementor-col-100 elementor-top-column elementor-element elementor-element-7106721\" data-id=\"7106721\" data-element_type=\"column\">\n\t\t\t<div class=\"elementor-column-wrap elementor-element-populated\">\n\t\t\t\t\t\t\t<div class=\"elementor-widget-wrap\">\n\t\t\t\t\t\t<div class=\"elementor-element elementor-element-ccb3bbf elementor-widget elementor-widget-spacer\" data-id=\"ccb3bbf\" data-element_type=\"widget\" data-widget_type=\"spacer.default\">\n\t\t\t\t<div class=\"elementor-widget-container\">\n\t\t\t\t\t<div class=\"elementor-spacer\">\n\t\t\t<div class=\"elementor-spacer-inner\"><\/div>\n\t\t<\/div>\n\t\t\t\t<\/div>\n\t\t\t\t<\/div>\n\t\t\t\t<div class=\"elementor-element elementor-element-5565db5 elementor-widget elementor-widget-image\" data-id=\"5565db5\" data-element_type=\"widget\" data-widget_type=\"image.default\">\n\t\t\t\t<div class=\"elementor-widget-container\">\n\t\t\t\t\t\t\t\t<div class=\"elementor-image\">\n\t\t\t\t\t\t\t\t\t\t\t\t<img loading=\"lazy\" decoding=\"async\" width=\"525\" height=\"105\" src=\"https:\/\/loquedeverdadimporta.film\/LQDVI-BRA\/wp-content\/uploads\/2020\/04\/logo-aladina-18.png\" class=\"attachment-medium_large size-medium_large\" alt=\"\" srcset=\"https:\/\/loquedeverdadimporta.film\/LQDVI-BRA\/wp-content\/uploads\/2020\/04\/logo-aladina-18.png 600w, https:\/\/loquedeverdadimporta.film\/LQDVI-BRA\/wp-content\/uploads\/2020\/04\/logo-aladina-18-300x60.png 300w\" sizes=\"100vw\" \/>\t\t\t\t\t\t\t\t\t\t\t\t\t\t<\/div>\n\t\t\t\t\t\t<\/div>\n\t\t\t\t<\/div>\n\t\t\t\t<div class=\"elementor-element elementor-element-861d1fc elementor-widget elementor-widget-spacer\" data-id=\"861d1fc\" data-element_type=\"widget\" data-widget_type=\"spacer.default\">\n\t\t\t\t<div class=\"elementor-widget-container\">\n\t\t\t\t\t<div class=\"elementor-spacer\">\n\t\t\t<div class=\"elementor-spacer-inner\"><\/div>\n\t\t<\/div>\n\t\t\t\t<\/div>\n\t\t\t\t<\/div>\n\t\t\t\t\t\t<\/div>\n\t\t\t\t\t<\/div>\n\t\t<\/div>\n\t\t\t\t\t\t\t\t<\/div>\n\t\t\t\t\t<\/div>\n\t\t<\/section>\n\t\t\t\t<section class=\"elementor-section elementor-top-section elementor-element elementor-element-5ed51ee elementor-section-boxed elementor-section-height-default elementor-section-height-default\" data-id=\"5ed51ee\" data-element_type=\"section\">\n\t\t\t\t\t\t<div class=\"elementor-container elementor-column-gap-default\">\n\t\t\t\t\t\t\t<div class=\"elementor-row\">\n\t\t\t\t\t<div class=\"elementor-column elementor-col-100 elementor-top-column elementor-element elementor-element-e0dd4ca\" data-id=\"e0dd4ca\" data-element_type=\"column\">\n\t\t\t<div class=\"elementor-column-wrap elementor-element-populated\">\n\t\t\t\t\t\t\t<div class=\"elementor-widget-wrap\">\n\t\t\t\t\t\t<div class=\"elementor-element elementor-element-e60768b elementor-widget elementor-widget-text-editor\" data-id=\"e60768b\" data-element_type=\"widget\" data-widget_type=\"text-editor.default\">\n\t\t\t\t<div class=\"elementor-widget-container\">\n\t\t\t\t\t\t\t\t<div class=\"elementor-text-editor elementor-clearfix\">\n\t\t\t\t<p id=\"yui_3_17_2_1_1586199097359_571\">A\u00a0<a href=\"http:\/\/aladina.org\/\"><strong>Fundaci\u00f3n Aladina<\/strong><\/a>\u00a0nasceu em 2005, mas come\u00e7ou seu funcionamento quatro anos antes, quando Paco Arango pediu a um amigo que encontrasse um projeto no qual ele poderia\u00a0 \u201ccolocar a m\u00e3o na massa\u201d e doar seu tempo para devolver parte da sorte que teve na vida. Com essa ideia na cabe\u00e7a, chegou em uma quarta-feira \u00e0 tarde, no ano de 2001, ao Hospital Infantil\u00a0<em>\u201cNi\u00f1o Jes\u00fas\u201d<\/em>\u00a0de Madrid (Espanha) e ali ficou para sempre.<\/p><p>A Fundaci\u00f3n Aladina proporciona apoio integral, por meio de assist\u00eancia psicol\u00f3gica, material e emocional, \u00e0s crian\u00e7as e adolescentes com c\u00e2ncer e tamb\u00e9m \u00e0s suas fam\u00edlias. Para isso, conta com uma equipe de profissionais e volunt\u00e1rios que trabalham para deixar mais ameno o tempo que passam no hospital, ajudando a desconectar e esquecer por algumas horas a doen\u00e7a, e tamb\u00e9m auxiliando na compreens\u00e3o da sua nova situa\u00e7\u00e3o.<\/p><p>Atualmente a funda\u00e7\u00e3o colabora com 12 hospitais em toda Espanha, ajudando mais de 1.500 crian\u00e7as ao ano e contribuindo para melhorar as instala\u00e7\u00f5es hospitalares dos centros com os quais trabalha. Um \u00f3timo exemplo \u00e9 o centro de transplantes de medula\u00a0<em>\u201c<strong>MAKTUB<\/strong>\u201d<\/em>\u00a0(financiado e constru\u00eddo com a arrecada\u00e7\u00e3o do filme dirigido por Paco Arango, exibido no \u00a0M\u00e9xico com o t\u00edtulo \u00abCambio de Planes\u00bb. O centro \u00e9 um dos mais avan\u00e7adas do mundo onde j\u00e1 foram feitos mais de 200 transplantes. Tamb\u00e9m em 2016, a Aladina realizou seu projeto mais importante at\u00e9 o momento, a constru\u00e7\u00e3o da<strong>\u00a0UTI ALADINA,<\/strong>\u00a0que \u00e9 a mais nova Unidade de Tratamentos Intensivos do Hospital Infantil\u00a0<em>\u201cNi\u00f1o Jes\u00fas\u201d<\/em>\u00a0de Madri com um valor de investimentos superior aos 1, 5 milh\u00e3o de euros.<\/p><p>Aladina \u00e9 o maior patrocinador de Barrestown na Espanha, um dos acampamentos da rede de\u00a0<strong><em>\u201cSerious Fun Children\u2019s Network<\/em><\/strong><em>\u201d<\/em>\u00a0e que a cada ano proporciona que mais de 120 crian\u00e7as doentes participem desse acampamento. No ver\u00e3o de 2017, 18 crian\u00e7as doentes espanholas participaram tamb\u00e9m do Dynamo Camp (It\u00e1lia). Como padrinho de\u00a0<em>\u201c<strong>Serious Fun Children&#8217;s Network\u201d<\/strong><\/em>, Paco Arango destinou a arrecada\u00e7\u00e3o \u00edntegra do\u00a0<strong><em>\u201cLo que de Verdad Importa\u201d,<\/em><\/strong>\u00a0na Espanha, para apoiar essa rede de acampamentos.<\/p>\t\t\t\t\t<\/div>\n\t\t\t\t\t\t<\/div>\n\t\t\t\t<\/div>\n\t\t\t\t\t\t<\/div>\n\t\t\t\t\t<\/div>\n\t\t<\/div>\n\t\t\t\t\t\t\t\t<\/div>\n\t\t\t\t\t<\/div>\n\t\t<\/section>\n\t\t\t\t\t\t\t\t\t<\/div>\n\t\t\t<\/div>\n\t\t\t\t\t<\/div>\n\t\t","protected":false},"excerpt":{"rendered":"<p>A\u00a0Fundaci\u00f3n Aladina\u00a0nasceu em 2005, mas come\u00e7ou seu funcionamento quatro anos antes, quando Paco Arango pediu a um amigo que encontrasse um projeto no qual ele poderia\u00a0 \u201ccolocar a m\u00e3o na massa\u201d e doar seu tempo para devolver parte da sorte que teve na vida. Com essa ideia na cabe\u00e7a, chegou em uma quarta-feira \u00e0 tarde, &hellip; <\/p>\n<p class=\"link-more\"><a href=\"https:\/\/loquedeverdadimporta.film\/LQDVI-BRA\/fundacao-aladina-2\/\" class=\"more-link\">Continuar leyendo<span class=\"screen-reader-text\"> \u00abFunda\u00e7ao Aladina\u00bb<\/span><\/a><\/p>\n","protected":false},"author":1,"featured_media":0,"parent":0,"menu_order":0,"comment_status":"closed","ping_status":"closed","template":"elementor_header_footer","meta":{"footnotes":""},"_links":{"self":[{"href":"https:\/\/loquedeverdadimporta.film\/LQDVI-BRA\/wp-json\/wp\/v2\/pages\/136"}],"collection":[{"href":"https:\/\/loquedeverdadimporta.film\/LQDVI-BRA\/wp-json\/wp\/v2\/pages"}],"about":[{"href":"https:\/\/loquedeverdadimporta.film\/LQDVI-BRA\/wp-json\/wp\/v2\/types\/page"}],"author":[{"embeddable":true,"href":"https:\/\/loquedeverdadimporta.film\/LQDVI-BRA\/wp-json\/wp\/v2\/users\/1"}],"replies":[{"embeddable":true,"href":"https:\/\/loquedeverdadimporta.film\/LQDVI-BRA\/wp-json\/wp\/v2\/comments?post=136"}],"version-history":[{"count":3,"href":"https:\/\/loquedeverdadimporta.film\/LQDVI-BRA\/wp-json\/wp\/v2\/pages\/136\/revisions"}],"predecessor-version":[{"id":139,"href":"https:\/\/loquedeverdadimporta.film\/LQDVI-BRA\/wp-json\/wp\/v2\/pages\/136\/revisions\/139"}],"wp:attachment":[{"href":"https:\/\/loquedeverdadimporta.film\/LQDVI-BRA\/wp-json\/wp\/v2\/media?parent=136"}],"curies":[{"name":"wp","href":"https:\/\/api.w.org\/{rel}","templated":true}]}}