{"id":112,"date":"2020-04-06T18:40:41","date_gmt":"2020-04-06T18:40:41","guid":{"rendered":"https:\/\/loquedeverdadimporta.film\/LQDVI-BRA\/?page_id=112"},"modified":"2020-04-06T18:44:00","modified_gmt":"2020-04-06T18:44:00","slug":"michael-volpe","status":"publish","type":"page","link":"https:\/\/loquedeverdadimporta.film\/LQDVI-BRA\/michael-volpe\/","title":{"rendered":"Michael Volpe (Produtor)"},"content":{"rendered":"\t\t<div data-elementor-type=\"wp-page\" data-elementor-id=\"112\" class=\"elementor elementor-112\">\n\t\t\t\t\t\t<div class=\"elementor-inner\">\n\t\t\t\t<div class=\"elementor-section-wrap\">\n\t\t\t\t\t\t\t\t\t<section class=\"elementor-section elementor-top-section elementor-element elementor-element-8832859 elementor-section-boxed elementor-section-height-default elementor-section-height-default\" data-id=\"8832859\" data-element_type=\"section\">\n\t\t\t\t\t\t<div class=\"elementor-container elementor-column-gap-default\">\n\t\t\t\t\t\t\t<div class=\"elementor-row\">\n\t\t\t\t\t<div class=\"elementor-column elementor-col-100 elementor-top-column elementor-element elementor-element-7106721\" data-id=\"7106721\" data-element_type=\"column\">\n\t\t\t<div class=\"elementor-column-wrap elementor-element-populated\">\n\t\t\t\t\t\t\t<div class=\"elementor-widget-wrap\">\n\t\t\t\t\t\t<div class=\"elementor-element elementor-element-5565db5 elementor-widget elementor-widget-image\" data-id=\"5565db5\" data-element_type=\"widget\" data-widget_type=\"image.default\">\n\t\t\t\t<div class=\"elementor-widget-container\">\n\t\t\t\t\t\t\t\t<div class=\"elementor-image\">\n\t\t\t\t\t\t\t\t\t\t\t\t<img loading=\"lazy\" decoding=\"async\" width=\"525\" height=\"350\" src=\"https:\/\/loquedeverdadimporta.film\/LQDVI-BRA\/wp-content\/uploads\/2020\/04\/MikeVolpe-Producer-1024x683.jpg\" class=\"attachment-large size-large\" alt=\"\" srcset=\"https:\/\/loquedeverdadimporta.film\/LQDVI-BRA\/wp-content\/uploads\/2020\/04\/MikeVolpe-Producer-1024x683.jpg 1024w, https:\/\/loquedeverdadimporta.film\/LQDVI-BRA\/wp-content\/uploads\/2020\/04\/MikeVolpe-Producer-300x200.jpg 300w, https:\/\/loquedeverdadimporta.film\/LQDVI-BRA\/wp-content\/uploads\/2020\/04\/MikeVolpe-Producer-768x512.jpg 768w, https:\/\/loquedeverdadimporta.film\/LQDVI-BRA\/wp-content\/uploads\/2020\/04\/MikeVolpe-Producer.jpg 1500w\" sizes=\"100vw\" \/>\t\t\t\t\t\t\t\t\t\t\t\t\t\t<\/div>\n\t\t\t\t\t\t<\/div>\n\t\t\t\t<\/div>\n\t\t\t\t\t\t<\/div>\n\t\t\t\t\t<\/div>\n\t\t<\/div>\n\t\t\t\t\t\t\t\t<\/div>\n\t\t\t\t\t<\/div>\n\t\t<\/section>\n\t\t\t\t<section class=\"elementor-section elementor-top-section elementor-element elementor-element-5ed51ee elementor-section-boxed elementor-section-height-default elementor-section-height-default\" data-id=\"5ed51ee\" data-element_type=\"section\">\n\t\t\t\t\t\t<div class=\"elementor-container elementor-column-gap-default\">\n\t\t\t\t\t\t\t<div class=\"elementor-row\">\n\t\t\t\t\t<div class=\"elementor-column elementor-col-100 elementor-top-column elementor-element elementor-element-e0dd4ca\" data-id=\"e0dd4ca\" data-element_type=\"column\">\n\t\t\t<div class=\"elementor-column-wrap elementor-element-populated\">\n\t\t\t\t\t\t\t<div class=\"elementor-widget-wrap\">\n\t\t\t\t\t\t<div class=\"elementor-element elementor-element-e8ad4c4 elementor-widget elementor-widget-heading\" data-id=\"e8ad4c4\" data-element_type=\"widget\" data-widget_type=\"heading.default\">\n\t\t\t\t<div class=\"elementor-widget-container\">\n\t\t\t<h2 class=\"elementor-heading-title elementor-size-default\">MICHAEL VOLPE (PRODUTOR)<\/h2>\t\t<\/div>\n\t\t\t\t<\/div>\n\t\t\t\t<div class=\"elementor-element elementor-element-e60768b elementor-widget elementor-widget-text-editor\" data-id=\"e60768b\" data-element_type=\"widget\" data-widget_type=\"text-editor.default\">\n\t\t\t\t<div class=\"elementor-widget-container\">\n\t\t\t\t\t\t\t\t<div class=\"elementor-text-editor elementor-clearfix\">\n\t\t\t\t<p>Nascido e criado em Ont\u00e1rio, o atual Presidente da Topsail Productions \u00e9 o respons\u00e1vel por algumas das sitcom mais populares e premiadas do Canad\u00e1. Tamb\u00e9m produziu durante muitos anos, ao lado do realizador e produtor Mike Cluttenburg e do ator e produtor Barry Dunn, o bem-sucedido\u00a0<em>Trailer Park Boys<\/em>, uma s\u00e9rie filmada como um falso document\u00e1rio que narra as desventuras de dois ex-condenados que vivem juntos num parque de caravanas. Foi tamb\u00e9m respons\u00e1vel pela produ\u00e7\u00e3o das longas-metragens\u00a0<em>Afghan Luke<\/em>\u00a0(2011), um drama b\u00e9lico sobre um jornalista que volta ao Afeganist\u00e3o para investigar uma hist\u00f3ria e a com\u00e9dia\u00a0<em>Moving Day<\/em>\u00a0(2012). Al\u00e9m dos t\u00edtulos mencionados, Volpe assinou como produtor um conjunto de s\u00e9ries de diversos g\u00e9neros: o drama familiar e de costumes (<em>Black Harbour<\/em>), a com\u00e9dia pol\u00edtica (<em>Rideau Hall<\/em>) e o falso document\u00e1rio desportivo (<em>Canada Russia \u00b472<\/em>).<\/p>\t\t\t\t\t<\/div>\n\t\t\t\t\t\t<\/div>\n\t\t\t\t<\/div>\n\t\t\t\t\t\t<\/div>\n\t\t\t\t\t<\/div>\n\t\t<\/div>\n\t\t\t\t\t\t\t\t<\/div>\n\t\t\t\t\t<\/div>\n\t\t<\/section>\n\t\t\t\t\t\t\t\t\t<\/div>\n\t\t\t<\/div>\n\t\t\t\t\t<\/div>\n\t\t","protected":false},"excerpt":{"rendered":"<p>MICHAEL VOLPE (PRODUTOR) Nascido e criado em Ont\u00e1rio, o atual Presidente da Topsail Productions \u00e9 o respons\u00e1vel por algumas das sitcom mais populares e premiadas do Canad\u00e1. Tamb\u00e9m produziu durante muitos anos, ao lado do realizador e produtor Mike Cluttenburg e do ator e produtor Barry Dunn, o bem-sucedido\u00a0Trailer Park Boys, uma s\u00e9rie filmada como &hellip; <\/p>\n<p class=\"link-more\"><a href=\"https:\/\/loquedeverdadimporta.film\/LQDVI-BRA\/michael-volpe\/\" class=\"more-link\">Continuar leyendo<span class=\"screen-reader-text\"> \u00abMichael Volpe (Produtor)\u00bb<\/span><\/a><\/p>\n","protected":false},"author":1,"featured_media":0,"parent":0,"menu_order":0,"comment_status":"closed","ping_status":"closed","template":"elementor_header_footer","meta":{"footnotes":""},"_links":{"self":[{"href":"https:\/\/loquedeverdadimporta.film\/LQDVI-BRA\/wp-json\/wp\/v2\/pages\/112"}],"collection":[{"href":"https:\/\/loquedeverdadimporta.film\/LQDVI-BRA\/wp-json\/wp\/v2\/pages"}],"about":[{"href":"https:\/\/loquedeverdadimporta.film\/LQDVI-BRA\/wp-json\/wp\/v2\/types\/page"}],"author":[{"embeddable":true,"href":"https:\/\/loquedeverdadimporta.film\/LQDVI-BRA\/wp-json\/wp\/v2\/users\/1"}],"replies":[{"embeddable":true,"href":"https:\/\/loquedeverdadimporta.film\/LQDVI-BRA\/wp-json\/wp\/v2\/comments?post=112"}],"version-history":[{"count":3,"href":"https:\/\/loquedeverdadimporta.film\/LQDVI-BRA\/wp-json\/wp\/v2\/pages\/112\/revisions"}],"predecessor-version":[{"id":122,"href":"https:\/\/loquedeverdadimporta.film\/LQDVI-BRA\/wp-json\/wp\/v2\/pages\/112\/revisions\/122"}],"wp:attachment":[{"href":"https:\/\/loquedeverdadimporta.film\/LQDVI-BRA\/wp-json\/wp\/v2\/media?parent=112"}],"curies":[{"name":"wp","href":"https:\/\/api.w.org\/{rel}","templated":true}]}}