{"id":104,"date":"2020-04-06T18:39:11","date_gmt":"2020-04-06T18:39:11","guid":{"rendered":"https:\/\/loquedeverdadimporta.film\/LQDVI-BRA\/?page_id=104"},"modified":"2020-04-06T18:44:13","modified_gmt":"2020-04-06T18:44:13","slug":"enrique-posner","status":"publish","type":"page","link":"https:\/\/loquedeverdadimporta.film\/LQDVI-BRA\/enrique-posner\/","title":{"rendered":"Enrique Posner (Produtor)"},"content":{"rendered":"\t\t<div data-elementor-type=\"wp-page\" data-elementor-id=\"104\" class=\"elementor elementor-104\">\n\t\t\t\t\t\t<div class=\"elementor-inner\">\n\t\t\t\t<div class=\"elementor-section-wrap\">\n\t\t\t\t\t\t\t\t\t<section class=\"elementor-section elementor-top-section elementor-element elementor-element-8832859 elementor-section-boxed elementor-section-height-default elementor-section-height-default\" data-id=\"8832859\" data-element_type=\"section\">\n\t\t\t\t\t\t<div class=\"elementor-container elementor-column-gap-default\">\n\t\t\t\t\t\t\t<div class=\"elementor-row\">\n\t\t\t\t\t<div class=\"elementor-column elementor-col-100 elementor-top-column elementor-element elementor-element-7106721\" data-id=\"7106721\" data-element_type=\"column\">\n\t\t\t<div class=\"elementor-column-wrap elementor-element-populated\">\n\t\t\t\t\t\t\t<div class=\"elementor-widget-wrap\">\n\t\t\t\t\t\t<div class=\"elementor-element elementor-element-5565db5 elementor-widget elementor-widget-image\" data-id=\"5565db5\" data-element_type=\"widget\" data-widget_type=\"image.default\">\n\t\t\t\t<div class=\"elementor-widget-container\">\n\t\t\t\t\t\t\t\t<div class=\"elementor-image\">\n\t\t\t\t\t\t\t\t\t\t\t\t<img loading=\"lazy\" decoding=\"async\" width=\"525\" height=\"394\" src=\"https:\/\/loquedeverdadimporta.film\/LQDVI-BRA\/wp-content\/uploads\/2020\/04\/RickyPosner-Producer.jpg\" class=\"attachment-large size-large\" alt=\"\" srcset=\"https:\/\/loquedeverdadimporta.film\/LQDVI-BRA\/wp-content\/uploads\/2020\/04\/RickyPosner-Producer.jpg 1000w, https:\/\/loquedeverdadimporta.film\/LQDVI-BRA\/wp-content\/uploads\/2020\/04\/RickyPosner-Producer-300x225.jpg 300w, https:\/\/loquedeverdadimporta.film\/LQDVI-BRA\/wp-content\/uploads\/2020\/04\/RickyPosner-Producer-768x576.jpg 768w\" sizes=\"100vw\" \/>\t\t\t\t\t\t\t\t\t\t\t\t\t\t<\/div>\n\t\t\t\t\t\t<\/div>\n\t\t\t\t<\/div>\n\t\t\t\t\t\t<\/div>\n\t\t\t\t\t<\/div>\n\t\t<\/div>\n\t\t\t\t\t\t\t\t<\/div>\n\t\t\t\t\t<\/div>\n\t\t<\/section>\n\t\t\t\t<section class=\"elementor-section elementor-top-section elementor-element elementor-element-5ed51ee elementor-section-boxed elementor-section-height-default elementor-section-height-default\" data-id=\"5ed51ee\" data-element_type=\"section\">\n\t\t\t\t\t\t<div class=\"elementor-container elementor-column-gap-default\">\n\t\t\t\t\t\t\t<div class=\"elementor-row\">\n\t\t\t\t\t<div class=\"elementor-column elementor-col-100 elementor-top-column elementor-element elementor-element-e0dd4ca\" data-id=\"e0dd4ca\" data-element_type=\"column\">\n\t\t\t<div class=\"elementor-column-wrap elementor-element-populated\">\n\t\t\t\t\t\t\t<div class=\"elementor-widget-wrap\">\n\t\t\t\t\t\t<div class=\"elementor-element elementor-element-e8ad4c4 elementor-widget elementor-widget-heading\" data-id=\"e8ad4c4\" data-element_type=\"widget\" data-widget_type=\"heading.default\">\n\t\t\t\t<div class=\"elementor-widget-container\">\n\t\t\t<h2 class=\"elementor-heading-title elementor-size-default\">ENRIQUE POSNER (PRODUTOR)<\/h2>\t\t<\/div>\n\t\t\t\t<\/div>\n\t\t\t\t<div class=\"elementor-element elementor-element-e60768b elementor-widget elementor-widget-text-editor\" data-id=\"e60768b\" data-element_type=\"widget\" data-widget_type=\"text-editor.default\">\n\t\t\t\t<div class=\"elementor-widget-container\">\n\t\t\t\t\t\t\t\t<div class=\"elementor-text-editor elementor-clearfix\">\n\t\t\t\t<p>Pouco depois de concluir os seus estudos na Northwestern University, o colombiano Enrique Posner come\u00e7ou a trabalhar para a Cinevista, em Nova Iorque, a distribuidora norte-americana dos filmes de Pedro Almod\u00f3var. Ali conheceu o realizador espanhol com quem come\u00e7ou a colaborar, transformando-se numa pe\u00e7a-chave para o financiamento, distribui\u00e7\u00e3o, promo\u00e7\u00e3o e rela\u00e7\u00f5es p\u00fablicas dos seus filmes. Juntamente com Pedro e Agust\u00edn Almod\u00f3var, produziu\u00a0<em>Ata-me!<\/em>\u00a0(1989) e\u00a0<em>Saltos Altos<\/em>\u00a0(1991).<\/p><p>Em 1992, fundou a sua pr\u00f3pria empresa, Filmania, onde produziu\u00a0<em>Ca\u00eddos do C\u00e9u<\/em>\u00a0(1993), com Jean Rochefort e Marisa Paredes;\u00a0<em>A T\u00e1bua de Flandres<\/em>\u00a0(1994), adapta\u00e7\u00e3o do livro hom\u00f3nimo de Arturo P\u00e9rez Reverte protagonizada por Kate Beckinsale;\u00a0<em>Reflexos do Passado<\/em>\u00a0(1997), protagonizada por Christian Bale e Emily Watson e\u00a0<em>Uma Com\u00e9dia Sobre Sexo e Outras Partes Marotas<\/em>\u00a0(1998), uma com\u00e9dia com Peter Ustinov no elenco.<\/p><p>Em 2001, Posner come\u00e7ou a trabalhar como diretor-geral da Warner Bros. Pictures International em Espanha. A partir da\u00ed, foi respons\u00e1vel pelo lan\u00e7amento e distribui\u00e7\u00e3o em salas de mais de 130 filmes, entre os quais os tr\u00eas primeiros t\u00edtulos da Saga Harry Potter e as sequelas de Matrix. Tamb\u00e9m criou um departamento de produ\u00e7\u00e3o em Espanha e trabalhou como produtor nas superprodu\u00e7\u00f5es de Guillermo del Toro,\u00a0<em>O Labirinto do Fauno<\/em>\u00a0(2006) e de Milos Forman,\u00a0<em>Os Fantasmas de Goya<\/em>\u00a0(2006).<\/p>\t\t\t\t\t<\/div>\n\t\t\t\t\t\t<\/div>\n\t\t\t\t<\/div>\n\t\t\t\t\t\t<\/div>\n\t\t\t\t\t<\/div>\n\t\t<\/div>\n\t\t\t\t\t\t\t\t<\/div>\n\t\t\t\t\t<\/div>\n\t\t<\/section>\n\t\t\t\t\t\t\t\t\t<\/div>\n\t\t\t<\/div>\n\t\t\t\t\t<\/div>\n\t\t","protected":false},"excerpt":{"rendered":"<p>ENRIQUE POSNER (PRODUTOR) Pouco depois de concluir os seus estudos na Northwestern University, o colombiano Enrique Posner come\u00e7ou a trabalhar para a Cinevista, em Nova Iorque, a distribuidora norte-americana dos filmes de Pedro Almod\u00f3var. Ali conheceu o realizador espanhol com quem come\u00e7ou a colaborar, transformando-se numa pe\u00e7a-chave para o financiamento, distribui\u00e7\u00e3o, promo\u00e7\u00e3o e rela\u00e7\u00f5es p\u00fablicas &hellip; <\/p>\n<p class=\"link-more\"><a href=\"https:\/\/loquedeverdadimporta.film\/LQDVI-BRA\/enrique-posner\/\" class=\"more-link\">Continuar leyendo<span class=\"screen-reader-text\"> \u00abEnrique Posner (Produtor)\u00bb<\/span><\/a><\/p>\n","protected":false},"author":1,"featured_media":0,"parent":0,"menu_order":0,"comment_status":"closed","ping_status":"closed","template":"elementor_header_footer","meta":{"footnotes":""},"_links":{"self":[{"href":"https:\/\/loquedeverdadimporta.film\/LQDVI-BRA\/wp-json\/wp\/v2\/pages\/104"}],"collection":[{"href":"https:\/\/loquedeverdadimporta.film\/LQDVI-BRA\/wp-json\/wp\/v2\/pages"}],"about":[{"href":"https:\/\/loquedeverdadimporta.film\/LQDVI-BRA\/wp-json\/wp\/v2\/types\/page"}],"author":[{"embeddable":true,"href":"https:\/\/loquedeverdadimporta.film\/LQDVI-BRA\/wp-json\/wp\/v2\/users\/1"}],"replies":[{"embeddable":true,"href":"https:\/\/loquedeverdadimporta.film\/LQDVI-BRA\/wp-json\/wp\/v2\/comments?post=104"}],"version-history":[{"count":4,"href":"https:\/\/loquedeverdadimporta.film\/LQDVI-BRA\/wp-json\/wp\/v2\/pages\/104\/revisions"}],"predecessor-version":[{"id":123,"href":"https:\/\/loquedeverdadimporta.film\/LQDVI-BRA\/wp-json\/wp\/v2\/pages\/104\/revisions\/123"}],"wp:attachment":[{"href":"https:\/\/loquedeverdadimporta.film\/LQDVI-BRA\/wp-json\/wp\/v2\/media?parent=104"}],"curies":[{"name":"wp","href":"https:\/\/api.w.org\/{rel}","templated":true}]}}